{"id":21110,"date":"2025-02-21T12:18:27","date_gmt":"2025-02-21T12:18:27","guid":{"rendered":"https:\/\/resmak.com\/delivery-and-return-terms\/"},"modified":"2025-05-02T21:41:15","modified_gmt":"2025-05-02T21:41:15","slug":"delivery-and-return-terms","status":"publish","type":"page","link":"https:\/\/resmak.com\/en\/delivery-and-return-terms\/","title":{"rendered":"Delivery and Return Terms"},"content":{"rendered":"\t\t<div data-elementor-type=\"wp-page\" data-elementor-id=\"21110\" class=\"elementor elementor-21110 elementor-16375\">\n\t\t\t\t<div class=\"wd-negative-gap elementor-element elementor-element-243c280 e-flex e-con-boxed e-con e-parent\" data-id=\"243c280\" data-element_type=\"container\">\n\t\t\t\t\t<div class=\"e-con-inner\">\n\t\t\t\t<div class=\"elementor-element elementor-element-8af75e6 color-scheme-inherit text-left elementor-widget elementor-widget-text-editor\" data-id=\"8af75e6\" data-element_type=\"widget\" data-widget_type=\"text-editor.default\">\n\t\t\t\t<div class=\"elementor-widget-container\">\n\t\t\t\t\t\t\t\t\t<p><\/p><h2 class=\"wp-block-heading\">Resmak Delivery and Return Terms<\/h2><p><\/p><p><\/p><p><strong>Delivery Terms:<\/strong><\/p><p><\/p><ul class=\"wp-block-list\"><li>The products <strong>will be shipped within 7 business days<\/strong> after the order is confirmed. However, the delivery time may vary depending on the working schedule and logistics processes of the cargo company. For this reason, the exact delivery date cannot be guaranteed.  <\/li><li>Delivery will be made to <strong>the address specified by the recipient<\/strong>. It is important that the address is correct and complete in order for the delivery to take place on time. Address changes may affect the delivery process.  <\/li><li><strong>Delivery costs<\/strong> shall be borne by the buyer. Payment for the delivery costs will be made with the courier or freight forwarder upon confirmation of the order. <\/li><li>The mode of delivery can be <strong>cargo, freight, warehouse or hand delivery<\/strong>. The mode of delivery will depend on the recipient&#8217;s preferences and the shipping region. Deliveries made by the cargo company may result in any variation in the delivery time and timed delivery guarantee.  <\/li><\/ul><p><\/p><p><strong>Return Terms:<\/strong><\/p><p><\/p><ul class=\"wp-block-list\"><li>The products requested for return <strong>must be unused and unopened<\/strong>. Delivery of the product in its original packaging, without any damage, is mandatory for the return process. <\/li><li>Return requests must be made <strong>within 14 days<\/strong> from the date of delivery of the product. Returns not requested within this period will not be accepted. <\/li><li>The buyer requesting a return will cover <strong>the shipping costs<\/strong>. During the return process, the shipping costs for sending the product back will be paid by the buyer. <\/li><li><strong>Return procedure<\/strong>: Along with the returned product, documents such as the warranty certificate, invoice and payment receipt must be sent. These documents are mandatory for the correct return of the product and for the completion of the transaction process. <\/li><\/ul><p><\/p><p><\/p>\t\t\t\t\t\t\t\t<\/div>\n\t\t\t\t<\/div>\n\t\t\t\t\t<\/div>\n\t\t\t\t<\/div>\n\t\t\t\t<\/div>\n\t\t","protected":false},"excerpt":{"rendered":"<p>Resmak Delivery and Return Terms Delivery Terms: The products will be shipped within 7 business days after the order is<\/p>\n","protected":false},"author":1,"featured_media":0,"parent":0,"menu_order":0,"comment_status":"closed","ping_status":"closed","template":"","meta":{"footnotes":""},"class_list":["post-21110","page","type-page","status-publish","hentry"],"yoast_head":"<!-- This site is optimized with the Yoast SEO Premium plugin v26.8 (Yoast SEO v26.8) - https:\/\/yoast.com\/product\/yoast-seo-premium-wordpress\/ -->\n<title>Delivery and Return Terms<\/title>\n<meta name=\"robots\" content=\"index, follow, max-snippet:-1, max-image-preview:large, max-video-preview:-1\" \/>\n<link rel=\"canonical\" href=\"https:\/\/resmak.com\/en\/delivery-and-return-terms\/\" \/>\n<meta property=\"og:locale\" content=\"en_US\" \/>\n<meta property=\"og:type\" content=\"article\" \/>\n<meta property=\"og:title\" content=\"Delivery and Return Terms\" \/>\n<meta property=\"og:description\" content=\"Resmak Delivery and Return Terms Delivery Terms: The products will be shipped within 7 business days after the order is\" \/>\n<meta property=\"og:url\" content=\"https:\/\/resmak.com\/en\/delivery-and-return-terms\/\" \/>\n<meta property=\"og:site_name\" content=\"Resmak Tar\u0131m ve G\u0131da Makineleri\" \/>\n<meta property=\"article:publisher\" content=\"https:\/\/www.facebook.com\/resmakco\" \/>\n<meta property=\"article:modified_time\" content=\"2025-05-02T21:41:15+00:00\" \/>\n<meta name=\"twitter:card\" content=\"summary_large_image\" \/>\n<meta name=\"twitter:site\" content=\"@resmakco\" \/>\n<meta name=\"twitter:label1\" content=\"Est. reading time\" \/>\n\t<meta name=\"twitter:data1\" content=\"1 minute\" \/>\n<script type=\"application\/ld+json\" class=\"yoast-schema-graph\">{\"@context\":\"https:\/\/schema.org\",\"@graph\":[{\"@type\":\"WebPage\",\"@id\":\"https:\/\/resmak.com\/en\/delivery-and-return-terms\/\",\"url\":\"https:\/\/resmak.com\/en\/delivery-and-return-terms\/\",\"name\":\"Delivery and Return Terms\",\"isPartOf\":{\"@id\":\"https:\/\/resmak.com\/en\/#website\"},\"datePublished\":\"2025-02-21T12:18:27+00:00\",\"dateModified\":\"2025-05-02T21:41:15+00:00\",\"breadcrumb\":{\"@id\":\"https:\/\/resmak.com\/en\/delivery-and-return-terms\/#breadcrumb\"},\"inLanguage\":\"en-US\",\"potentialAction\":[{\"@type\":\"ReadAction\",\"target\":[\"https:\/\/resmak.com\/en\/delivery-and-return-terms\/\"]}]},{\"@type\":\"BreadcrumbList\",\"@id\":\"https:\/\/resmak.com\/en\/delivery-and-return-terms\/#breadcrumb\",\"itemListElement\":[{\"@type\":\"ListItem\",\"position\":1,\"name\":\"Anasayfa\",\"item\":\"https:\/\/resmak.com\/en\/\"},{\"@type\":\"ListItem\",\"position\":2,\"name\":\"Delivery and Return Terms\"}]},{\"@type\":\"WebSite\",\"@id\":\"https:\/\/resmak.com\/en\/#website\",\"url\":\"https:\/\/resmak.com\/en\/\",\"name\":\"Resmak Tar\u0131m ve G\u0131da Makineleri\",\"description\":\"\",\"publisher\":{\"@id\":\"https:\/\/resmak.com\/en\/#organization\"},\"alternateName\":\"Resmak\",\"potentialAction\":[{\"@type\":\"SearchAction\",\"target\":{\"@type\":\"EntryPoint\",\"urlTemplate\":\"https:\/\/resmak.com\/en\/?s={search_term_string}\"},\"query-input\":{\"@type\":\"PropertyValueSpecification\",\"valueRequired\":true,\"valueName\":\"search_term_string\"}}],\"inLanguage\":\"en-US\"},{\"@type\":\"Organization\",\"@id\":\"https:\/\/resmak.com\/en\/#organization\",\"name\":\"Resmak Tar\u0131m ve G\u0131da Makineleri\",\"alternateName\":\"Resmak G\u0131da Makineleri\",\"url\":\"https:\/\/resmak.com\/en\/\",\"logo\":{\"@type\":\"ImageObject\",\"inLanguage\":\"en-US\",\"@id\":\"https:\/\/resmak.com\/en\/#\/schema\/logo\/image\/\",\"url\":\"https:\/\/resmak.com\/wp-content\/uploads\/2025\/02\/resmak-logo-3.jpg\",\"contentUrl\":\"https:\/\/resmak.com\/wp-content\/uploads\/2025\/02\/resmak-logo-3.jpg\",\"width\":696,\"height\":696,\"caption\":\"Resmak Tar\u0131m ve G\u0131da Makineleri\"},\"image\":{\"@id\":\"https:\/\/resmak.com\/en\/#\/schema\/logo\/image\/\"},\"sameAs\":[\"https:\/\/www.facebook.com\/resmakco\",\"https:\/\/x.com\/resmakco\",\"https:\/\/www.instagram.com\/resmakco\/\",\"https:\/\/www.youtube.com\/@Resmakco\"],\"description\":\"Tar\u0131m ve g\u0131da i\u015fleme sekt\u00f6r\u00fcne yenilik\u00e7i, dayan\u0131kl\u0131 ve verimli makineler kazand\u0131ran Resmak, g\u00fc\u00e7l\u00fc m\u00fchendislik altyap\u0131s\u0131 ve m\u00fc\u015fteri odakl\u0131 yakla\u015f\u0131m\u0131yla sekt\u00f6rde fark yaratmaktad\u0131r. Kalite, g\u00fcvenilirlik ve m\u00fc\u015fteri memnuniyeti ilkelerini temel alarak, kullan\u0131c\u0131lar\u0131n ihtiya\u00e7lar\u0131na en uygun \u00e7\u00f6z\u00fcmleri sunuyoruz.\",\"email\":\"info@resmak.com\",\"telephone\":\"+905451202496\",\"legalName\":\"Resmak Tar\u0131m ve G\u0131da Makineleri San. Tic. Ltd. \u015eti.\",\"taxID\":\"7342825092\"}]}<\/script>\n<!-- \/ Yoast SEO Premium plugin. -->","yoast_head_json":{"title":"Delivery and Return Terms","robots":{"index":"index","follow":"follow","max-snippet":"max-snippet:-1","max-image-preview":"max-image-preview:large","max-video-preview":"max-video-preview:-1"},"canonical":"https:\/\/resmak.com\/en\/delivery-and-return-terms\/","og_locale":"en_US","og_type":"article","og_title":"Delivery and Return Terms","og_description":"Resmak Delivery and Return Terms Delivery Terms: The products will be shipped within 7 business days after the order is","og_url":"https:\/\/resmak.com\/en\/delivery-and-return-terms\/","og_site_name":"Resmak Tar\u0131m ve G\u0131da Makineleri","article_publisher":"https:\/\/www.facebook.com\/resmakco","article_modified_time":"2025-05-02T21:41:15+00:00","twitter_card":"summary_large_image","twitter_site":"@resmakco","twitter_misc":{"Est. reading time":"1 minute"},"schema":{"@context":"https:\/\/schema.org","@graph":[{"@type":"WebPage","@id":"https:\/\/resmak.com\/en\/delivery-and-return-terms\/","url":"https:\/\/resmak.com\/en\/delivery-and-return-terms\/","name":"Delivery and Return Terms","isPartOf":{"@id":"https:\/\/resmak.com\/en\/#website"},"datePublished":"2025-02-21T12:18:27+00:00","dateModified":"2025-05-02T21:41:15+00:00","breadcrumb":{"@id":"https:\/\/resmak.com\/en\/delivery-and-return-terms\/#breadcrumb"},"inLanguage":"en-US","potentialAction":[{"@type":"ReadAction","target":["https:\/\/resmak.com\/en\/delivery-and-return-terms\/"]}]},{"@type":"BreadcrumbList","@id":"https:\/\/resmak.com\/en\/delivery-and-return-terms\/#breadcrumb","itemListElement":[{"@type":"ListItem","position":1,"name":"Anasayfa","item":"https:\/\/resmak.com\/en\/"},{"@type":"ListItem","position":2,"name":"Delivery and Return Terms"}]},{"@type":"WebSite","@id":"https:\/\/resmak.com\/en\/#website","url":"https:\/\/resmak.com\/en\/","name":"Resmak Tar\u0131m ve G\u0131da Makineleri","description":"","publisher":{"@id":"https:\/\/resmak.com\/en\/#organization"},"alternateName":"Resmak","potentialAction":[{"@type":"SearchAction","target":{"@type":"EntryPoint","urlTemplate":"https:\/\/resmak.com\/en\/?s={search_term_string}"},"query-input":{"@type":"PropertyValueSpecification","valueRequired":true,"valueName":"search_term_string"}}],"inLanguage":"en-US"},{"@type":"Organization","@id":"https:\/\/resmak.com\/en\/#organization","name":"Resmak Tar\u0131m ve G\u0131da Makineleri","alternateName":"Resmak G\u0131da Makineleri","url":"https:\/\/resmak.com\/en\/","logo":{"@type":"ImageObject","inLanguage":"en-US","@id":"https:\/\/resmak.com\/en\/#\/schema\/logo\/image\/","url":"https:\/\/resmak.com\/wp-content\/uploads\/2025\/02\/resmak-logo-3.jpg","contentUrl":"https:\/\/resmak.com\/wp-content\/uploads\/2025\/02\/resmak-logo-3.jpg","width":696,"height":696,"caption":"Resmak Tar\u0131m ve G\u0131da Makineleri"},"image":{"@id":"https:\/\/resmak.com\/en\/#\/schema\/logo\/image\/"},"sameAs":["https:\/\/www.facebook.com\/resmakco","https:\/\/x.com\/resmakco","https:\/\/www.instagram.com\/resmakco\/","https:\/\/www.youtube.com\/@Resmakco"],"description":"Tar\u0131m ve g\u0131da i\u015fleme sekt\u00f6r\u00fcne yenilik\u00e7i, dayan\u0131kl\u0131 ve verimli makineler kazand\u0131ran Resmak, g\u00fc\u00e7l\u00fc m\u00fchendislik altyap\u0131s\u0131 ve m\u00fc\u015fteri odakl\u0131 yakla\u015f\u0131m\u0131yla sekt\u00f6rde fark yaratmaktad\u0131r. Kalite, g\u00fcvenilirlik ve m\u00fc\u015fteri memnuniyeti ilkelerini temel alarak, kullan\u0131c\u0131lar\u0131n ihtiya\u00e7lar\u0131na en uygun \u00e7\u00f6z\u00fcmleri sunuyoruz.","email":"info@resmak.com","telephone":"+905451202496","legalName":"Resmak Tar\u0131m ve G\u0131da Makineleri San. Tic. Ltd. \u015eti.","taxID":"7342825092"}]}},"_links":{"self":[{"href":"https:\/\/resmak.com\/en\/wp-json\/wp\/v2\/pages\/21110","targetHints":{"allow":["GET"]}}],"collection":[{"href":"https:\/\/resmak.com\/en\/wp-json\/wp\/v2\/pages"}],"about":[{"href":"https:\/\/resmak.com\/en\/wp-json\/wp\/v2\/types\/page"}],"author":[{"embeddable":true,"href":"https:\/\/resmak.com\/en\/wp-json\/wp\/v2\/users\/1"}],"replies":[{"embeddable":true,"href":"https:\/\/resmak.com\/en\/wp-json\/wp\/v2\/comments?post=21110"}],"version-history":[{"count":9,"href":"https:\/\/resmak.com\/en\/wp-json\/wp\/v2\/pages\/21110\/revisions"}],"predecessor-version":[{"id":31245,"href":"https:\/\/resmak.com\/en\/wp-json\/wp\/v2\/pages\/21110\/revisions\/31245"}],"wp:attachment":[{"href":"https:\/\/resmak.com\/en\/wp-json\/wp\/v2\/media?parent=21110"}],"curies":[{"name":"wp","href":"https:\/\/api.w.org\/{rel}","templated":true}]}}