{"id":21169,"date":"2025-02-21T12:23:34","date_gmt":"2025-02-21T12:23:34","guid":{"rendered":"https:\/\/resmak.com\/distance-sales-contract\/"},"modified":"2025-05-02T21:58:53","modified_gmt":"2025-05-02T21:58:53","slug":"distance-sales-contract","status":"publish","type":"page","link":"https:\/\/resmak.com\/en\/distance-sales-contract\/","title":{"rendered":"Distance Sales Contract"},"content":{"rendered":"\t\t<div data-elementor-type=\"wp-page\" data-elementor-id=\"21169\" class=\"elementor elementor-21169 elementor-16384\">\n\t\t\t\t<div class=\"wd-negative-gap elementor-element elementor-element-87907db e-flex e-con-boxed e-con e-parent\" data-id=\"87907db\" data-element_type=\"container\">\n\t\t\t\t\t<div class=\"e-con-inner\">\n\t\t\t\t<div class=\"elementor-element elementor-element-5106126 color-scheme-inherit text-left elementor-widget elementor-widget-text-editor\" data-id=\"5106126\" data-element_type=\"widget\" data-widget_type=\"text-editor.default\">\n\t\t\t\t<div class=\"elementor-widget-container\">\n\t\t\t\t\t\t\t\t\t<h2 class=\"wp-block-heading\">Resmak Distant Sales Contract<\/h2><p><b>1. PARTIES<\/b><br>This Distance Sales Agreement (&#8220;Agreement&#8221;) has been established electronically between the parties whose information is given below.<\/p><p><b>Seller<\/b><br><b>Title<\/b> Resmak Agricultural Machinery San. Tic Ltd. Sti.  <br><b>Address<\/b> Balkan Mh. Ayd\u0131nlar Sk. No:14\/2 16240 Nil\u00fcfer &#8211; Bursa  <br><b>Telephone:<\/b> +90 545 120 24 96<br><b>E-mail:<\/b> info@resmak.com<\/p><p><b>Buyer:<\/b><br>(Name, surname\/title and contact information of the consumer will be obtained during the order.)<\/p><p><b>2. SUBJECT OF THE CONTRACT<\/b><br>This contract determines the rights and obligations of the parties regarding the sale and delivery of the product \/ service ordered electronically by the Buyer through the [Website Name] of the Seller within the scope of the Law No. 6502 on Consumer Protection and the Distance Contracts Regulation.<\/p><p><b>3. PRODUCT \/ SERVICE INFORMATION<\/b><br>The type, quantity, brand \/ model, color, sales price including taxes and payment information of the product or service purchased by the Buyer are as specified during the order.<\/p><p><b>4. PRICING AND PAYMENT TERMS<\/b><br>The price of the product \/ service is stated on the website and payment can be made by credit card, money order \/ EFT or other specified payment methods. The product\/service will not be shipped before the payment is completed. <\/p><p><b>5. DELIVERY TERMS<\/b><\/p><ul><li>Delivery shall be made to the address specified by the Buyer at the time of order.<\/li><li>Delivery time shall not exceed 30 days unless otherwise specified.<\/li><li>The product will be delivered to the Buyer via the cargo company and the delivery time depends on the working conditions of the cargo company.<\/li><\/ul><p><b>6. RIGHT OF WITHDRAWAL<\/b><\/p><ul><li>The buyer has the right to withdraw from the contract within 14 days without any justification and without penalty.<\/li><li>In order to exercise the right of withdrawal, the Buyer must notify the Seller in writing.<\/li><li>The product must not be used and must be returned in its original packaging before the right of withdrawal expires.<\/li><li>The price of the products returned within the scope of the right of withdrawal shall be returned to the Buyer within 14 days from the receipt of the withdrawal notification.<\/li><\/ul><p><b>7. WARRANTY AND RETURN CONDITIONS<\/b><\/p><ul><li>Products are guaranteed for 2 years from the date of delivery.<\/li><li>If a manufacturing defect is detected in the Product, the Buyer may request an exchange or refund.<\/li><\/ul><p><b>8. DISPUTE RESOLUTION<\/b><br>Any disputes that may arise between the parties will be tried to be resolved primarily through negotiation. In the event that a solution cannot be reached, the Consumer Arbitration Committees and Consumer Courts in the Buyer&#8217;s settlement are authorized. <\/p><p><b>9. EFFECTIVENESS<\/b><br>The Buyer is deemed to have accepted all the terms of this contract from the moment he\/she places an order.<\/p><p><b>Seller:<\/b><br>Resmak Agricultural Machinery San. Tic Ltd. Sti.  <br><b>Recipient:<\/b><br>(to be confirmed by the consumer at the time of order)<\/p>\t\t\t\t\t\t\t\t<\/div>\n\t\t\t\t<\/div>\n\t\t\t\t\t<\/div>\n\t\t\t\t<\/div>\n\t\t\t\t<\/div>\n\t\t","protected":false},"excerpt":{"rendered":"<p>Resmak Distant Sales Contract 1. PARTIESThis Distance Sales Agreement (&#8220;Agreement&#8221;) has been established electronically between the parties whose information is<\/p>\n","protected":false},"author":1,"featured_media":0,"parent":0,"menu_order":0,"comment_status":"closed","ping_status":"closed","template":"","meta":{"footnotes":""},"class_list":["post-21169","page","type-page","status-publish","hentry"],"yoast_head":"<!-- This site is optimized with the Yoast SEO Premium plugin v26.8 (Yoast SEO v26.8) - https:\/\/yoast.com\/product\/yoast-seo-premium-wordpress\/ -->\n<title>Distance Sales Contract<\/title>\n<meta name=\"robots\" content=\"index, follow, max-snippet:-1, max-image-preview:large, max-video-preview:-1\" \/>\n<link rel=\"canonical\" href=\"https:\/\/resmak.com\/en\/distance-sales-contract\/\" \/>\n<meta property=\"og:locale\" content=\"en_US\" \/>\n<meta property=\"og:type\" content=\"article\" \/>\n<meta property=\"og:title\" content=\"Distance Sales Contract\" \/>\n<meta property=\"og:description\" content=\"Resmak Distant Sales Contract 1. PARTIESThis Distance Sales Agreement (&#8220;Agreement&#8221;) has been established electronically between the parties whose information is\" \/>\n<meta property=\"og:url\" content=\"https:\/\/resmak.com\/en\/distance-sales-contract\/\" \/>\n<meta property=\"og:site_name\" content=\"Resmak Tar\u0131m ve G\u0131da Makineleri\" \/>\n<meta property=\"article:publisher\" content=\"https:\/\/www.facebook.com\/resmakco\" \/>\n<meta property=\"article:modified_time\" content=\"2025-05-02T21:58:53+00:00\" \/>\n<meta name=\"twitter:card\" content=\"summary_large_image\" \/>\n<meta name=\"twitter:site\" content=\"@resmakco\" \/>\n<meta name=\"twitter:label1\" content=\"Est. reading time\" \/>\n\t<meta name=\"twitter:data1\" content=\"2 minutes\" \/>\n<script type=\"application\/ld+json\" class=\"yoast-schema-graph\">{\"@context\":\"https:\/\/schema.org\",\"@graph\":[{\"@type\":\"WebPage\",\"@id\":\"https:\/\/resmak.com\/en\/distance-sales-contract\/\",\"url\":\"https:\/\/resmak.com\/en\/distance-sales-contract\/\",\"name\":\"Distance Sales Contract\",\"isPartOf\":{\"@id\":\"https:\/\/resmak.com\/en\/#website\"},\"datePublished\":\"2025-02-21T12:23:34+00:00\",\"dateModified\":\"2025-05-02T21:58:53+00:00\",\"breadcrumb\":{\"@id\":\"https:\/\/resmak.com\/en\/distance-sales-contract\/#breadcrumb\"},\"inLanguage\":\"en-US\",\"potentialAction\":[{\"@type\":\"ReadAction\",\"target\":[\"https:\/\/resmak.com\/en\/distance-sales-contract\/\"]}]},{\"@type\":\"BreadcrumbList\",\"@id\":\"https:\/\/resmak.com\/en\/distance-sales-contract\/#breadcrumb\",\"itemListElement\":[{\"@type\":\"ListItem\",\"position\":1,\"name\":\"Anasayfa\",\"item\":\"https:\/\/resmak.com\/en\/\"},{\"@type\":\"ListItem\",\"position\":2,\"name\":\"Distance Sales Contract\"}]},{\"@type\":\"WebSite\",\"@id\":\"https:\/\/resmak.com\/en\/#website\",\"url\":\"https:\/\/resmak.com\/en\/\",\"name\":\"Resmak Tar\u0131m ve G\u0131da Makineleri\",\"description\":\"\",\"publisher\":{\"@id\":\"https:\/\/resmak.com\/en\/#organization\"},\"alternateName\":\"Resmak\",\"potentialAction\":[{\"@type\":\"SearchAction\",\"target\":{\"@type\":\"EntryPoint\",\"urlTemplate\":\"https:\/\/resmak.com\/en\/?s={search_term_string}\"},\"query-input\":{\"@type\":\"PropertyValueSpecification\",\"valueRequired\":true,\"valueName\":\"search_term_string\"}}],\"inLanguage\":\"en-US\"},{\"@type\":\"Organization\",\"@id\":\"https:\/\/resmak.com\/en\/#organization\",\"name\":\"Resmak Tar\u0131m ve G\u0131da Makineleri\",\"alternateName\":\"Resmak G\u0131da Makineleri\",\"url\":\"https:\/\/resmak.com\/en\/\",\"logo\":{\"@type\":\"ImageObject\",\"inLanguage\":\"en-US\",\"@id\":\"https:\/\/resmak.com\/en\/#\/schema\/logo\/image\/\",\"url\":\"https:\/\/resmak.com\/wp-content\/uploads\/2025\/02\/resmak-logo-3.jpg\",\"contentUrl\":\"https:\/\/resmak.com\/wp-content\/uploads\/2025\/02\/resmak-logo-3.jpg\",\"width\":696,\"height\":696,\"caption\":\"Resmak Tar\u0131m ve G\u0131da Makineleri\"},\"image\":{\"@id\":\"https:\/\/resmak.com\/en\/#\/schema\/logo\/image\/\"},\"sameAs\":[\"https:\/\/www.facebook.com\/resmakco\",\"https:\/\/x.com\/resmakco\",\"https:\/\/www.instagram.com\/resmakco\/\",\"https:\/\/www.youtube.com\/@Resmakco\"],\"description\":\"Tar\u0131m ve g\u0131da i\u015fleme sekt\u00f6r\u00fcne yenilik\u00e7i, dayan\u0131kl\u0131 ve verimli makineler kazand\u0131ran Resmak, g\u00fc\u00e7l\u00fc m\u00fchendislik altyap\u0131s\u0131 ve m\u00fc\u015fteri odakl\u0131 yakla\u015f\u0131m\u0131yla sekt\u00f6rde fark yaratmaktad\u0131r. Kalite, g\u00fcvenilirlik ve m\u00fc\u015fteri memnuniyeti ilkelerini temel alarak, kullan\u0131c\u0131lar\u0131n ihtiya\u00e7lar\u0131na en uygun \u00e7\u00f6z\u00fcmleri sunuyoruz.\",\"email\":\"info@resmak.com\",\"telephone\":\"+905451202496\",\"legalName\":\"Resmak Tar\u0131m ve G\u0131da Makineleri San. Tic. Ltd. \u015eti.\",\"taxID\":\"7342825092\"}]}<\/script>\n<!-- \/ Yoast SEO Premium plugin. -->","yoast_head_json":{"title":"Distance Sales Contract","robots":{"index":"index","follow":"follow","max-snippet":"max-snippet:-1","max-image-preview":"max-image-preview:large","max-video-preview":"max-video-preview:-1"},"canonical":"https:\/\/resmak.com\/en\/distance-sales-contract\/","og_locale":"en_US","og_type":"article","og_title":"Distance Sales Contract","og_description":"Resmak Distant Sales Contract 1. PARTIESThis Distance Sales Agreement (&#8220;Agreement&#8221;) has been established electronically between the parties whose information is","og_url":"https:\/\/resmak.com\/en\/distance-sales-contract\/","og_site_name":"Resmak Tar\u0131m ve G\u0131da Makineleri","article_publisher":"https:\/\/www.facebook.com\/resmakco","article_modified_time":"2025-05-02T21:58:53+00:00","twitter_card":"summary_large_image","twitter_site":"@resmakco","twitter_misc":{"Est. reading time":"2 minutes"},"schema":{"@context":"https:\/\/schema.org","@graph":[{"@type":"WebPage","@id":"https:\/\/resmak.com\/en\/distance-sales-contract\/","url":"https:\/\/resmak.com\/en\/distance-sales-contract\/","name":"Distance Sales Contract","isPartOf":{"@id":"https:\/\/resmak.com\/en\/#website"},"datePublished":"2025-02-21T12:23:34+00:00","dateModified":"2025-05-02T21:58:53+00:00","breadcrumb":{"@id":"https:\/\/resmak.com\/en\/distance-sales-contract\/#breadcrumb"},"inLanguage":"en-US","potentialAction":[{"@type":"ReadAction","target":["https:\/\/resmak.com\/en\/distance-sales-contract\/"]}]},{"@type":"BreadcrumbList","@id":"https:\/\/resmak.com\/en\/distance-sales-contract\/#breadcrumb","itemListElement":[{"@type":"ListItem","position":1,"name":"Anasayfa","item":"https:\/\/resmak.com\/en\/"},{"@type":"ListItem","position":2,"name":"Distance Sales Contract"}]},{"@type":"WebSite","@id":"https:\/\/resmak.com\/en\/#website","url":"https:\/\/resmak.com\/en\/","name":"Resmak Tar\u0131m ve G\u0131da Makineleri","description":"","publisher":{"@id":"https:\/\/resmak.com\/en\/#organization"},"alternateName":"Resmak","potentialAction":[{"@type":"SearchAction","target":{"@type":"EntryPoint","urlTemplate":"https:\/\/resmak.com\/en\/?s={search_term_string}"},"query-input":{"@type":"PropertyValueSpecification","valueRequired":true,"valueName":"search_term_string"}}],"inLanguage":"en-US"},{"@type":"Organization","@id":"https:\/\/resmak.com\/en\/#organization","name":"Resmak Tar\u0131m ve G\u0131da Makineleri","alternateName":"Resmak G\u0131da Makineleri","url":"https:\/\/resmak.com\/en\/","logo":{"@type":"ImageObject","inLanguage":"en-US","@id":"https:\/\/resmak.com\/en\/#\/schema\/logo\/image\/","url":"https:\/\/resmak.com\/wp-content\/uploads\/2025\/02\/resmak-logo-3.jpg","contentUrl":"https:\/\/resmak.com\/wp-content\/uploads\/2025\/02\/resmak-logo-3.jpg","width":696,"height":696,"caption":"Resmak Tar\u0131m ve G\u0131da Makineleri"},"image":{"@id":"https:\/\/resmak.com\/en\/#\/schema\/logo\/image\/"},"sameAs":["https:\/\/www.facebook.com\/resmakco","https:\/\/x.com\/resmakco","https:\/\/www.instagram.com\/resmakco\/","https:\/\/www.youtube.com\/@Resmakco"],"description":"Tar\u0131m ve g\u0131da i\u015fleme sekt\u00f6r\u00fcne yenilik\u00e7i, dayan\u0131kl\u0131 ve verimli makineler kazand\u0131ran Resmak, g\u00fc\u00e7l\u00fc m\u00fchendislik altyap\u0131s\u0131 ve m\u00fc\u015fteri odakl\u0131 yakla\u015f\u0131m\u0131yla sekt\u00f6rde fark yaratmaktad\u0131r. Kalite, g\u00fcvenilirlik ve m\u00fc\u015fteri memnuniyeti ilkelerini temel alarak, kullan\u0131c\u0131lar\u0131n ihtiya\u00e7lar\u0131na en uygun \u00e7\u00f6z\u00fcmleri sunuyoruz.","email":"info@resmak.com","telephone":"+905451202496","legalName":"Resmak Tar\u0131m ve G\u0131da Makineleri San. Tic. Ltd. \u015eti.","taxID":"7342825092"}]}},"_links":{"self":[{"href":"https:\/\/resmak.com\/en\/wp-json\/wp\/v2\/pages\/21169","targetHints":{"allow":["GET"]}}],"collection":[{"href":"https:\/\/resmak.com\/en\/wp-json\/wp\/v2\/pages"}],"about":[{"href":"https:\/\/resmak.com\/en\/wp-json\/wp\/v2\/types\/page"}],"author":[{"embeddable":true,"href":"https:\/\/resmak.com\/en\/wp-json\/wp\/v2\/users\/1"}],"replies":[{"embeddable":true,"href":"https:\/\/resmak.com\/en\/wp-json\/wp\/v2\/comments?post=21169"}],"version-history":[{"count":2,"href":"https:\/\/resmak.com\/en\/wp-json\/wp\/v2\/pages\/21169\/revisions"}],"predecessor-version":[{"id":31755,"href":"https:\/\/resmak.com\/en\/wp-json\/wp\/v2\/pages\/21169\/revisions\/31755"}],"wp:attachment":[{"href":"https:\/\/resmak.com\/en\/wp-json\/wp\/v2\/media?parent=21169"}],"curies":[{"name":"wp","href":"https:\/\/api.w.org\/{rel}","templated":true}]}}