{"id":21029,"date":"2024-12-29T13:43:56","date_gmt":"2024-12-29T13:43:56","guid":{"rendered":"https:\/\/resmak.com\/politica-de-privacidad\/"},"modified":"2025-05-02T21:42:15","modified_gmt":"2025-05-02T21:42:15","slug":"politica-de-privacidad","status":"publish","type":"page","link":"https:\/\/resmak.com\/es\/politica-de-privacidad\/","title":{"rendered":"Pol\u00edtica de privacidad"},"content":{"rendered":"\t\t<div data-elementor-type=\"wp-page\" data-elementor-id=\"21029\" class=\"elementor elementor-21029 elementor-3\">\n\t\t\t\t<div class=\"wd-negative-gap elementor-element elementor-element-6e34078d e-flex e-con-boxed e-con e-parent\" data-id=\"6e34078d\" data-element_type=\"container\">\n\t\t\t\t\t<div class=\"e-con-inner\">\n\t\t\t\t<div class=\"elementor-element elementor-element-54ffecd7 color-scheme-inherit text-left elementor-widget elementor-widget-text-editor\" data-id=\"54ffecd7\" data-element_type=\"widget\" data-widget_type=\"text-editor.default\">\n\t\t\t\t<div class=\"elementor-widget-container\">\n\t\t\t\t\t\t\t\t\t\n<h2 class=\"wp-block-heading\">Pol\u00edtica de privacidad de Resmak<\/h2>\n\n<p><b>1. Introducci\u00f3n<\/b><br>Esta pol\u00edtica de privacidad describe nuestro compromiso de proteger la privacidad de nuestros clientes como Resmak Agricultural Machinery San. Tic Ltd. \u015eti. explica nuestro compromiso de proteger la privacidad de nuestros clientes. Se considera que todos los usuarios que visitan nuestro sitio web y utilizan nuestros servicios aceptan las pr\u00e1cticas de privacidad aqu\u00ed establecidas.    <\/p>\n<p><b>2. Informaci\u00f3n recopilada<\/b><br>Podemos recopilar la siguiente informaci\u00f3n cuando utilizas nuestro sitio web:<\/p>\n<ul>\n<li><b>Datos personales:<\/b> Nombre, apellidos, direcci\u00f3n de correo electr\u00f3nico, n\u00famero de tel\u00e9fono, direcci\u00f3n de facturaci\u00f3n y de entrega.<\/li>\n<li><b>Datos de pago:<\/b> Datos de la tarjeta de cr\u00e9dito o d\u00e9bito (procesados por proveedores de pago externos).<\/li>\n<li><b>Cookies y datos anal\u00edticos:<\/b> Informaci\u00f3n del navegador, direcci\u00f3n IP, p\u00e1ginas visitadas, informaci\u00f3n del dispositivo.<\/li>\n<\/ul>\n<p><b>3. Uso de la informaci\u00f3n<\/b><br>Podemos utilizar la informaci\u00f3n que recopilamos para los siguientes fines:<\/p>\n<ul>\n<li>Tramitar pedidos, realizar entregas y prestar atenci\u00f3n al cliente.<\/li>\n<li>Personalizar y mejorar la experiencia del sitio web.<\/li>\n<li>Cumple los requisitos legales.<\/li>\n<li>Llevar a cabo actividades de marketing, publicidad y promoci\u00f3n (con el consentimiento del usuario).<\/li>\n<li>Para evitar el fraude y garantizar la seguridad.<\/li>\n<\/ul>\n<p><b>4. Cookies y tecnolog\u00edas de seguimiento<\/b><br>En nuestro sitio web se utilizan cookies para mejorar la experiencia del usuario. Mediante el uso de cookies, analizamos el tr\u00e1fico del sitio web, ofrecemos contenido personalizado y publicidad dirigida. Puedes gestionar las cookies a trav\u00e9s de la configuraci\u00f3n de tu navegador.  <\/p>\n<p><b>5. Servicios de terceros<\/b><br>Podemos compartir tu informaci\u00f3n con los siguientes terceros:<\/p>\n<ul>\n<li><b>Proveedores de pago:<\/b> Para transacciones de pago seguras.<\/li>\n<li><b>Empresas de log\u00edstica:<\/b> Para la entrega de pedidos.<\/li>\n<li><b>Servicios de an\u00e1lisis y publicidad:<\/b> Para medir el rendimiento del sitio web y mejorar las estrategias de marketing. Estos proveedores de servicios procesan tu informaci\u00f3n s\u00f3lo para los fines especificados y tomando las medidas de confidencialidad necesarias. <\/li>\n<\/ul>\n<p><b>6. Seguridad de la informaci\u00f3n<\/b><br>Aplicamos diversas medidas t\u00e9cnicas y administrativas, como encriptaci\u00f3n, cortafuegos y controles de acceso, para garantizar la seguridad de la informaci\u00f3n de los clientes.<\/p>\n<p><b>7. Derechos de los usuarios<\/b><br>Los usuarios tienen los siguientes derechos en relaci\u00f3n con sus datos personales:<\/p>\n<ul>\n<li>Solicitar el acceso, la rectificaci\u00f3n o la supresi\u00f3n de los propios datos.<\/li>\n<li>Rechaza las comunicaciones de marketing.<\/li>\n<li>Recibir informaci\u00f3n sobre c\u00f3mo se procesan tus datos. Puedes ponerte en contacto con nosotros para tus peticiones: info@resmak.com <\/li>\n<\/ul>\n<p><b>8. Cambios y actualizaciones<\/b><br>Esta pol\u00edtica de privacidad puede actualizarse de vez en cuando. Las actualizaciones se publicar\u00e1n en nuestro sitio web y entrar\u00e1n en vigor. <\/p>\n<p><b>9. Contacto<\/b><br>Puedes ponerte en contacto con nosotros si tienes preguntas sobre nuestra pol\u00edtica de privacidad:<br><b>Correo electr\u00f3nico:<\/b> info@resmak.com<br><b>Tel\u00e9fono:<\/b> +90 545 120 24 96<br><b>Direcci\u00f3n de la empresa:<\/b> Balkan Mh. Ayd\u0131nlar Sk. No:14\/2 16240 Nil\u00fcfer &#8211; Bursa  <\/p>\t\t\t\t\t\t\t\t<\/div>\n\t\t\t\t<\/div>\n\t\t\t\t\t<\/div>\n\t\t\t\t<\/div>\n\t\t\t\t<\/div>\n\t\t","protected":false},"excerpt":{"rendered":"<p>Pol\u00edtica de privacidad de Resmak 1. Introducci\u00f3nEsta pol\u00edtica de privacidad describe nuestro compromiso de proteger la privacidad de nuestros clientes<\/p>\n","protected":false},"author":1,"featured_media":0,"parent":0,"menu_order":0,"comment_status":"closed","ping_status":"closed","template":"","meta":{"footnotes":""},"class_list":["post-21029","page","type-page","status-publish","hentry"],"yoast_head":"<!-- This site is optimized with the Yoast SEO Premium plugin v26.8 (Yoast SEO v26.8) - https:\/\/yoast.com\/product\/yoast-seo-premium-wordpress\/ -->\n<title>Pol\u00edtica de privacidad<\/title>\n<meta name=\"robots\" content=\"index, follow, max-snippet:-1, max-image-preview:large, max-video-preview:-1\" \/>\n<link rel=\"canonical\" href=\"https:\/\/resmak.com\/es\/politica-de-privacidad\/\" \/>\n<meta property=\"og:locale\" content=\"es_ES\" \/>\n<meta property=\"og:type\" content=\"article\" \/>\n<meta property=\"og:title\" content=\"Pol\u00edtica de privacidad\" \/>\n<meta property=\"og:description\" content=\"Pol\u00edtica de privacidad de Resmak 1. Introducci\u00f3nEsta pol\u00edtica de privacidad describe nuestro compromiso de proteger la privacidad de nuestros clientes\" \/>\n<meta property=\"og:url\" content=\"https:\/\/resmak.com\/es\/politica-de-privacidad\/\" \/>\n<meta property=\"og:site_name\" content=\"Resmak Tar\u0131m ve G\u0131da Makineleri\" \/>\n<meta property=\"article:publisher\" content=\"https:\/\/www.facebook.com\/resmakco\" \/>\n<meta property=\"article:modified_time\" content=\"2025-05-02T21:42:15+00:00\" \/>\n<meta name=\"twitter:card\" content=\"summary_large_image\" \/>\n<meta name=\"twitter:site\" content=\"@resmakco\" \/>\n<meta name=\"twitter:label1\" content=\"Tiempo de lectura\" \/>\n\t<meta name=\"twitter:data1\" content=\"2 minutos\" \/>\n<script type=\"application\/ld+json\" class=\"yoast-schema-graph\">{\"@context\":\"https:\/\/schema.org\",\"@graph\":[{\"@type\":\"WebPage\",\"@id\":\"https:\/\/resmak.com\/es\/politica-de-privacidad\/\",\"url\":\"https:\/\/resmak.com\/es\/politica-de-privacidad\/\",\"name\":\"Pol\u00edtica de privacidad\",\"isPartOf\":{\"@id\":\"https:\/\/resmak.com\/es\/#website\"},\"datePublished\":\"2024-12-29T13:43:56+00:00\",\"dateModified\":\"2025-05-02T21:42:15+00:00\",\"breadcrumb\":{\"@id\":\"https:\/\/resmak.com\/es\/politica-de-privacidad\/#breadcrumb\"},\"inLanguage\":\"es\",\"potentialAction\":[{\"@type\":\"ReadAction\",\"target\":[\"https:\/\/resmak.com\/es\/politica-de-privacidad\/\"]}]},{\"@type\":\"BreadcrumbList\",\"@id\":\"https:\/\/resmak.com\/es\/politica-de-privacidad\/#breadcrumb\",\"itemListElement\":[{\"@type\":\"ListItem\",\"position\":1,\"name\":\"Anasayfa\",\"item\":\"https:\/\/resmak.com\/es\/\"},{\"@type\":\"ListItem\",\"position\":2,\"name\":\"Pol\u00edtica de privacidad\"}]},{\"@type\":\"WebSite\",\"@id\":\"https:\/\/resmak.com\/es\/#website\",\"url\":\"https:\/\/resmak.com\/es\/\",\"name\":\"Resmak Tar\u0131m ve G\u0131da Makineleri\",\"description\":\"\",\"publisher\":{\"@id\":\"https:\/\/resmak.com\/es\/#organization\"},\"alternateName\":\"Resmak\",\"potentialAction\":[{\"@type\":\"SearchAction\",\"target\":{\"@type\":\"EntryPoint\",\"urlTemplate\":\"https:\/\/resmak.com\/es\/?s={search_term_string}\"},\"query-input\":{\"@type\":\"PropertyValueSpecification\",\"valueRequired\":true,\"valueName\":\"search_term_string\"}}],\"inLanguage\":\"es\"},{\"@type\":\"Organization\",\"@id\":\"https:\/\/resmak.com\/es\/#organization\",\"name\":\"Resmak Tar\u0131m ve G\u0131da Makineleri\",\"alternateName\":\"Resmak G\u0131da Makineleri\",\"url\":\"https:\/\/resmak.com\/es\/\",\"logo\":{\"@type\":\"ImageObject\",\"inLanguage\":\"es\",\"@id\":\"https:\/\/resmak.com\/es\/#\/schema\/logo\/image\/\",\"url\":\"https:\/\/resmak.com\/wp-content\/uploads\/2025\/02\/resmak-logo-3.jpg\",\"contentUrl\":\"https:\/\/resmak.com\/wp-content\/uploads\/2025\/02\/resmak-logo-3.jpg\",\"width\":696,\"height\":696,\"caption\":\"Resmak Tar\u0131m ve G\u0131da Makineleri\"},\"image\":{\"@id\":\"https:\/\/resmak.com\/es\/#\/schema\/logo\/image\/\"},\"sameAs\":[\"https:\/\/www.facebook.com\/resmakco\",\"https:\/\/x.com\/resmakco\",\"https:\/\/www.instagram.com\/resmakco\/\",\"https:\/\/www.youtube.com\/@Resmakco\"],\"description\":\"Tar\u0131m ve g\u0131da i\u015fleme sekt\u00f6r\u00fcne yenilik\u00e7i, dayan\u0131kl\u0131 ve verimli makineler kazand\u0131ran Resmak, g\u00fc\u00e7l\u00fc m\u00fchendislik altyap\u0131s\u0131 ve m\u00fc\u015fteri odakl\u0131 yakla\u015f\u0131m\u0131yla sekt\u00f6rde fark yaratmaktad\u0131r. Kalite, g\u00fcvenilirlik ve m\u00fc\u015fteri memnuniyeti ilkelerini temel alarak, kullan\u0131c\u0131lar\u0131n ihtiya\u00e7lar\u0131na en uygun \u00e7\u00f6z\u00fcmleri sunuyoruz.\",\"email\":\"info@resmak.com\",\"telephone\":\"+905451202496\",\"legalName\":\"Resmak Tar\u0131m ve G\u0131da Makineleri San. Tic. Ltd. \u015eti.\",\"taxID\":\"7342825092\"}]}<\/script>\n<!-- \/ Yoast SEO Premium plugin. -->","yoast_head_json":{"title":"Pol\u00edtica de privacidad","robots":{"index":"index","follow":"follow","max-snippet":"max-snippet:-1","max-image-preview":"max-image-preview:large","max-video-preview":"max-video-preview:-1"},"canonical":"https:\/\/resmak.com\/es\/politica-de-privacidad\/","og_locale":"es_ES","og_type":"article","og_title":"Pol\u00edtica de privacidad","og_description":"Pol\u00edtica de privacidad de Resmak 1. Introducci\u00f3nEsta pol\u00edtica de privacidad describe nuestro compromiso de proteger la privacidad de nuestros clientes","og_url":"https:\/\/resmak.com\/es\/politica-de-privacidad\/","og_site_name":"Resmak Tar\u0131m ve G\u0131da Makineleri","article_publisher":"https:\/\/www.facebook.com\/resmakco","article_modified_time":"2025-05-02T21:42:15+00:00","twitter_card":"summary_large_image","twitter_site":"@resmakco","twitter_misc":{"Tiempo de lectura":"2 minutos"},"schema":{"@context":"https:\/\/schema.org","@graph":[{"@type":"WebPage","@id":"https:\/\/resmak.com\/es\/politica-de-privacidad\/","url":"https:\/\/resmak.com\/es\/politica-de-privacidad\/","name":"Pol\u00edtica de privacidad","isPartOf":{"@id":"https:\/\/resmak.com\/es\/#website"},"datePublished":"2024-12-29T13:43:56+00:00","dateModified":"2025-05-02T21:42:15+00:00","breadcrumb":{"@id":"https:\/\/resmak.com\/es\/politica-de-privacidad\/#breadcrumb"},"inLanguage":"es","potentialAction":[{"@type":"ReadAction","target":["https:\/\/resmak.com\/es\/politica-de-privacidad\/"]}]},{"@type":"BreadcrumbList","@id":"https:\/\/resmak.com\/es\/politica-de-privacidad\/#breadcrumb","itemListElement":[{"@type":"ListItem","position":1,"name":"Anasayfa","item":"https:\/\/resmak.com\/es\/"},{"@type":"ListItem","position":2,"name":"Pol\u00edtica de privacidad"}]},{"@type":"WebSite","@id":"https:\/\/resmak.com\/es\/#website","url":"https:\/\/resmak.com\/es\/","name":"Resmak Tar\u0131m ve G\u0131da Makineleri","description":"","publisher":{"@id":"https:\/\/resmak.com\/es\/#organization"},"alternateName":"Resmak","potentialAction":[{"@type":"SearchAction","target":{"@type":"EntryPoint","urlTemplate":"https:\/\/resmak.com\/es\/?s={search_term_string}"},"query-input":{"@type":"PropertyValueSpecification","valueRequired":true,"valueName":"search_term_string"}}],"inLanguage":"es"},{"@type":"Organization","@id":"https:\/\/resmak.com\/es\/#organization","name":"Resmak Tar\u0131m ve G\u0131da Makineleri","alternateName":"Resmak G\u0131da Makineleri","url":"https:\/\/resmak.com\/es\/","logo":{"@type":"ImageObject","inLanguage":"es","@id":"https:\/\/resmak.com\/es\/#\/schema\/logo\/image\/","url":"https:\/\/resmak.com\/wp-content\/uploads\/2025\/02\/resmak-logo-3.jpg","contentUrl":"https:\/\/resmak.com\/wp-content\/uploads\/2025\/02\/resmak-logo-3.jpg","width":696,"height":696,"caption":"Resmak Tar\u0131m ve G\u0131da Makineleri"},"image":{"@id":"https:\/\/resmak.com\/es\/#\/schema\/logo\/image\/"},"sameAs":["https:\/\/www.facebook.com\/resmakco","https:\/\/x.com\/resmakco","https:\/\/www.instagram.com\/resmakco\/","https:\/\/www.youtube.com\/@Resmakco"],"description":"Tar\u0131m ve g\u0131da i\u015fleme sekt\u00f6r\u00fcne yenilik\u00e7i, dayan\u0131kl\u0131 ve verimli makineler kazand\u0131ran Resmak, g\u00fc\u00e7l\u00fc m\u00fchendislik altyap\u0131s\u0131 ve m\u00fc\u015fteri odakl\u0131 yakla\u015f\u0131m\u0131yla sekt\u00f6rde fark yaratmaktad\u0131r. Kalite, g\u00fcvenilirlik ve m\u00fc\u015fteri memnuniyeti ilkelerini temel alarak, kullan\u0131c\u0131lar\u0131n ihtiya\u00e7lar\u0131na en uygun \u00e7\u00f6z\u00fcmleri sunuyoruz.","email":"info@resmak.com","telephone":"+905451202496","legalName":"Resmak Tar\u0131m ve G\u0131da Makineleri San. Tic. Ltd. \u015eti.","taxID":"7342825092"}]}},"_links":{"self":[{"href":"https:\/\/resmak.com\/es\/wp-json\/wp\/v2\/pages\/21029","targetHints":{"allow":["GET"]}}],"collection":[{"href":"https:\/\/resmak.com\/es\/wp-json\/wp\/v2\/pages"}],"about":[{"href":"https:\/\/resmak.com\/es\/wp-json\/wp\/v2\/types\/page"}],"author":[{"embeddable":true,"href":"https:\/\/resmak.com\/es\/wp-json\/wp\/v2\/users\/1"}],"replies":[{"embeddable":true,"href":"https:\/\/resmak.com\/es\/wp-json\/wp\/v2\/comments?post=21029"}],"version-history":[{"count":9,"href":"https:\/\/resmak.com\/es\/wp-json\/wp\/v2\/pages\/21029\/revisions"}],"predecessor-version":[{"id":31274,"href":"https:\/\/resmak.com\/es\/wp-json\/wp\/v2\/pages\/21029\/revisions\/31274"}],"wp:attachment":[{"href":"https:\/\/resmak.com\/es\/wp-json\/wp\/v2\/media?parent=21029"}],"curies":[{"name":"wp","href":"https:\/\/api.w.org\/{rel}","templated":true}]}}