{"id":21094,"date":"2025-02-21T12:18:27","date_gmt":"2025-02-21T12:18:27","guid":{"rendered":"https:\/\/resmak.com\/condiciones-de-entrega-y-devolucion\/"},"modified":"2025-05-02T21:41:17","modified_gmt":"2025-05-02T21:41:17","slug":"condiciones-de-entrega-y-devolucion","status":"publish","type":"page","link":"https:\/\/resmak.com\/es\/condiciones-de-entrega-y-devolucion\/","title":{"rendered":"Condiciones de entrega y devoluci\u00f3n"},"content":{"rendered":"\t\t<div data-elementor-type=\"wp-page\" data-elementor-id=\"21094\" class=\"elementor elementor-21094 elementor-16375\">\n\t\t\t\t<div class=\"wd-negative-gap elementor-element elementor-element-243c280 e-flex e-con-boxed e-con e-parent\" data-id=\"243c280\" data-element_type=\"container\">\n\t\t\t\t\t<div class=\"e-con-inner\">\n\t\t\t\t<div class=\"elementor-element elementor-element-8af75e6 color-scheme-inherit text-left elementor-widget elementor-widget-text-editor\" data-id=\"8af75e6\" data-element_type=\"widget\" data-widget_type=\"text-editor.default\">\n\t\t\t\t<div class=\"elementor-widget-container\">\n\t\t\t\t\t\t\t\t\t<p><\/p><h2 class=\"wp-block-heading\">Resmak Condiciones de entrega y devoluci\u00f3n<\/h2><p><\/p><p><\/p><p><strong>Condiciones de entrega:<\/strong><\/p><p><\/p><ul class=\"wp-block-list\"><li>Los productos <strong>se enviar\u00e1n en un plazo de 7 d\u00edas laborables<\/strong> tras la confirmaci\u00f3n del pedido. Sin embargo, el plazo de entrega puede variar en funci\u00f3n del calendario laboral y de los procesos log\u00edsticos de la empresa de transporte. Por este motivo, no se puede garantizar la fecha exacta de entrega.  <\/li><li>La entrega se realizar\u00e1 en la <strong>direcci\u00f3n especificada por el destinatario<\/strong>. Es importante que la direcci\u00f3n sea correcta y est\u00e9 completa para que la entrega se realice a tiempo. Los cambios de direcci\u00f3n pueden afectar al proceso de entrega.  <\/li><li>Los <strong>gastos<\/strong> de <strong>env\u00edo<\/strong> correr\u00e1n a cargo del comprador. El pago de los gastos de env\u00edo se efectuar\u00e1 por mensajero o transportista en el momento de la confirmaci\u00f3n del pedido. <\/li><li>El modo de entrega puede ser <strong>carga, flete, almac\u00e9n o entrega en mano<\/strong>. El modo de entrega se determinar\u00e1 en funci\u00f3n de las preferencias del destinatario y de la regi\u00f3n de env\u00edo. Las entregas realizadas por la empresa de carga pueden provocar cambios en el plazo de entrega y en la garant\u00eda de entrega programada.  <\/li><\/ul><p><\/p><p><strong>Condiciones de devoluci\u00f3n:<\/strong><\/p><p><\/p><ul class=\"wp-block-list\"><li>Los productos cuya devoluci\u00f3n se solicite <strong>deben estar sin usar y sin abrir<\/strong>. La entrega del producto en su embalaje original, sin ning\u00fan da\u00f1o, es obligatoria para el proceso de devoluci\u00f3n. <\/li><li>Las solicitudes de devoluci\u00f3n deben realizarse <strong>en un plazo de 14 d\u00edas<\/strong> a partir de la fecha de entrega del producto. No se aceptar\u00e1n las devoluciones que no se soliciten en este plazo. <\/li><li>El comprador que solicite la devoluci\u00f3n correr\u00e1 con los gastos de <strong>env\u00edo<\/strong>. Durante el proceso de devoluci\u00f3n, los gastos de env\u00edo utilizados para devolver el producto correr\u00e1n a cargo del comprador. <\/li><li><strong>Procedimiento de devoluci\u00f3n<\/strong>: Junto con el producto devuelto, deben enviarse documentos como el certificado de garant\u00eda, la factura cancelada y el recibo de pago. Estos documentos son obligatorios para la correcta devoluci\u00f3n del producto y la finalizaci\u00f3n del proceso de transacci\u00f3n. <\/li><\/ul><p><\/p><p><\/p>\t\t\t\t\t\t\t\t<\/div>\n\t\t\t\t<\/div>\n\t\t\t\t\t<\/div>\n\t\t\t\t<\/div>\n\t\t\t\t<\/div>\n\t\t","protected":false},"excerpt":{"rendered":"<p>Resmak Condiciones de entrega y devoluci\u00f3n Condiciones de entrega: Los productos se enviar\u00e1n en un plazo de 7 d\u00edas laborables<\/p>\n","protected":false},"author":1,"featured_media":0,"parent":0,"menu_order":0,"comment_status":"closed","ping_status":"closed","template":"","meta":{"footnotes":""},"class_list":["post-21094","page","type-page","status-publish","hentry"],"yoast_head":"<!-- This site is optimized with the Yoast SEO Premium plugin v26.8 (Yoast SEO v26.8) - https:\/\/yoast.com\/product\/yoast-seo-premium-wordpress\/ -->\n<title>Condiciones de entrega y devoluci\u00f3n<\/title>\n<meta name=\"robots\" content=\"index, follow, max-snippet:-1, max-image-preview:large, max-video-preview:-1\" \/>\n<link rel=\"canonical\" href=\"https:\/\/resmak.com\/es\/condiciones-de-entrega-y-devolucion\/\" \/>\n<meta property=\"og:locale\" content=\"es_ES\" \/>\n<meta property=\"og:type\" content=\"article\" \/>\n<meta property=\"og:title\" content=\"Condiciones de entrega y devoluci\u00f3n\" \/>\n<meta property=\"og:description\" content=\"Resmak Condiciones de entrega y devoluci\u00f3n Condiciones de entrega: Los productos se enviar\u00e1n en un plazo de 7 d\u00edas laborables\" \/>\n<meta property=\"og:url\" content=\"https:\/\/resmak.com\/es\/condiciones-de-entrega-y-devolucion\/\" \/>\n<meta property=\"og:site_name\" content=\"Resmak Tar\u0131m ve G\u0131da Makineleri\" \/>\n<meta property=\"article:publisher\" content=\"https:\/\/www.facebook.com\/resmakco\" \/>\n<meta property=\"article:modified_time\" content=\"2025-05-02T21:41:17+00:00\" \/>\n<meta name=\"twitter:card\" content=\"summary_large_image\" \/>\n<meta name=\"twitter:site\" content=\"@resmakco\" \/>\n<meta name=\"twitter:label1\" content=\"Tiempo de lectura\" \/>\n\t<meta name=\"twitter:data1\" content=\"2 minutos\" \/>\n<script type=\"application\/ld+json\" class=\"yoast-schema-graph\">{\"@context\":\"https:\/\/schema.org\",\"@graph\":[{\"@type\":\"WebPage\",\"@id\":\"https:\/\/resmak.com\/es\/condiciones-de-entrega-y-devolucion\/\",\"url\":\"https:\/\/resmak.com\/es\/condiciones-de-entrega-y-devolucion\/\",\"name\":\"Condiciones de entrega y devoluci\u00f3n\",\"isPartOf\":{\"@id\":\"https:\/\/resmak.com\/es\/#website\"},\"datePublished\":\"2025-02-21T12:18:27+00:00\",\"dateModified\":\"2025-05-02T21:41:17+00:00\",\"breadcrumb\":{\"@id\":\"https:\/\/resmak.com\/es\/condiciones-de-entrega-y-devolucion\/#breadcrumb\"},\"inLanguage\":\"es\",\"potentialAction\":[{\"@type\":\"ReadAction\",\"target\":[\"https:\/\/resmak.com\/es\/condiciones-de-entrega-y-devolucion\/\"]}]},{\"@type\":\"BreadcrumbList\",\"@id\":\"https:\/\/resmak.com\/es\/condiciones-de-entrega-y-devolucion\/#breadcrumb\",\"itemListElement\":[{\"@type\":\"ListItem\",\"position\":1,\"name\":\"Anasayfa\",\"item\":\"https:\/\/resmak.com\/es\/\"},{\"@type\":\"ListItem\",\"position\":2,\"name\":\"Condiciones de entrega y devoluci\u00f3n\"}]},{\"@type\":\"WebSite\",\"@id\":\"https:\/\/resmak.com\/es\/#website\",\"url\":\"https:\/\/resmak.com\/es\/\",\"name\":\"Resmak Tar\u0131m ve G\u0131da Makineleri\",\"description\":\"\",\"publisher\":{\"@id\":\"https:\/\/resmak.com\/es\/#organization\"},\"alternateName\":\"Resmak\",\"potentialAction\":[{\"@type\":\"SearchAction\",\"target\":{\"@type\":\"EntryPoint\",\"urlTemplate\":\"https:\/\/resmak.com\/es\/?s={search_term_string}\"},\"query-input\":{\"@type\":\"PropertyValueSpecification\",\"valueRequired\":true,\"valueName\":\"search_term_string\"}}],\"inLanguage\":\"es\"},{\"@type\":\"Organization\",\"@id\":\"https:\/\/resmak.com\/es\/#organization\",\"name\":\"Resmak Tar\u0131m ve G\u0131da Makineleri\",\"alternateName\":\"Resmak G\u0131da Makineleri\",\"url\":\"https:\/\/resmak.com\/es\/\",\"logo\":{\"@type\":\"ImageObject\",\"inLanguage\":\"es\",\"@id\":\"https:\/\/resmak.com\/es\/#\/schema\/logo\/image\/\",\"url\":\"https:\/\/resmak.com\/wp-content\/uploads\/2025\/02\/resmak-logo-3.jpg\",\"contentUrl\":\"https:\/\/resmak.com\/wp-content\/uploads\/2025\/02\/resmak-logo-3.jpg\",\"width\":696,\"height\":696,\"caption\":\"Resmak Tar\u0131m ve G\u0131da Makineleri\"},\"image\":{\"@id\":\"https:\/\/resmak.com\/es\/#\/schema\/logo\/image\/\"},\"sameAs\":[\"https:\/\/www.facebook.com\/resmakco\",\"https:\/\/x.com\/resmakco\",\"https:\/\/www.instagram.com\/resmakco\/\",\"https:\/\/www.youtube.com\/@Resmakco\"],\"description\":\"Tar\u0131m ve g\u0131da i\u015fleme sekt\u00f6r\u00fcne yenilik\u00e7i, dayan\u0131kl\u0131 ve verimli makineler kazand\u0131ran Resmak, g\u00fc\u00e7l\u00fc m\u00fchendislik altyap\u0131s\u0131 ve m\u00fc\u015fteri odakl\u0131 yakla\u015f\u0131m\u0131yla sekt\u00f6rde fark yaratmaktad\u0131r. Kalite, g\u00fcvenilirlik ve m\u00fc\u015fteri memnuniyeti ilkelerini temel alarak, kullan\u0131c\u0131lar\u0131n ihtiya\u00e7lar\u0131na en uygun \u00e7\u00f6z\u00fcmleri sunuyoruz.\",\"email\":\"info@resmak.com\",\"telephone\":\"+905451202496\",\"legalName\":\"Resmak Tar\u0131m ve G\u0131da Makineleri San. Tic. Ltd. \u015eti.\",\"taxID\":\"7342825092\"}]}<\/script>\n<!-- \/ Yoast SEO Premium plugin. -->","yoast_head_json":{"title":"Condiciones de entrega y devoluci\u00f3n","robots":{"index":"index","follow":"follow","max-snippet":"max-snippet:-1","max-image-preview":"max-image-preview:large","max-video-preview":"max-video-preview:-1"},"canonical":"https:\/\/resmak.com\/es\/condiciones-de-entrega-y-devolucion\/","og_locale":"es_ES","og_type":"article","og_title":"Condiciones de entrega y devoluci\u00f3n","og_description":"Resmak Condiciones de entrega y devoluci\u00f3n Condiciones de entrega: Los productos se enviar\u00e1n en un plazo de 7 d\u00edas laborables","og_url":"https:\/\/resmak.com\/es\/condiciones-de-entrega-y-devolucion\/","og_site_name":"Resmak Tar\u0131m ve G\u0131da Makineleri","article_publisher":"https:\/\/www.facebook.com\/resmakco","article_modified_time":"2025-05-02T21:41:17+00:00","twitter_card":"summary_large_image","twitter_site":"@resmakco","twitter_misc":{"Tiempo de lectura":"2 minutos"},"schema":{"@context":"https:\/\/schema.org","@graph":[{"@type":"WebPage","@id":"https:\/\/resmak.com\/es\/condiciones-de-entrega-y-devolucion\/","url":"https:\/\/resmak.com\/es\/condiciones-de-entrega-y-devolucion\/","name":"Condiciones de entrega y devoluci\u00f3n","isPartOf":{"@id":"https:\/\/resmak.com\/es\/#website"},"datePublished":"2025-02-21T12:18:27+00:00","dateModified":"2025-05-02T21:41:17+00:00","breadcrumb":{"@id":"https:\/\/resmak.com\/es\/condiciones-de-entrega-y-devolucion\/#breadcrumb"},"inLanguage":"es","potentialAction":[{"@type":"ReadAction","target":["https:\/\/resmak.com\/es\/condiciones-de-entrega-y-devolucion\/"]}]},{"@type":"BreadcrumbList","@id":"https:\/\/resmak.com\/es\/condiciones-de-entrega-y-devolucion\/#breadcrumb","itemListElement":[{"@type":"ListItem","position":1,"name":"Anasayfa","item":"https:\/\/resmak.com\/es\/"},{"@type":"ListItem","position":2,"name":"Condiciones de entrega y devoluci\u00f3n"}]},{"@type":"WebSite","@id":"https:\/\/resmak.com\/es\/#website","url":"https:\/\/resmak.com\/es\/","name":"Resmak Tar\u0131m ve G\u0131da Makineleri","description":"","publisher":{"@id":"https:\/\/resmak.com\/es\/#organization"},"alternateName":"Resmak","potentialAction":[{"@type":"SearchAction","target":{"@type":"EntryPoint","urlTemplate":"https:\/\/resmak.com\/es\/?s={search_term_string}"},"query-input":{"@type":"PropertyValueSpecification","valueRequired":true,"valueName":"search_term_string"}}],"inLanguage":"es"},{"@type":"Organization","@id":"https:\/\/resmak.com\/es\/#organization","name":"Resmak Tar\u0131m ve G\u0131da Makineleri","alternateName":"Resmak G\u0131da Makineleri","url":"https:\/\/resmak.com\/es\/","logo":{"@type":"ImageObject","inLanguage":"es","@id":"https:\/\/resmak.com\/es\/#\/schema\/logo\/image\/","url":"https:\/\/resmak.com\/wp-content\/uploads\/2025\/02\/resmak-logo-3.jpg","contentUrl":"https:\/\/resmak.com\/wp-content\/uploads\/2025\/02\/resmak-logo-3.jpg","width":696,"height":696,"caption":"Resmak Tar\u0131m ve G\u0131da Makineleri"},"image":{"@id":"https:\/\/resmak.com\/es\/#\/schema\/logo\/image\/"},"sameAs":["https:\/\/www.facebook.com\/resmakco","https:\/\/x.com\/resmakco","https:\/\/www.instagram.com\/resmakco\/","https:\/\/www.youtube.com\/@Resmakco"],"description":"Tar\u0131m ve g\u0131da i\u015fleme sekt\u00f6r\u00fcne yenilik\u00e7i, dayan\u0131kl\u0131 ve verimli makineler kazand\u0131ran Resmak, g\u00fc\u00e7l\u00fc m\u00fchendislik altyap\u0131s\u0131 ve m\u00fc\u015fteri odakl\u0131 yakla\u015f\u0131m\u0131yla sekt\u00f6rde fark yaratmaktad\u0131r. Kalite, g\u00fcvenilirlik ve m\u00fc\u015fteri memnuniyeti ilkelerini temel alarak, kullan\u0131c\u0131lar\u0131n ihtiya\u00e7lar\u0131na en uygun \u00e7\u00f6z\u00fcmleri sunuyoruz.","email":"info@resmak.com","telephone":"+905451202496","legalName":"Resmak Tar\u0131m ve G\u0131da Makineleri San. Tic. Ltd. \u015eti.","taxID":"7342825092"}]}},"_links":{"self":[{"href":"https:\/\/resmak.com\/es\/wp-json\/wp\/v2\/pages\/21094","targetHints":{"allow":["GET"]}}],"collection":[{"href":"https:\/\/resmak.com\/es\/wp-json\/wp\/v2\/pages"}],"about":[{"href":"https:\/\/resmak.com\/es\/wp-json\/wp\/v2\/types\/page"}],"author":[{"embeddable":true,"href":"https:\/\/resmak.com\/es\/wp-json\/wp\/v2\/users\/1"}],"replies":[{"embeddable":true,"href":"https:\/\/resmak.com\/es\/wp-json\/wp\/v2\/comments?post=21094"}],"version-history":[{"count":11,"href":"https:\/\/resmak.com\/es\/wp-json\/wp\/v2\/pages\/21094\/revisions"}],"predecessor-version":[{"id":31250,"href":"https:\/\/resmak.com\/es\/wp-json\/wp\/v2\/pages\/21094\/revisions\/31250"}],"wp:attachment":[{"href":"https:\/\/resmak.com\/es\/wp-json\/wp\/v2\/media?parent=21094"}],"curies":[{"name":"wp","href":"https:\/\/api.w.org\/{rel}","templated":true}]}}