{"id":21164,"date":"2025-02-21T12:23:34","date_gmt":"2025-02-21T12:23:34","guid":{"rendered":"https:\/\/resmak.com\/contrato-de-venta-a-distancia\/"},"modified":"2025-05-02T21:40:54","modified_gmt":"2025-05-02T21:40:54","slug":"contrato-de-venta-a-distancia","status":"publish","type":"page","link":"https:\/\/resmak.com\/es\/contrato-de-venta-a-distancia\/","title":{"rendered":"Contrato de venta a distancia"},"content":{"rendered":"\t\t<div data-elementor-type=\"wp-page\" data-elementor-id=\"21164\" class=\"elementor elementor-21164 elementor-16384\">\n\t\t\t\t<div class=\"wd-negative-gap elementor-element elementor-element-87907db e-flex e-con-boxed e-con e-parent\" data-id=\"87907db\" data-element_type=\"container\">\n\t\t\t\t\t<div class=\"e-con-inner\">\n\t\t\t\t<div class=\"elementor-element elementor-element-5106126 color-scheme-inherit text-left elementor-widget elementor-widget-text-editor\" data-id=\"5106126\" data-element_type=\"widget\" data-widget_type=\"text-editor.default\">\n\t\t\t\t<div class=\"elementor-widget-container\">\n\t\t\t\t\t\t\t\t\t<h2 class=\"wp-block-heading\">Contrato de venta a distancia Resmak<\/h2><p><b>1. PARTES<\/b><br>El presente Contrato de Venta a Distancia (\u00abContrato\u00bb) se ha establecido electr\u00f3nicamente entre las partes cuyos datos figuran a continuaci\u00f3n.<\/p><p><b>Vendedor<\/b><br><b>T\u00edtulo<\/b> Resmak Maquinaria Agr\u00edcola San. Tic Ltd. \u015eti.  <br><b>Direcci\u00f3n<\/b> Balkan Mh. Ayd\u0131nlar Sk. No:14\/2 16240 Nil\u00fcfer &#8211; Bursa  <br><b>Tel\u00e9fono:<\/b> +90 545 120 24 96<br><b>Correo electr\u00f3nico:<\/b> info@resmak.com<\/p><p><b>Comprador:<\/b><br>(Se tomar\u00e1 el nombre, apellidos\/t\u00edtulo e informaci\u00f3n de contacto del consumidor durante el pedido).<\/p><p><b>2. OBJETO DEL CONTRATO<\/b><br>El presente contrato determina los derechos y obligaciones de las partes en relaci\u00f3n con la venta y entrega del producto\/servicio solicitado electr\u00f3nicamente por el Comprador a trav\u00e9s del [Nombre del Sitio Web] del Vendedor en el \u00e1mbito de la Ley n\u00ba 6502 de Protecci\u00f3n de los Consumidores y del Reglamento sobre Contratos a Distancia.<\/p><p><b>3. INFORMACI\u00d3N SOBRE EL<\/b> PRODUCTO <b>\/ SERVICIO<\/b><br>El tipo, la cantidad, la marca \/ modelo, el color, el precio de venta incluidos los impuestos y la informaci\u00f3n sobre el pago del producto o servicio adquirido por el comprador son los especificados en el momento del pedido.<\/p><p><b>4. PRECIOS Y CONDICIONES DE PAGO<\/b><br>El precio del producto \/ servicio se indica en el sitio web y el pago puede realizarse mediante tarjeta de cr\u00e9dito, giro postal \/ EFT u otros m\u00e9todos de pago especificados. El producto \/ servicio no se env\u00eda antes de que se haya completado el pago. <\/p><p><b>5. CONDICIONES DE ENTREGA<\/b><\/p><ul><li>La entrega se realizar\u00e1 en la direcci\u00f3n especificada por el Comprador en el momento del pedido.<\/li><li>El plazo de entrega no superar\u00e1 los 30 d\u00edas, salvo que se especifique lo contrario.<\/li><li>El producto se entregar\u00e1 al Comprador a trav\u00e9s de la compa\u00f1\u00eda de carga y el plazo de entrega depende de las condiciones de trabajo de la compa\u00f1\u00eda de carga.<\/li><\/ul><p><b>6. DERECHO DE DESISTIMIENTO<\/b><\/p><ul><li>El comprador tiene derecho a rescindir el contrato en un plazo de 14 d\u00edas sin justificaci\u00f3n alguna y sin penalizaci\u00f3n.<\/li><li>Para hacer uso del derecho de desistimiento, el Comprador deber\u00e1 notificarlo por escrito al Vendedor.<\/li><li>El producto no debe utilizarse antes de que expire el derecho de desistimiento y debe devolverse en su embalaje original.<\/li><li>El precio de los productos devueltos en el marco del derecho de desistimiento se devolver\u00e1 al Comprador en un plazo de 14 d\u00edas a partir de la recepci\u00f3n de la notificaci\u00f3n de desistimiento.<\/li><\/ul><p><b>7. CONDICIONES DE GARANT\u00cdA Y DEVOLUCI\u00d3N<\/b><\/p><ul><li>Los productos tienen una garant\u00eda de 2 a\u00f1os a partir de la fecha de entrega.<\/li><li>Si se detecta un defecto de fabricaci\u00f3n en el producto, el Comprador puede solicitar un cambio o un reembolso.<\/li><\/ul><p><b>8. RESOLUCI\u00d3N DE CONTROVERSIAS<\/b><br>Las controversias que puedan surgir entre las partes se intentar\u00e1n resolver principalmente a trav\u00e9s de la negociaci\u00f3n. En caso de no llegar a una soluci\u00f3n, se autoriza a las Juntas Arbitrales de Consumo y a los Tribunales de Consumo de la localidad del Comprador. <\/p><p><b>9. EFICACIA<\/b><br>Se considera que el comprador acepta todos los t\u00e9rminos de este contrato desde el momento en que realiza un pedido.<\/p><p><b>Vendedor:<\/b><br>Resmak Agricultural Machinery San. Tic Ltd. Sti.  <br><b>Destinatario:<\/b><br>(a confirmar por el consumidor en el momento del pedido)<\/p>\t\t\t\t\t\t\t\t<\/div>\n\t\t\t\t<\/div>\n\t\t\t\t\t<\/div>\n\t\t\t\t<\/div>\n\t\t\t\t<\/div>\n\t\t","protected":false},"excerpt":{"rendered":"<p>Contrato de venta a distancia Resmak 1. PARTESEl presente Contrato de Venta a Distancia (\u00abContrato\u00bb) se ha establecido electr\u00f3nicamente entre<\/p>\n","protected":false},"author":1,"featured_media":0,"parent":0,"menu_order":0,"comment_status":"closed","ping_status":"closed","template":"","meta":{"footnotes":""},"class_list":["post-21164","page","type-page","status-publish","hentry"],"yoast_head":"<!-- This site is optimized with the Yoast SEO Premium plugin v26.8 (Yoast SEO v26.8) - https:\/\/yoast.com\/product\/yoast-seo-premium-wordpress\/ -->\n<title>Contrato de venta a distancia<\/title>\n<meta name=\"robots\" content=\"index, follow, max-snippet:-1, max-image-preview:large, max-video-preview:-1\" \/>\n<link rel=\"canonical\" href=\"https:\/\/resmak.com\/es\/contrato-de-venta-a-distancia\/\" \/>\n<meta property=\"og:locale\" content=\"es_ES\" \/>\n<meta property=\"og:type\" content=\"article\" \/>\n<meta property=\"og:title\" content=\"Contrato de venta a distancia\" \/>\n<meta property=\"og:description\" content=\"Contrato de venta a distancia Resmak 1. PARTESEl presente Contrato de Venta a Distancia (\u00abContrato\u00bb) se ha establecido electr\u00f3nicamente entre\" \/>\n<meta property=\"og:url\" content=\"https:\/\/resmak.com\/es\/contrato-de-venta-a-distancia\/\" \/>\n<meta property=\"og:site_name\" content=\"Resmak Tar\u0131m ve G\u0131da Makineleri\" \/>\n<meta property=\"article:publisher\" content=\"https:\/\/www.facebook.com\/resmakco\" \/>\n<meta property=\"article:modified_time\" content=\"2025-05-02T21:40:54+00:00\" \/>\n<meta name=\"twitter:card\" content=\"summary_large_image\" \/>\n<meta name=\"twitter:site\" content=\"@resmakco\" \/>\n<meta name=\"twitter:label1\" content=\"Tiempo de lectura\" \/>\n\t<meta name=\"twitter:data1\" content=\"3 minutos\" \/>\n<script type=\"application\/ld+json\" class=\"yoast-schema-graph\">{\"@context\":\"https:\/\/schema.org\",\"@graph\":[{\"@type\":\"WebPage\",\"@id\":\"https:\/\/resmak.com\/es\/contrato-de-venta-a-distancia\/\",\"url\":\"https:\/\/resmak.com\/es\/contrato-de-venta-a-distancia\/\",\"name\":\"Contrato de venta a distancia\",\"isPartOf\":{\"@id\":\"https:\/\/resmak.com\/es\/#website\"},\"datePublished\":\"2025-02-21T12:23:34+00:00\",\"dateModified\":\"2025-05-02T21:40:54+00:00\",\"breadcrumb\":{\"@id\":\"https:\/\/resmak.com\/es\/contrato-de-venta-a-distancia\/#breadcrumb\"},\"inLanguage\":\"es\",\"potentialAction\":[{\"@type\":\"ReadAction\",\"target\":[\"https:\/\/resmak.com\/es\/contrato-de-venta-a-distancia\/\"]}]},{\"@type\":\"BreadcrumbList\",\"@id\":\"https:\/\/resmak.com\/es\/contrato-de-venta-a-distancia\/#breadcrumb\",\"itemListElement\":[{\"@type\":\"ListItem\",\"position\":1,\"name\":\"Anasayfa\",\"item\":\"https:\/\/resmak.com\/es\/\"},{\"@type\":\"ListItem\",\"position\":2,\"name\":\"Contrato de venta a distancia\"}]},{\"@type\":\"WebSite\",\"@id\":\"https:\/\/resmak.com\/es\/#website\",\"url\":\"https:\/\/resmak.com\/es\/\",\"name\":\"Resmak Tar\u0131m ve G\u0131da Makineleri\",\"description\":\"\",\"publisher\":{\"@id\":\"https:\/\/resmak.com\/es\/#organization\"},\"alternateName\":\"Resmak\",\"potentialAction\":[{\"@type\":\"SearchAction\",\"target\":{\"@type\":\"EntryPoint\",\"urlTemplate\":\"https:\/\/resmak.com\/es\/?s={search_term_string}\"},\"query-input\":{\"@type\":\"PropertyValueSpecification\",\"valueRequired\":true,\"valueName\":\"search_term_string\"}}],\"inLanguage\":\"es\"},{\"@type\":\"Organization\",\"@id\":\"https:\/\/resmak.com\/es\/#organization\",\"name\":\"Resmak Tar\u0131m ve G\u0131da Makineleri\",\"alternateName\":\"Resmak G\u0131da Makineleri\",\"url\":\"https:\/\/resmak.com\/es\/\",\"logo\":{\"@type\":\"ImageObject\",\"inLanguage\":\"es\",\"@id\":\"https:\/\/resmak.com\/es\/#\/schema\/logo\/image\/\",\"url\":\"https:\/\/resmak.com\/wp-content\/uploads\/2025\/02\/resmak-logo-3.jpg\",\"contentUrl\":\"https:\/\/resmak.com\/wp-content\/uploads\/2025\/02\/resmak-logo-3.jpg\",\"width\":696,\"height\":696,\"caption\":\"Resmak Tar\u0131m ve G\u0131da Makineleri\"},\"image\":{\"@id\":\"https:\/\/resmak.com\/es\/#\/schema\/logo\/image\/\"},\"sameAs\":[\"https:\/\/www.facebook.com\/resmakco\",\"https:\/\/x.com\/resmakco\",\"https:\/\/www.instagram.com\/resmakco\/\",\"https:\/\/www.youtube.com\/@Resmakco\"],\"description\":\"Tar\u0131m ve g\u0131da i\u015fleme sekt\u00f6r\u00fcne yenilik\u00e7i, dayan\u0131kl\u0131 ve verimli makineler kazand\u0131ran Resmak, g\u00fc\u00e7l\u00fc m\u00fchendislik altyap\u0131s\u0131 ve m\u00fc\u015fteri odakl\u0131 yakla\u015f\u0131m\u0131yla sekt\u00f6rde fark yaratmaktad\u0131r. Kalite, g\u00fcvenilirlik ve m\u00fc\u015fteri memnuniyeti ilkelerini temel alarak, kullan\u0131c\u0131lar\u0131n ihtiya\u00e7lar\u0131na en uygun \u00e7\u00f6z\u00fcmleri sunuyoruz.\",\"email\":\"info@resmak.com\",\"telephone\":\"+905451202496\",\"legalName\":\"Resmak Tar\u0131m ve G\u0131da Makineleri San. Tic. Ltd. \u015eti.\",\"taxID\":\"7342825092\"}]}<\/script>\n<!-- \/ Yoast SEO Premium plugin. -->","yoast_head_json":{"title":"Contrato de venta a distancia","robots":{"index":"index","follow":"follow","max-snippet":"max-snippet:-1","max-image-preview":"max-image-preview:large","max-video-preview":"max-video-preview:-1"},"canonical":"https:\/\/resmak.com\/es\/contrato-de-venta-a-distancia\/","og_locale":"es_ES","og_type":"article","og_title":"Contrato de venta a distancia","og_description":"Contrato de venta a distancia Resmak 1. PARTESEl presente Contrato de Venta a Distancia (\u00abContrato\u00bb) se ha establecido electr\u00f3nicamente entre","og_url":"https:\/\/resmak.com\/es\/contrato-de-venta-a-distancia\/","og_site_name":"Resmak Tar\u0131m ve G\u0131da Makineleri","article_publisher":"https:\/\/www.facebook.com\/resmakco","article_modified_time":"2025-05-02T21:40:54+00:00","twitter_card":"summary_large_image","twitter_site":"@resmakco","twitter_misc":{"Tiempo de lectura":"3 minutos"},"schema":{"@context":"https:\/\/schema.org","@graph":[{"@type":"WebPage","@id":"https:\/\/resmak.com\/es\/contrato-de-venta-a-distancia\/","url":"https:\/\/resmak.com\/es\/contrato-de-venta-a-distancia\/","name":"Contrato de venta a distancia","isPartOf":{"@id":"https:\/\/resmak.com\/es\/#website"},"datePublished":"2025-02-21T12:23:34+00:00","dateModified":"2025-05-02T21:40:54+00:00","breadcrumb":{"@id":"https:\/\/resmak.com\/es\/contrato-de-venta-a-distancia\/#breadcrumb"},"inLanguage":"es","potentialAction":[{"@type":"ReadAction","target":["https:\/\/resmak.com\/es\/contrato-de-venta-a-distancia\/"]}]},{"@type":"BreadcrumbList","@id":"https:\/\/resmak.com\/es\/contrato-de-venta-a-distancia\/#breadcrumb","itemListElement":[{"@type":"ListItem","position":1,"name":"Anasayfa","item":"https:\/\/resmak.com\/es\/"},{"@type":"ListItem","position":2,"name":"Contrato de venta a distancia"}]},{"@type":"WebSite","@id":"https:\/\/resmak.com\/es\/#website","url":"https:\/\/resmak.com\/es\/","name":"Resmak Tar\u0131m ve G\u0131da Makineleri","description":"","publisher":{"@id":"https:\/\/resmak.com\/es\/#organization"},"alternateName":"Resmak","potentialAction":[{"@type":"SearchAction","target":{"@type":"EntryPoint","urlTemplate":"https:\/\/resmak.com\/es\/?s={search_term_string}"},"query-input":{"@type":"PropertyValueSpecification","valueRequired":true,"valueName":"search_term_string"}}],"inLanguage":"es"},{"@type":"Organization","@id":"https:\/\/resmak.com\/es\/#organization","name":"Resmak Tar\u0131m ve G\u0131da Makineleri","alternateName":"Resmak G\u0131da Makineleri","url":"https:\/\/resmak.com\/es\/","logo":{"@type":"ImageObject","inLanguage":"es","@id":"https:\/\/resmak.com\/es\/#\/schema\/logo\/image\/","url":"https:\/\/resmak.com\/wp-content\/uploads\/2025\/02\/resmak-logo-3.jpg","contentUrl":"https:\/\/resmak.com\/wp-content\/uploads\/2025\/02\/resmak-logo-3.jpg","width":696,"height":696,"caption":"Resmak Tar\u0131m ve G\u0131da Makineleri"},"image":{"@id":"https:\/\/resmak.com\/es\/#\/schema\/logo\/image\/"},"sameAs":["https:\/\/www.facebook.com\/resmakco","https:\/\/x.com\/resmakco","https:\/\/www.instagram.com\/resmakco\/","https:\/\/www.youtube.com\/@Resmakco"],"description":"Tar\u0131m ve g\u0131da i\u015fleme sekt\u00f6r\u00fcne yenilik\u00e7i, dayan\u0131kl\u0131 ve verimli makineler kazand\u0131ran Resmak, g\u00fc\u00e7l\u00fc m\u00fchendislik altyap\u0131s\u0131 ve m\u00fc\u015fteri odakl\u0131 yakla\u015f\u0131m\u0131yla sekt\u00f6rde fark yaratmaktad\u0131r. Kalite, g\u00fcvenilirlik ve m\u00fc\u015fteri memnuniyeti ilkelerini temel alarak, kullan\u0131c\u0131lar\u0131n ihtiya\u00e7lar\u0131na en uygun \u00e7\u00f6z\u00fcmleri sunuyoruz.","email":"info@resmak.com","telephone":"+905451202496","legalName":"Resmak Tar\u0131m ve G\u0131da Makineleri San. Tic. Ltd. \u015eti.","taxID":"7342825092"}]}},"_links":{"self":[{"href":"https:\/\/resmak.com\/es\/wp-json\/wp\/v2\/pages\/21164","targetHints":{"allow":["GET"]}}],"collection":[{"href":"https:\/\/resmak.com\/es\/wp-json\/wp\/v2\/pages"}],"about":[{"href":"https:\/\/resmak.com\/es\/wp-json\/wp\/v2\/types\/page"}],"author":[{"embeddable":true,"href":"https:\/\/resmak.com\/es\/wp-json\/wp\/v2\/users\/1"}],"replies":[{"embeddable":true,"href":"https:\/\/resmak.com\/es\/wp-json\/wp\/v2\/comments?post=21164"}],"version-history":[{"count":2,"href":"https:\/\/resmak.com\/es\/wp-json\/wp\/v2\/pages\/21164\/revisions"}],"predecessor-version":[{"id":31230,"href":"https:\/\/resmak.com\/es\/wp-json\/wp\/v2\/pages\/21164\/revisions\/31230"}],"wp:attachment":[{"href":"https:\/\/resmak.com\/es\/wp-json\/wp\/v2\/media?parent=21164"}],"curies":[{"name":"wp","href":"https:\/\/api.w.org\/{rel}","templated":true}]}}