{"id":21060,"date":"2024-12-29T13:43:56","date_gmt":"2024-12-29T13:43:56","guid":{"rendered":"https:\/\/resmak.com\/politica-de-privacidade\/"},"modified":"2025-05-02T21:42:21","modified_gmt":"2025-05-02T21:42:21","slug":"politica-de-privacidade","status":"publish","type":"page","link":"https:\/\/resmak.com\/pt-pt\/politica-de-privacidade\/","title":{"rendered":"Pol\u00edtica de privacidade"},"content":{"rendered":"\t\t<div data-elementor-type=\"wp-page\" data-elementor-id=\"21060\" class=\"elementor elementor-21060 elementor-3\">\n\t\t\t\t<div class=\"wd-negative-gap elementor-element elementor-element-6e34078d e-flex e-con-boxed e-con e-parent\" data-id=\"6e34078d\" data-element_type=\"container\">\n\t\t\t\t\t<div class=\"e-con-inner\">\n\t\t\t\t<div class=\"elementor-element elementor-element-54ffecd7 color-scheme-inherit text-left elementor-widget elementor-widget-text-editor\" data-id=\"54ffecd7\" data-element_type=\"widget\" data-widget_type=\"text-editor.default\">\n\t\t\t\t<div class=\"elementor-widget-container\">\n\t\t\t\t\t\t\t\t\t\n<h2 class=\"wp-block-heading\">Pol\u00edtica de privacidade da Resmak<\/h2>\n\n<p><b>1. Introdu\u00e7\u00e3o<\/b><br>Esta pol\u00edtica de privacidade descreve o nosso compromisso em proteger a privacidade dos nossos clientes, uma vez que a Resmak Agricultural Machinery San. Tic Ltd. \u015eti. explica o nosso compromisso com a prote\u00e7\u00e3o da privacidade dos nossos clientes. Considera-se que todos os utilizadores que visitam o nosso website e utilizam os nossos servi\u00e7os aceitam as pr\u00e1ticas de privacidade aqui definidas.    <\/p>\n<p><b>2. informa\u00e7\u00f5es recolhidas<\/b><br>Podemos recolher as seguintes informa\u00e7\u00f5es quando utilizas o nosso s\u00edtio Web:<\/p>\n<ul>\n<li><b>Dados pessoais:<\/b> Nome, apelido, endere\u00e7o de correio eletr\u00f3nico, n\u00famero de telefone, endere\u00e7o de fatura\u00e7\u00e3o e de entrega.<\/li>\n<li><b>Informa\u00e7\u00f5es de pagamento:<\/b> Dados do cart\u00e3o de cr\u00e9dito ou de d\u00e9bito (processados por fornecedores de pagamentos terceiros).<\/li>\n<li><b>Cookies e dados anal\u00edticos:<\/b> Informa\u00e7\u00f5es do navegador, endere\u00e7o IP, p\u00e1ginas visitadas, informa\u00e7\u00f5es do dispositivo.<\/li>\n<\/ul>\n<p><b>3. Utiliza\u00e7\u00e3o das informa\u00e7\u00f5es<\/b><br>Podemos utilizar as informa\u00e7\u00f5es que recolhemos para os seguintes fins:<\/p>\n<ul>\n<li>Processa encomendas, efectua entregas e presta apoio ao cliente.<\/li>\n<li>Personalizar e melhorar a experi\u00eancia no s\u00edtio Web.<\/li>\n<li>Cumpre os requisitos legais.<\/li>\n<li>Realizar actividades de marketing, publicidade e promo\u00e7\u00e3o (com o consentimento do utilizador).<\/li>\n<li>Para evitar fraudes e garantir a seguran\u00e7a.<\/li>\n<\/ul>\n<p><b>4. cookies e tecnologias de rastreio<\/b><br>Os cookies s\u00e3o utilizados no nosso s\u00edtio Web para melhorar a experi\u00eancia do utilizador. Ao utilizar cookies, analisamos o tr\u00e1fego do s\u00edtio Web, fornecemos conte\u00fados personalizados e direccionamos a publicidade. Podes gerir os cookies atrav\u00e9s das defini\u00e7\u00f5es do teu browser.  <\/p>\n<p><b>5. servi\u00e7os de terceiros<\/b><br>Podemos partilhar as tuas informa\u00e7\u00f5es com os seguintes terceiros:<\/p>\n<ul>\n<li><b>Fornecedores de pagamentos:<\/b> Para transac\u00e7\u00f5es de pagamento seguras.<\/li>\n<li><b>Empresas de log\u00edstica:<\/b> Para a entrega das encomendas.<\/li>\n<li><b>Servi\u00e7os de an\u00e1lise e publicidade:<\/b> Para medir o desempenho do s\u00edtio Web e melhorar as estrat\u00e9gias de marketing. Estes prestadores de servi\u00e7os processam as tuas informa\u00e7\u00f5es apenas para os fins especificados e tomando as medidas de confidencialidade necess\u00e1rias. <\/li>\n<\/ul>\n<p><b>6. Seguran\u00e7a da informa\u00e7\u00e3o<\/b><br>Implementamos v\u00e1rias medidas t\u00e9cnicas e administrativas, tais como encripta\u00e7\u00e3o, firewalls e controlos de acesso, para garantir a seguran\u00e7a da informa\u00e7\u00e3o dos clientes.<\/p>\n<p><b>7. Direitos dos utilizadores<\/b><br>Os utilizadores t\u00eam os seguintes direitos relativamente aos seus dados pessoais:<\/p>\n<ul>\n<li>Solicita o acesso, a retifica\u00e7\u00e3o ou a supress\u00e3o dos seus dados.<\/li>\n<li>Recusa as comunica\u00e7\u00f5es de marketing.<\/li>\n<li>Receber informa\u00e7\u00f5es sobre a forma como os teus dados s\u00e3o tratados. Podes contactar-nos para os teus pedidos: info@resmak.com <\/li>\n<\/ul>\n<p><b>8. Altera\u00e7\u00f5es e actualiza\u00e7\u00f5es<\/b><br>Esta pol\u00edtica de privacidade pode ser actualizada periodicamente. As actualiza\u00e7\u00f5es ser\u00e3o publicadas no nosso s\u00edtio Web e entrar\u00e3o em vigor. <\/p>\n<p><b>9. contactar<\/b><br>Podes contactar-nos para esclarecer d\u00favidas sobre a nossa pol\u00edtica de privacidade:<br><b>Correio eletr\u00f3nico:<\/b> info@resmak.com<br><b>Telefone:<\/b> +90 545 120 24 96<br><b>Endere\u00e7o da empresa:<\/b> Balkan Mh. Ayd\u0131nlar Sk. No:14\/2 16240 Nil\u00fcfer &#8211; Bursa  <\/p>\t\t\t\t\t\t\t\t<\/div>\n\t\t\t\t<\/div>\n\t\t\t\t\t<\/div>\n\t\t\t\t<\/div>\n\t\t\t\t<\/div>\n\t\t","protected":false},"excerpt":{"rendered":"<p>Pol\u00edtica de privacidade da Resmak 1. Introdu\u00e7\u00e3oEsta pol\u00edtica de privacidade descreve o nosso compromisso em proteger a privacidade dos nossos<\/p>\n","protected":false},"author":1,"featured_media":0,"parent":0,"menu_order":0,"comment_status":"closed","ping_status":"closed","template":"","meta":{"footnotes":""},"class_list":["post-21060","page","type-page","status-publish","hentry"],"yoast_head":"<!-- This site is optimized with the Yoast SEO Premium plugin v26.8 (Yoast SEO v26.8) - https:\/\/yoast.com\/product\/yoast-seo-premium-wordpress\/ -->\n<title>Pol\u00edtica de privacidade<\/title>\n<meta name=\"robots\" content=\"index, follow, max-snippet:-1, max-image-preview:large, max-video-preview:-1\" \/>\n<link rel=\"canonical\" href=\"https:\/\/resmak.com\/pt-pt\/politica-de-privacidade\/\" \/>\n<meta property=\"og:locale\" content=\"pt_PT\" \/>\n<meta property=\"og:type\" content=\"article\" \/>\n<meta property=\"og:title\" content=\"Pol\u00edtica de privacidade\" \/>\n<meta property=\"og:description\" content=\"Pol\u00edtica de privacidade da Resmak 1. Introdu\u00e7\u00e3oEsta pol\u00edtica de privacidade descreve o nosso compromisso em proteger a privacidade dos nossos\" \/>\n<meta property=\"og:url\" content=\"https:\/\/resmak.com\/pt-pt\/politica-de-privacidade\/\" \/>\n<meta property=\"og:site_name\" content=\"Resmak Tar\u0131m ve G\u0131da Makineleri\" \/>\n<meta property=\"article:publisher\" content=\"https:\/\/www.facebook.com\/resmakco\" \/>\n<meta property=\"article:modified_time\" content=\"2025-05-02T21:42:21+00:00\" \/>\n<meta name=\"twitter:card\" content=\"summary_large_image\" \/>\n<meta name=\"twitter:site\" content=\"@resmakco\" \/>\n<meta name=\"twitter:label1\" content=\"Tempo estimado de leitura\" \/>\n\t<meta name=\"twitter:data1\" content=\"2 minutos\" \/>\n<script type=\"application\/ld+json\" class=\"yoast-schema-graph\">{\"@context\":\"https:\/\/schema.org\",\"@graph\":[{\"@type\":\"WebPage\",\"@id\":\"https:\/\/resmak.com\/pt-pt\/politica-de-privacidade\/\",\"url\":\"https:\/\/resmak.com\/pt-pt\/politica-de-privacidade\/\",\"name\":\"Pol\u00edtica de privacidade\",\"isPartOf\":{\"@id\":\"https:\/\/resmak.com\/pt-pt\/#website\"},\"datePublished\":\"2024-12-29T13:43:56+00:00\",\"dateModified\":\"2025-05-02T21:42:21+00:00\",\"breadcrumb\":{\"@id\":\"https:\/\/resmak.com\/pt-pt\/politica-de-privacidade\/#breadcrumb\"},\"inLanguage\":\"pt-PT\",\"potentialAction\":[{\"@type\":\"ReadAction\",\"target\":[\"https:\/\/resmak.com\/pt-pt\/politica-de-privacidade\/\"]}]},{\"@type\":\"BreadcrumbList\",\"@id\":\"https:\/\/resmak.com\/pt-pt\/politica-de-privacidade\/#breadcrumb\",\"itemListElement\":[{\"@type\":\"ListItem\",\"position\":1,\"name\":\"Anasayfa\",\"item\":\"https:\/\/resmak.com\/pt-pt\/\"},{\"@type\":\"ListItem\",\"position\":2,\"name\":\"Pol\u00edtica de privacidade\"}]},{\"@type\":\"WebSite\",\"@id\":\"https:\/\/resmak.com\/pt-pt\/#website\",\"url\":\"https:\/\/resmak.com\/pt-pt\/\",\"name\":\"Resmak Tar\u0131m ve G\u0131da Makineleri\",\"description\":\"\",\"publisher\":{\"@id\":\"https:\/\/resmak.com\/pt-pt\/#organization\"},\"alternateName\":\"Resmak\",\"potentialAction\":[{\"@type\":\"SearchAction\",\"target\":{\"@type\":\"EntryPoint\",\"urlTemplate\":\"https:\/\/resmak.com\/pt-pt\/?s={search_term_string}\"},\"query-input\":{\"@type\":\"PropertyValueSpecification\",\"valueRequired\":true,\"valueName\":\"search_term_string\"}}],\"inLanguage\":\"pt-PT\"},{\"@type\":\"Organization\",\"@id\":\"https:\/\/resmak.com\/pt-pt\/#organization\",\"name\":\"Resmak Tar\u0131m ve G\u0131da Makineleri\",\"alternateName\":\"Resmak G\u0131da Makineleri\",\"url\":\"https:\/\/resmak.com\/pt-pt\/\",\"logo\":{\"@type\":\"ImageObject\",\"inLanguage\":\"pt-PT\",\"@id\":\"https:\/\/resmak.com\/pt-pt\/#\/schema\/logo\/image\/\",\"url\":\"https:\/\/resmak.com\/wp-content\/uploads\/2025\/02\/resmak-logo-3.jpg\",\"contentUrl\":\"https:\/\/resmak.com\/wp-content\/uploads\/2025\/02\/resmak-logo-3.jpg\",\"width\":696,\"height\":696,\"caption\":\"Resmak Tar\u0131m ve G\u0131da Makineleri\"},\"image\":{\"@id\":\"https:\/\/resmak.com\/pt-pt\/#\/schema\/logo\/image\/\"},\"sameAs\":[\"https:\/\/www.facebook.com\/resmakco\",\"https:\/\/x.com\/resmakco\",\"https:\/\/www.instagram.com\/resmakco\/\",\"https:\/\/www.youtube.com\/@Resmakco\"],\"description\":\"Tar\u0131m ve g\u0131da i\u015fleme sekt\u00f6r\u00fcne yenilik\u00e7i, dayan\u0131kl\u0131 ve verimli makineler kazand\u0131ran Resmak, g\u00fc\u00e7l\u00fc m\u00fchendislik altyap\u0131s\u0131 ve m\u00fc\u015fteri odakl\u0131 yakla\u015f\u0131m\u0131yla sekt\u00f6rde fark yaratmaktad\u0131r. Kalite, g\u00fcvenilirlik ve m\u00fc\u015fteri memnuniyeti ilkelerini temel alarak, kullan\u0131c\u0131lar\u0131n ihtiya\u00e7lar\u0131na en uygun \u00e7\u00f6z\u00fcmleri sunuyoruz.\",\"email\":\"info@resmak.com\",\"telephone\":\"+905451202496\",\"legalName\":\"Resmak Tar\u0131m ve G\u0131da Makineleri San. Tic. Ltd. \u015eti.\",\"taxID\":\"7342825092\"}]}<\/script>\n<!-- \/ Yoast SEO Premium plugin. -->","yoast_head_json":{"title":"Pol\u00edtica de privacidade","robots":{"index":"index","follow":"follow","max-snippet":"max-snippet:-1","max-image-preview":"max-image-preview:large","max-video-preview":"max-video-preview:-1"},"canonical":"https:\/\/resmak.com\/pt-pt\/politica-de-privacidade\/","og_locale":"pt_PT","og_type":"article","og_title":"Pol\u00edtica de privacidade","og_description":"Pol\u00edtica de privacidade da Resmak 1. Introdu\u00e7\u00e3oEsta pol\u00edtica de privacidade descreve o nosso compromisso em proteger a privacidade dos nossos","og_url":"https:\/\/resmak.com\/pt-pt\/politica-de-privacidade\/","og_site_name":"Resmak Tar\u0131m ve G\u0131da Makineleri","article_publisher":"https:\/\/www.facebook.com\/resmakco","article_modified_time":"2025-05-02T21:42:21+00:00","twitter_card":"summary_large_image","twitter_site":"@resmakco","twitter_misc":{"Tempo estimado de leitura":"2 minutos"},"schema":{"@context":"https:\/\/schema.org","@graph":[{"@type":"WebPage","@id":"https:\/\/resmak.com\/pt-pt\/politica-de-privacidade\/","url":"https:\/\/resmak.com\/pt-pt\/politica-de-privacidade\/","name":"Pol\u00edtica de privacidade","isPartOf":{"@id":"https:\/\/resmak.com\/pt-pt\/#website"},"datePublished":"2024-12-29T13:43:56+00:00","dateModified":"2025-05-02T21:42:21+00:00","breadcrumb":{"@id":"https:\/\/resmak.com\/pt-pt\/politica-de-privacidade\/#breadcrumb"},"inLanguage":"pt-PT","potentialAction":[{"@type":"ReadAction","target":["https:\/\/resmak.com\/pt-pt\/politica-de-privacidade\/"]}]},{"@type":"BreadcrumbList","@id":"https:\/\/resmak.com\/pt-pt\/politica-de-privacidade\/#breadcrumb","itemListElement":[{"@type":"ListItem","position":1,"name":"Anasayfa","item":"https:\/\/resmak.com\/pt-pt\/"},{"@type":"ListItem","position":2,"name":"Pol\u00edtica de privacidade"}]},{"@type":"WebSite","@id":"https:\/\/resmak.com\/pt-pt\/#website","url":"https:\/\/resmak.com\/pt-pt\/","name":"Resmak Tar\u0131m ve G\u0131da Makineleri","description":"","publisher":{"@id":"https:\/\/resmak.com\/pt-pt\/#organization"},"alternateName":"Resmak","potentialAction":[{"@type":"SearchAction","target":{"@type":"EntryPoint","urlTemplate":"https:\/\/resmak.com\/pt-pt\/?s={search_term_string}"},"query-input":{"@type":"PropertyValueSpecification","valueRequired":true,"valueName":"search_term_string"}}],"inLanguage":"pt-PT"},{"@type":"Organization","@id":"https:\/\/resmak.com\/pt-pt\/#organization","name":"Resmak Tar\u0131m ve G\u0131da Makineleri","alternateName":"Resmak G\u0131da Makineleri","url":"https:\/\/resmak.com\/pt-pt\/","logo":{"@type":"ImageObject","inLanguage":"pt-PT","@id":"https:\/\/resmak.com\/pt-pt\/#\/schema\/logo\/image\/","url":"https:\/\/resmak.com\/wp-content\/uploads\/2025\/02\/resmak-logo-3.jpg","contentUrl":"https:\/\/resmak.com\/wp-content\/uploads\/2025\/02\/resmak-logo-3.jpg","width":696,"height":696,"caption":"Resmak Tar\u0131m ve G\u0131da Makineleri"},"image":{"@id":"https:\/\/resmak.com\/pt-pt\/#\/schema\/logo\/image\/"},"sameAs":["https:\/\/www.facebook.com\/resmakco","https:\/\/x.com\/resmakco","https:\/\/www.instagram.com\/resmakco\/","https:\/\/www.youtube.com\/@Resmakco"],"description":"Tar\u0131m ve g\u0131da i\u015fleme sekt\u00f6r\u00fcne yenilik\u00e7i, dayan\u0131kl\u0131 ve verimli makineler kazand\u0131ran Resmak, g\u00fc\u00e7l\u00fc m\u00fchendislik altyap\u0131s\u0131 ve m\u00fc\u015fteri odakl\u0131 yakla\u015f\u0131m\u0131yla sekt\u00f6rde fark yaratmaktad\u0131r. Kalite, g\u00fcvenilirlik ve m\u00fc\u015fteri memnuniyeti ilkelerini temel alarak, kullan\u0131c\u0131lar\u0131n ihtiya\u00e7lar\u0131na en uygun \u00e7\u00f6z\u00fcmleri sunuyoruz.","email":"info@resmak.com","telephone":"+905451202496","legalName":"Resmak Tar\u0131m ve G\u0131da Makineleri San. Tic. Ltd. \u015eti.","taxID":"7342825092"}]}},"_links":{"self":[{"href":"https:\/\/resmak.com\/pt-pt\/wp-json\/wp\/v2\/pages\/21060","targetHints":{"allow":["GET"]}}],"collection":[{"href":"https:\/\/resmak.com\/pt-pt\/wp-json\/wp\/v2\/pages"}],"about":[{"href":"https:\/\/resmak.com\/pt-pt\/wp-json\/wp\/v2\/types\/page"}],"author":[{"embeddable":true,"href":"https:\/\/resmak.com\/pt-pt\/wp-json\/wp\/v2\/users\/1"}],"replies":[{"embeddable":true,"href":"https:\/\/resmak.com\/pt-pt\/wp-json\/wp\/v2\/comments?post=21060"}],"version-history":[{"count":6,"href":"https:\/\/resmak.com\/pt-pt\/wp-json\/wp\/v2\/pages\/21060\/revisions"}],"predecessor-version":[{"id":31280,"href":"https:\/\/resmak.com\/pt-pt\/wp-json\/wp\/v2\/pages\/21060\/revisions\/31280"}],"wp:attachment":[{"href":"https:\/\/resmak.com\/pt-pt\/wp-json\/wp\/v2\/media?parent=21060"}],"curies":[{"name":"wp","href":"https:\/\/api.w.org\/{rel}","templated":true}]}}