{"id":21122,"date":"2025-02-21T12:18:27","date_gmt":"2025-02-21T12:18:27","guid":{"rendered":"https:\/\/resmak.com\/condicoes-de-entrega-e-devolucao\/"},"modified":"2025-05-02T21:41:15","modified_gmt":"2025-05-02T21:41:15","slug":"condicoes-de-entrega-e-devolucao","status":"publish","type":"page","link":"https:\/\/resmak.com\/pt-pt\/condicoes-de-entrega-e-devolucao\/","title":{"rendered":"Condi\u00e7\u00f5es de entrega e devolu\u00e7\u00e3o"},"content":{"rendered":"\t\t<div data-elementor-type=\"wp-page\" data-elementor-id=\"21122\" class=\"elementor elementor-21122 elementor-16375\">\n\t\t\t\t<div class=\"wd-negative-gap elementor-element elementor-element-243c280 e-flex e-con-boxed e-con e-parent\" data-id=\"243c280\" data-element_type=\"container\">\n\t\t\t\t\t<div class=\"e-con-inner\">\n\t\t\t\t<div class=\"elementor-element elementor-element-8af75e6 color-scheme-inherit text-left elementor-widget elementor-widget-text-editor\" data-id=\"8af75e6\" data-element_type=\"widget\" data-widget_type=\"text-editor.default\">\n\t\t\t\t<div class=\"elementor-widget-container\">\n\t\t\t\t\t\t\t\t\t<p><\/p><h2 class=\"wp-block-heading\">Condi\u00e7\u00f5es de entrega e devolu\u00e7\u00e3o Resmak<\/h2><p><\/p><p><\/p><p><strong>Condi\u00e7\u00f5es de entrega:<\/strong><\/p><p><\/p><ul class=\"wp-block-list\"><li>Os produtos <strong>ser\u00e3o expedidos no prazo de 7 dias \u00fateis<\/strong> ap\u00f3s a confirma\u00e7\u00e3o da encomenda. No entanto, o prazo de entrega pode variar em fun\u00e7\u00e3o do calend\u00e1rio de trabalho e dos processos log\u00edsticos da empresa de transporte. Por este motivo, a data exacta de entrega n\u00e3o pode ser garantida.  <\/li><li>A entrega ser\u00e1 efectuada no <strong>endere\u00e7o indicado pelo destinat\u00e1rio<\/strong>. \u00c9 importante que o endere\u00e7o esteja correto e completo para que a entrega seja feita a tempo. As altera\u00e7\u00f5es de endere\u00e7o podem afetar o processo de entrega.  <\/li><li><strong>Os custos de entrega<\/strong> ficam a cargo do comprador. O pagamento das despesas de entrega \u00e9 efectuado por correio ou transit\u00e1rio aquando da confirma\u00e7\u00e3o da encomenda. <\/li><li>O modo de entrega pode ser <strong>carga, frete, armaz\u00e9m ou entrega em m\u00e3o<\/strong>. O modo de entrega ser\u00e1 determinado em fun\u00e7\u00e3o das prefer\u00eancias do destinat\u00e1rio e da regi\u00e3o de expedi\u00e7\u00e3o. As entregas efectuadas pela empresa de carga podem provocar altera\u00e7\u00f5es no prazo de entrega e na garantia de entrega programada.  <\/li><\/ul><p><\/p><p><strong>Condi\u00e7\u00f5es de devolu\u00e7\u00e3o:<\/strong><\/p><p><\/p><ul class=\"wp-block-list\"><li>Os produtos solicitados para devolu\u00e7\u00e3o <strong>devem estar sem uso e fechados<\/strong>. A entrega do produto na sua embalagem original, sem qualquer dano, \u00e9 obrigat\u00f3ria para o processo de devolu\u00e7\u00e3o. <\/li><li>Os pedidos de devolu\u00e7\u00e3o devem ser efectuados <strong>no prazo de 14 dias<\/strong> a contar da data de entrega do produto. As devolu\u00e7\u00f5es n\u00e3o solicitadas dentro deste prazo n\u00e3o ser\u00e3o aceites. <\/li><li>As <strong>despesas de envio<\/strong> ficam a cargo do comprador que solicita a devolu\u00e7\u00e3o. Durante o processo de devolu\u00e7\u00e3o, os custos de transporte utilizados para enviar o produto de volta ser\u00e3o pagos pelo comprador. <\/li><li><strong>Procedimento de devolu\u00e7\u00e3o<\/strong>: Juntamente com o produto devolvido, devem ser enviados documentos como o certificado de garantia, a fatura cancelada e o recibo de pagamento. Estes documentos s\u00e3o obrigat\u00f3rios para a correta devolu\u00e7\u00e3o do produto e para a conclus\u00e3o do processo de transa\u00e7\u00e3o. <\/li><\/ul><p><\/p><p><\/p>\t\t\t\t\t\t\t\t<\/div>\n\t\t\t\t<\/div>\n\t\t\t\t\t<\/div>\n\t\t\t\t<\/div>\n\t\t\t\t<\/div>\n\t\t","protected":false},"excerpt":{"rendered":"<p>Condi\u00e7\u00f5es de entrega e devolu\u00e7\u00e3o Resmak Condi\u00e7\u00f5es de entrega: Os produtos ser\u00e3o expedidos no prazo de 7 dias \u00fateis ap\u00f3s<\/p>\n","protected":false},"author":1,"featured_media":0,"parent":0,"menu_order":0,"comment_status":"closed","ping_status":"closed","template":"","meta":{"footnotes":""},"class_list":["post-21122","page","type-page","status-publish","hentry"],"yoast_head":"<!-- This site is optimized with the Yoast SEO Premium plugin v26.8 (Yoast SEO v26.8) - https:\/\/yoast.com\/product\/yoast-seo-premium-wordpress\/ -->\n<title>Condi\u00e7\u00f5es de entrega e devolu\u00e7\u00e3o<\/title>\n<meta name=\"robots\" content=\"index, follow, max-snippet:-1, max-image-preview:large, max-video-preview:-1\" \/>\n<link rel=\"canonical\" href=\"https:\/\/resmak.com\/pt-pt\/condicoes-de-entrega-e-devolucao\/\" \/>\n<meta property=\"og:locale\" content=\"pt_PT\" \/>\n<meta property=\"og:type\" content=\"article\" \/>\n<meta property=\"og:title\" content=\"Condi\u00e7\u00f5es de entrega e devolu\u00e7\u00e3o\" \/>\n<meta property=\"og:description\" content=\"Condi\u00e7\u00f5es de entrega e devolu\u00e7\u00e3o Resmak Condi\u00e7\u00f5es de entrega: Os produtos ser\u00e3o expedidos no prazo de 7 dias \u00fateis ap\u00f3s\" \/>\n<meta property=\"og:url\" content=\"https:\/\/resmak.com\/pt-pt\/condicoes-de-entrega-e-devolucao\/\" \/>\n<meta property=\"og:site_name\" content=\"Resmak Tar\u0131m ve G\u0131da Makineleri\" \/>\n<meta property=\"article:publisher\" content=\"https:\/\/www.facebook.com\/resmakco\" \/>\n<meta property=\"article:modified_time\" content=\"2025-05-02T21:41:15+00:00\" \/>\n<meta name=\"twitter:card\" content=\"summary_large_image\" \/>\n<meta name=\"twitter:site\" content=\"@resmakco\" \/>\n<meta name=\"twitter:label1\" content=\"Tempo estimado de leitura\" \/>\n\t<meta name=\"twitter:data1\" content=\"2 minutos\" \/>\n<script type=\"application\/ld+json\" class=\"yoast-schema-graph\">{\"@context\":\"https:\/\/schema.org\",\"@graph\":[{\"@type\":\"WebPage\",\"@id\":\"https:\/\/resmak.com\/pt-pt\/condicoes-de-entrega-e-devolucao\/\",\"url\":\"https:\/\/resmak.com\/pt-pt\/condicoes-de-entrega-e-devolucao\/\",\"name\":\"Condi\u00e7\u00f5es de entrega e devolu\u00e7\u00e3o\",\"isPartOf\":{\"@id\":\"https:\/\/resmak.com\/pt-pt\/#website\"},\"datePublished\":\"2025-02-21T12:18:27+00:00\",\"dateModified\":\"2025-05-02T21:41:15+00:00\",\"breadcrumb\":{\"@id\":\"https:\/\/resmak.com\/pt-pt\/condicoes-de-entrega-e-devolucao\/#breadcrumb\"},\"inLanguage\":\"pt-PT\",\"potentialAction\":[{\"@type\":\"ReadAction\",\"target\":[\"https:\/\/resmak.com\/pt-pt\/condicoes-de-entrega-e-devolucao\/\"]}]},{\"@type\":\"BreadcrumbList\",\"@id\":\"https:\/\/resmak.com\/pt-pt\/condicoes-de-entrega-e-devolucao\/#breadcrumb\",\"itemListElement\":[{\"@type\":\"ListItem\",\"position\":1,\"name\":\"Anasayfa\",\"item\":\"https:\/\/resmak.com\/pt-pt\/\"},{\"@type\":\"ListItem\",\"position\":2,\"name\":\"Condi\u00e7\u00f5es de entrega e devolu\u00e7\u00e3o\"}]},{\"@type\":\"WebSite\",\"@id\":\"https:\/\/resmak.com\/pt-pt\/#website\",\"url\":\"https:\/\/resmak.com\/pt-pt\/\",\"name\":\"Resmak Tar\u0131m ve G\u0131da Makineleri\",\"description\":\"\",\"publisher\":{\"@id\":\"https:\/\/resmak.com\/pt-pt\/#organization\"},\"alternateName\":\"Resmak\",\"potentialAction\":[{\"@type\":\"SearchAction\",\"target\":{\"@type\":\"EntryPoint\",\"urlTemplate\":\"https:\/\/resmak.com\/pt-pt\/?s={search_term_string}\"},\"query-input\":{\"@type\":\"PropertyValueSpecification\",\"valueRequired\":true,\"valueName\":\"search_term_string\"}}],\"inLanguage\":\"pt-PT\"},{\"@type\":\"Organization\",\"@id\":\"https:\/\/resmak.com\/pt-pt\/#organization\",\"name\":\"Resmak Tar\u0131m ve G\u0131da Makineleri\",\"alternateName\":\"Resmak G\u0131da Makineleri\",\"url\":\"https:\/\/resmak.com\/pt-pt\/\",\"logo\":{\"@type\":\"ImageObject\",\"inLanguage\":\"pt-PT\",\"@id\":\"https:\/\/resmak.com\/pt-pt\/#\/schema\/logo\/image\/\",\"url\":\"https:\/\/resmak.com\/wp-content\/uploads\/2025\/02\/resmak-logo-3.jpg\",\"contentUrl\":\"https:\/\/resmak.com\/wp-content\/uploads\/2025\/02\/resmak-logo-3.jpg\",\"width\":696,\"height\":696,\"caption\":\"Resmak Tar\u0131m ve G\u0131da Makineleri\"},\"image\":{\"@id\":\"https:\/\/resmak.com\/pt-pt\/#\/schema\/logo\/image\/\"},\"sameAs\":[\"https:\/\/www.facebook.com\/resmakco\",\"https:\/\/x.com\/resmakco\",\"https:\/\/www.instagram.com\/resmakco\/\",\"https:\/\/www.youtube.com\/@Resmakco\"],\"description\":\"Tar\u0131m ve g\u0131da i\u015fleme sekt\u00f6r\u00fcne yenilik\u00e7i, dayan\u0131kl\u0131 ve verimli makineler kazand\u0131ran Resmak, g\u00fc\u00e7l\u00fc m\u00fchendislik altyap\u0131s\u0131 ve m\u00fc\u015fteri odakl\u0131 yakla\u015f\u0131m\u0131yla sekt\u00f6rde fark yaratmaktad\u0131r. Kalite, g\u00fcvenilirlik ve m\u00fc\u015fteri memnuniyeti ilkelerini temel alarak, kullan\u0131c\u0131lar\u0131n ihtiya\u00e7lar\u0131na en uygun \u00e7\u00f6z\u00fcmleri sunuyoruz.\",\"email\":\"info@resmak.com\",\"telephone\":\"+905451202496\",\"legalName\":\"Resmak Tar\u0131m ve G\u0131da Makineleri San. Tic. Ltd. \u015eti.\",\"taxID\":\"7342825092\"}]}<\/script>\n<!-- \/ Yoast SEO Premium plugin. -->","yoast_head_json":{"title":"Condi\u00e7\u00f5es de entrega e devolu\u00e7\u00e3o","robots":{"index":"index","follow":"follow","max-snippet":"max-snippet:-1","max-image-preview":"max-image-preview:large","max-video-preview":"max-video-preview:-1"},"canonical":"https:\/\/resmak.com\/pt-pt\/condicoes-de-entrega-e-devolucao\/","og_locale":"pt_PT","og_type":"article","og_title":"Condi\u00e7\u00f5es de entrega e devolu\u00e7\u00e3o","og_description":"Condi\u00e7\u00f5es de entrega e devolu\u00e7\u00e3o Resmak Condi\u00e7\u00f5es de entrega: Os produtos ser\u00e3o expedidos no prazo de 7 dias \u00fateis ap\u00f3s","og_url":"https:\/\/resmak.com\/pt-pt\/condicoes-de-entrega-e-devolucao\/","og_site_name":"Resmak Tar\u0131m ve G\u0131da Makineleri","article_publisher":"https:\/\/www.facebook.com\/resmakco","article_modified_time":"2025-05-02T21:41:15+00:00","twitter_card":"summary_large_image","twitter_site":"@resmakco","twitter_misc":{"Tempo estimado de leitura":"2 minutos"},"schema":{"@context":"https:\/\/schema.org","@graph":[{"@type":"WebPage","@id":"https:\/\/resmak.com\/pt-pt\/condicoes-de-entrega-e-devolucao\/","url":"https:\/\/resmak.com\/pt-pt\/condicoes-de-entrega-e-devolucao\/","name":"Condi\u00e7\u00f5es de entrega e devolu\u00e7\u00e3o","isPartOf":{"@id":"https:\/\/resmak.com\/pt-pt\/#website"},"datePublished":"2025-02-21T12:18:27+00:00","dateModified":"2025-05-02T21:41:15+00:00","breadcrumb":{"@id":"https:\/\/resmak.com\/pt-pt\/condicoes-de-entrega-e-devolucao\/#breadcrumb"},"inLanguage":"pt-PT","potentialAction":[{"@type":"ReadAction","target":["https:\/\/resmak.com\/pt-pt\/condicoes-de-entrega-e-devolucao\/"]}]},{"@type":"BreadcrumbList","@id":"https:\/\/resmak.com\/pt-pt\/condicoes-de-entrega-e-devolucao\/#breadcrumb","itemListElement":[{"@type":"ListItem","position":1,"name":"Anasayfa","item":"https:\/\/resmak.com\/pt-pt\/"},{"@type":"ListItem","position":2,"name":"Condi\u00e7\u00f5es de entrega e devolu\u00e7\u00e3o"}]},{"@type":"WebSite","@id":"https:\/\/resmak.com\/pt-pt\/#website","url":"https:\/\/resmak.com\/pt-pt\/","name":"Resmak Tar\u0131m ve G\u0131da Makineleri","description":"","publisher":{"@id":"https:\/\/resmak.com\/pt-pt\/#organization"},"alternateName":"Resmak","potentialAction":[{"@type":"SearchAction","target":{"@type":"EntryPoint","urlTemplate":"https:\/\/resmak.com\/pt-pt\/?s={search_term_string}"},"query-input":{"@type":"PropertyValueSpecification","valueRequired":true,"valueName":"search_term_string"}}],"inLanguage":"pt-PT"},{"@type":"Organization","@id":"https:\/\/resmak.com\/pt-pt\/#organization","name":"Resmak Tar\u0131m ve G\u0131da Makineleri","alternateName":"Resmak G\u0131da Makineleri","url":"https:\/\/resmak.com\/pt-pt\/","logo":{"@type":"ImageObject","inLanguage":"pt-PT","@id":"https:\/\/resmak.com\/pt-pt\/#\/schema\/logo\/image\/","url":"https:\/\/resmak.com\/wp-content\/uploads\/2025\/02\/resmak-logo-3.jpg","contentUrl":"https:\/\/resmak.com\/wp-content\/uploads\/2025\/02\/resmak-logo-3.jpg","width":696,"height":696,"caption":"Resmak Tar\u0131m ve G\u0131da Makineleri"},"image":{"@id":"https:\/\/resmak.com\/pt-pt\/#\/schema\/logo\/image\/"},"sameAs":["https:\/\/www.facebook.com\/resmakco","https:\/\/x.com\/resmakco","https:\/\/www.instagram.com\/resmakco\/","https:\/\/www.youtube.com\/@Resmakco"],"description":"Tar\u0131m ve g\u0131da i\u015fleme sekt\u00f6r\u00fcne yenilik\u00e7i, dayan\u0131kl\u0131 ve verimli makineler kazand\u0131ran Resmak, g\u00fc\u00e7l\u00fc m\u00fchendislik altyap\u0131s\u0131 ve m\u00fc\u015fteri odakl\u0131 yakla\u015f\u0131m\u0131yla sekt\u00f6rde fark yaratmaktad\u0131r. Kalite, g\u00fcvenilirlik ve m\u00fc\u015fteri memnuniyeti ilkelerini temel alarak, kullan\u0131c\u0131lar\u0131n ihtiya\u00e7lar\u0131na en uygun \u00e7\u00f6z\u00fcmleri sunuyoruz.","email":"info@resmak.com","telephone":"+905451202496","legalName":"Resmak Tar\u0131m ve G\u0131da Makineleri San. Tic. Ltd. \u015eti.","taxID":"7342825092"}]}},"_links":{"self":[{"href":"https:\/\/resmak.com\/pt-pt\/wp-json\/wp\/v2\/pages\/21122","targetHints":{"allow":["GET"]}}],"collection":[{"href":"https:\/\/resmak.com\/pt-pt\/wp-json\/wp\/v2\/pages"}],"about":[{"href":"https:\/\/resmak.com\/pt-pt\/wp-json\/wp\/v2\/types\/page"}],"author":[{"embeddable":true,"href":"https:\/\/resmak.com\/pt-pt\/wp-json\/wp\/v2\/users\/1"}],"replies":[{"embeddable":true,"href":"https:\/\/resmak.com\/pt-pt\/wp-json\/wp\/v2\/comments?post=21122"}],"version-history":[{"count":8,"href":"https:\/\/resmak.com\/pt-pt\/wp-json\/wp\/v2\/pages\/21122\/revisions"}],"predecessor-version":[{"id":31248,"href":"https:\/\/resmak.com\/pt-pt\/wp-json\/wp\/v2\/pages\/21122\/revisions\/31248"}],"wp:attachment":[{"href":"https:\/\/resmak.com\/pt-pt\/wp-json\/wp\/v2\/media?parent=21122"}],"curies":[{"name":"wp","href":"https:\/\/api.w.org\/{rel}","templated":true}]}}