{"id":21173,"date":"2025-02-21T12:23:34","date_gmt":"2025-02-21T12:23:34","guid":{"rendered":"https:\/\/resmak.com\/contrato-de-venda-a-distancia\/"},"modified":"2025-05-02T21:58:53","modified_gmt":"2025-05-02T21:58:53","slug":"contrato-de-venda-a-distancia","status":"publish","type":"page","link":"https:\/\/resmak.com\/pt-pt\/contrato-de-venda-a-distancia\/","title":{"rendered":"Contrato de venda \u00e0 dist\u00e2ncia"},"content":{"rendered":"\t\t<div data-elementor-type=\"wp-page\" data-elementor-id=\"21173\" class=\"elementor elementor-21173 elementor-16384\">\n\t\t\t\t<div class=\"wd-negative-gap elementor-element elementor-element-87907db e-flex e-con-boxed e-con e-parent\" data-id=\"87907db\" data-element_type=\"container\">\n\t\t\t\t\t<div class=\"e-con-inner\">\n\t\t\t\t<div class=\"elementor-element elementor-element-5106126 color-scheme-inherit text-left elementor-widget elementor-widget-text-editor\" data-id=\"5106126\" data-element_type=\"widget\" data-widget_type=\"text-editor.default\">\n\t\t\t\t<div class=\"elementor-widget-container\">\n\t\t\t\t\t\t\t\t\t<h2 class=\"wp-block-heading\">Contrato de venda \u00e0 dist\u00e2ncia Resmak<\/h2><p><b>1. PARTES<\/b><br>O presente Contrato de Venda \u00e0 Dist\u00e2ncia (&#8220;Contrato&#8221;) foi celebrado eletronicamente entre as partes cujas informa\u00e7\u00f5es s\u00e3o dadas a seguir.<\/p><p><b>Vendedor<\/b><br><b>T\u00edtulo<\/b> Resmak Agricultural Machinery San. Tic Ltd. \u015eti.  <br><b>Endere\u00e7o<\/b> Balkan Mh. Ayd\u0131nlar Sk. No:14\/2 16240 Nil\u00fcfer &#8211; Bursa  <br><b>Telefone:<\/b> +90 545 120 24 96<br><b>Correio eletr\u00f3nico:<\/b> info@resmak.com<\/p><p><b>Comprador:<\/b><br>(O nome, apelido\/t\u00edtulo e informa\u00e7\u00f5es de contacto do consumidor ser\u00e3o recolhidos durante a encomenda).<\/p><p><b>2. OBJECTO DO CONTRATO<\/b><br>O presente contrato determina os direitos e as obriga\u00e7\u00f5es das partes relativamente \u00e0 venda e \u00e0 entrega do produto\/servi\u00e7o encomendado eletronicamente pelo Comprador atrav\u00e9s do [Nome do s\u00edtio Web] do Vendedor no \u00e2mbito da Lei n.\u00ba 6502 relativa \u00e0 prote\u00e7\u00e3o dos consumidores e do Regulamento relativo aos contratos \u00e0 dist\u00e2ncia.<\/p><p><b>3. INFORMA\u00c7\u00d5ES SOBRE O PRODUTO \/ SERVI\u00c7O<\/b><br>O tipo, quantidade, marca \/ modelo, cor, pre\u00e7o de venda, incluindo impostos e informa\u00e7\u00f5es de pagamento do produto ou servi\u00e7o adquirido pelo Comprador s\u00e3o os especificados no momento da encomenda.<\/p><p><b>4. PRE\u00c7OS E CONDI\u00c7\u00d5ES DE PAGAMENTO<\/b><br>O pre\u00e7o do produto\/servi\u00e7o est\u00e1 indicado no s\u00edtio Web e o pagamento pode ser efectuado por cart\u00e3o de cr\u00e9dito, vale postal\/eft ou outros m\u00e9todos de pagamento especificados. O produto\/servi\u00e7o n\u00e3o \u00e9 enviado antes da conclus\u00e3o do pagamento. <\/p><p><b>5. CONDI\u00c7\u00d5ES DE ENTREGA<\/b><\/p><ul><li>A entrega ser\u00e1 efectuada no endere\u00e7o especificado pelo comprador no momento da encomenda.<\/li><li>O prazo de entrega n\u00e3o deve exceder 30 dias, salvo indica\u00e7\u00e3o em contr\u00e1rio.<\/li><li>O produto ser\u00e1 entregue ao comprador atrav\u00e9s da empresa de carga e o prazo de entrega depende das condi\u00e7\u00f5es de trabalho da empresa de carga.<\/li><\/ul><p><b>6. DIREITO DE RESCIS\u00c3O<\/b><\/p><ul><li>O comprador tem o direito de rescindir o contrato no prazo de 14 dias sem qualquer justifica\u00e7\u00e3o e sem penaliza\u00e7\u00e3o.<\/li><li>Para utilizar o direito de retrata\u00e7\u00e3o, o comprador deve notificar o vendedor por escrito.<\/li><li>O produto n\u00e3o deve ser utilizado antes do termo do direito de retrata\u00e7\u00e3o e deve ser devolvido na sua embalagem de origem.<\/li><li>O pre\u00e7o dos produtos devolvidos no \u00e2mbito do direito de retrata\u00e7\u00e3o \u00e9 devolvido ao comprador no prazo de 14 dias a contar da rece\u00e7\u00e3o da notifica\u00e7\u00e3o de retrata\u00e7\u00e3o.<\/li><\/ul><p><b>7. CONDI\u00c7\u00d5ES DE GARANTIA E DEVOLU\u00c7\u00c3O<\/b><\/p><ul><li>Os produtos t\u00eam uma garantia de 2 anos a partir da data de entrega.<\/li><li>Se for detectado um defeito de fabrico no produto, o comprador pode solicitar uma troca ou um reembolso.<\/li><\/ul><p><b>8. RESOLU\u00c7\u00c3O<\/b> DE LIT\u00cdGIOS<br>Qualquer lit\u00edgio que possa surgir entre as partes ser\u00e1 resolvido principalmente atrav\u00e9s de negocia\u00e7\u00e3o. No caso de n\u00e3o se chegar a uma solu\u00e7\u00e3o, s\u00e3o autorizados os Comit\u00e9s de Arbitragem de Consumo e os Tribunais de Consumo no local do comprador. <\/p><p><b>9. EFIC\u00c1CIA<\/b><br>Considera-se que o comprador aceitou todos os termos do presente contrato a partir do momento em que efectua uma encomenda.<\/p><p><b>Vendedor:<\/b><br>Resmak Agricultural Machinery San. Tic Ltd. Sti.  <br><b>Destinat\u00e1rio:<\/b><br>(a confirmar pelo consumidor no momento da encomenda)<\/p>\t\t\t\t\t\t\t\t<\/div>\n\t\t\t\t<\/div>\n\t\t\t\t\t<\/div>\n\t\t\t\t<\/div>\n\t\t\t\t<\/div>\n\t\t","protected":false},"excerpt":{"rendered":"<p>Contrato de venda \u00e0 dist\u00e2ncia Resmak 1. PARTESO presente Contrato de Venda \u00e0 Dist\u00e2ncia (&#8220;Contrato&#8221;) foi celebrado eletronicamente entre as<\/p>\n","protected":false},"author":1,"featured_media":0,"parent":0,"menu_order":0,"comment_status":"closed","ping_status":"closed","template":"","meta":{"footnotes":""},"class_list":["post-21173","page","type-page","status-publish","hentry"],"yoast_head":"<!-- This site is optimized with the Yoast SEO Premium plugin v26.8 (Yoast SEO v26.8) - https:\/\/yoast.com\/product\/yoast-seo-premium-wordpress\/ -->\n<title>Contrato de venda \u00e0 dist\u00e2ncia<\/title>\n<meta name=\"robots\" content=\"index, follow, max-snippet:-1, max-image-preview:large, max-video-preview:-1\" \/>\n<link rel=\"canonical\" href=\"https:\/\/resmak.com\/pt-pt\/contrato-de-venda-a-distancia\/\" \/>\n<meta property=\"og:locale\" content=\"pt_PT\" \/>\n<meta property=\"og:type\" content=\"article\" \/>\n<meta property=\"og:title\" content=\"Contrato de venda \u00e0 dist\u00e2ncia\" \/>\n<meta property=\"og:description\" content=\"Contrato de venda \u00e0 dist\u00e2ncia Resmak 1. PARTESO presente Contrato de Venda \u00e0 Dist\u00e2ncia (&#8220;Contrato&#8221;) foi celebrado eletronicamente entre as\" \/>\n<meta property=\"og:url\" content=\"https:\/\/resmak.com\/pt-pt\/contrato-de-venda-a-distancia\/\" \/>\n<meta property=\"og:site_name\" content=\"Resmak Tar\u0131m ve G\u0131da Makineleri\" \/>\n<meta property=\"article:publisher\" content=\"https:\/\/www.facebook.com\/resmakco\" \/>\n<meta property=\"article:modified_time\" content=\"2025-05-02T21:58:53+00:00\" \/>\n<meta name=\"twitter:card\" content=\"summary_large_image\" \/>\n<meta name=\"twitter:site\" content=\"@resmakco\" \/>\n<meta name=\"twitter:label1\" content=\"Tempo estimado de leitura\" \/>\n\t<meta name=\"twitter:data1\" content=\"3 minutos\" \/>\n<script type=\"application\/ld+json\" class=\"yoast-schema-graph\">{\"@context\":\"https:\/\/schema.org\",\"@graph\":[{\"@type\":\"WebPage\",\"@id\":\"https:\/\/resmak.com\/pt-pt\/contrato-de-venda-a-distancia\/\",\"url\":\"https:\/\/resmak.com\/pt-pt\/contrato-de-venda-a-distancia\/\",\"name\":\"Contrato de venda \u00e0 dist\u00e2ncia\",\"isPartOf\":{\"@id\":\"https:\/\/resmak.com\/pt-pt\/#website\"},\"datePublished\":\"2025-02-21T12:23:34+00:00\",\"dateModified\":\"2025-05-02T21:58:53+00:00\",\"breadcrumb\":{\"@id\":\"https:\/\/resmak.com\/pt-pt\/contrato-de-venda-a-distancia\/#breadcrumb\"},\"inLanguage\":\"pt-PT\",\"potentialAction\":[{\"@type\":\"ReadAction\",\"target\":[\"https:\/\/resmak.com\/pt-pt\/contrato-de-venda-a-distancia\/\"]}]},{\"@type\":\"BreadcrumbList\",\"@id\":\"https:\/\/resmak.com\/pt-pt\/contrato-de-venda-a-distancia\/#breadcrumb\",\"itemListElement\":[{\"@type\":\"ListItem\",\"position\":1,\"name\":\"Anasayfa\",\"item\":\"https:\/\/resmak.com\/pt-pt\/\"},{\"@type\":\"ListItem\",\"position\":2,\"name\":\"Contrato de venda \u00e0 dist\u00e2ncia\"}]},{\"@type\":\"WebSite\",\"@id\":\"https:\/\/resmak.com\/pt-pt\/#website\",\"url\":\"https:\/\/resmak.com\/pt-pt\/\",\"name\":\"Resmak Tar\u0131m ve G\u0131da Makineleri\",\"description\":\"\",\"publisher\":{\"@id\":\"https:\/\/resmak.com\/pt-pt\/#organization\"},\"alternateName\":\"Resmak\",\"potentialAction\":[{\"@type\":\"SearchAction\",\"target\":{\"@type\":\"EntryPoint\",\"urlTemplate\":\"https:\/\/resmak.com\/pt-pt\/?s={search_term_string}\"},\"query-input\":{\"@type\":\"PropertyValueSpecification\",\"valueRequired\":true,\"valueName\":\"search_term_string\"}}],\"inLanguage\":\"pt-PT\"},{\"@type\":\"Organization\",\"@id\":\"https:\/\/resmak.com\/pt-pt\/#organization\",\"name\":\"Resmak Tar\u0131m ve G\u0131da Makineleri\",\"alternateName\":\"Resmak G\u0131da Makineleri\",\"url\":\"https:\/\/resmak.com\/pt-pt\/\",\"logo\":{\"@type\":\"ImageObject\",\"inLanguage\":\"pt-PT\",\"@id\":\"https:\/\/resmak.com\/pt-pt\/#\/schema\/logo\/image\/\",\"url\":\"https:\/\/resmak.com\/wp-content\/uploads\/2025\/02\/resmak-logo-3.jpg\",\"contentUrl\":\"https:\/\/resmak.com\/wp-content\/uploads\/2025\/02\/resmak-logo-3.jpg\",\"width\":696,\"height\":696,\"caption\":\"Resmak Tar\u0131m ve G\u0131da Makineleri\"},\"image\":{\"@id\":\"https:\/\/resmak.com\/pt-pt\/#\/schema\/logo\/image\/\"},\"sameAs\":[\"https:\/\/www.facebook.com\/resmakco\",\"https:\/\/x.com\/resmakco\",\"https:\/\/www.instagram.com\/resmakco\/\",\"https:\/\/www.youtube.com\/@Resmakco\"],\"description\":\"Tar\u0131m ve g\u0131da i\u015fleme sekt\u00f6r\u00fcne yenilik\u00e7i, dayan\u0131kl\u0131 ve verimli makineler kazand\u0131ran Resmak, g\u00fc\u00e7l\u00fc m\u00fchendislik altyap\u0131s\u0131 ve m\u00fc\u015fteri odakl\u0131 yakla\u015f\u0131m\u0131yla sekt\u00f6rde fark yaratmaktad\u0131r. Kalite, g\u00fcvenilirlik ve m\u00fc\u015fteri memnuniyeti ilkelerini temel alarak, kullan\u0131c\u0131lar\u0131n ihtiya\u00e7lar\u0131na en uygun \u00e7\u00f6z\u00fcmleri sunuyoruz.\",\"email\":\"info@resmak.com\",\"telephone\":\"+905451202496\",\"legalName\":\"Resmak Tar\u0131m ve G\u0131da Makineleri San. Tic. Ltd. \u015eti.\",\"taxID\":\"7342825092\"}]}<\/script>\n<!-- \/ Yoast SEO Premium plugin. -->","yoast_head_json":{"title":"Contrato de venda \u00e0 dist\u00e2ncia","robots":{"index":"index","follow":"follow","max-snippet":"max-snippet:-1","max-image-preview":"max-image-preview:large","max-video-preview":"max-video-preview:-1"},"canonical":"https:\/\/resmak.com\/pt-pt\/contrato-de-venda-a-distancia\/","og_locale":"pt_PT","og_type":"article","og_title":"Contrato de venda \u00e0 dist\u00e2ncia","og_description":"Contrato de venda \u00e0 dist\u00e2ncia Resmak 1. PARTESO presente Contrato de Venda \u00e0 Dist\u00e2ncia (&#8220;Contrato&#8221;) foi celebrado eletronicamente entre as","og_url":"https:\/\/resmak.com\/pt-pt\/contrato-de-venda-a-distancia\/","og_site_name":"Resmak Tar\u0131m ve G\u0131da Makineleri","article_publisher":"https:\/\/www.facebook.com\/resmakco","article_modified_time":"2025-05-02T21:58:53+00:00","twitter_card":"summary_large_image","twitter_site":"@resmakco","twitter_misc":{"Tempo estimado de leitura":"3 minutos"},"schema":{"@context":"https:\/\/schema.org","@graph":[{"@type":"WebPage","@id":"https:\/\/resmak.com\/pt-pt\/contrato-de-venda-a-distancia\/","url":"https:\/\/resmak.com\/pt-pt\/contrato-de-venda-a-distancia\/","name":"Contrato de venda \u00e0 dist\u00e2ncia","isPartOf":{"@id":"https:\/\/resmak.com\/pt-pt\/#website"},"datePublished":"2025-02-21T12:23:34+00:00","dateModified":"2025-05-02T21:58:53+00:00","breadcrumb":{"@id":"https:\/\/resmak.com\/pt-pt\/contrato-de-venda-a-distancia\/#breadcrumb"},"inLanguage":"pt-PT","potentialAction":[{"@type":"ReadAction","target":["https:\/\/resmak.com\/pt-pt\/contrato-de-venda-a-distancia\/"]}]},{"@type":"BreadcrumbList","@id":"https:\/\/resmak.com\/pt-pt\/contrato-de-venda-a-distancia\/#breadcrumb","itemListElement":[{"@type":"ListItem","position":1,"name":"Anasayfa","item":"https:\/\/resmak.com\/pt-pt\/"},{"@type":"ListItem","position":2,"name":"Contrato de venda \u00e0 dist\u00e2ncia"}]},{"@type":"WebSite","@id":"https:\/\/resmak.com\/pt-pt\/#website","url":"https:\/\/resmak.com\/pt-pt\/","name":"Resmak Tar\u0131m ve G\u0131da Makineleri","description":"","publisher":{"@id":"https:\/\/resmak.com\/pt-pt\/#organization"},"alternateName":"Resmak","potentialAction":[{"@type":"SearchAction","target":{"@type":"EntryPoint","urlTemplate":"https:\/\/resmak.com\/pt-pt\/?s={search_term_string}"},"query-input":{"@type":"PropertyValueSpecification","valueRequired":true,"valueName":"search_term_string"}}],"inLanguage":"pt-PT"},{"@type":"Organization","@id":"https:\/\/resmak.com\/pt-pt\/#organization","name":"Resmak Tar\u0131m ve G\u0131da Makineleri","alternateName":"Resmak G\u0131da Makineleri","url":"https:\/\/resmak.com\/pt-pt\/","logo":{"@type":"ImageObject","inLanguage":"pt-PT","@id":"https:\/\/resmak.com\/pt-pt\/#\/schema\/logo\/image\/","url":"https:\/\/resmak.com\/wp-content\/uploads\/2025\/02\/resmak-logo-3.jpg","contentUrl":"https:\/\/resmak.com\/wp-content\/uploads\/2025\/02\/resmak-logo-3.jpg","width":696,"height":696,"caption":"Resmak Tar\u0131m ve G\u0131da Makineleri"},"image":{"@id":"https:\/\/resmak.com\/pt-pt\/#\/schema\/logo\/image\/"},"sameAs":["https:\/\/www.facebook.com\/resmakco","https:\/\/x.com\/resmakco","https:\/\/www.instagram.com\/resmakco\/","https:\/\/www.youtube.com\/@Resmakco"],"description":"Tar\u0131m ve g\u0131da i\u015fleme sekt\u00f6r\u00fcne yenilik\u00e7i, dayan\u0131kl\u0131 ve verimli makineler kazand\u0131ran Resmak, g\u00fc\u00e7l\u00fc m\u00fchendislik altyap\u0131s\u0131 ve m\u00fc\u015fteri odakl\u0131 yakla\u015f\u0131m\u0131yla sekt\u00f6rde fark yaratmaktad\u0131r. Kalite, g\u00fcvenilirlik ve m\u00fc\u015fteri memnuniyeti ilkelerini temel alarak, kullan\u0131c\u0131lar\u0131n ihtiya\u00e7lar\u0131na en uygun \u00e7\u00f6z\u00fcmleri sunuyoruz.","email":"info@resmak.com","telephone":"+905451202496","legalName":"Resmak Tar\u0131m ve G\u0131da Makineleri San. Tic. Ltd. \u015eti.","taxID":"7342825092"}]}},"_links":{"self":[{"href":"https:\/\/resmak.com\/pt-pt\/wp-json\/wp\/v2\/pages\/21173","targetHints":{"allow":["GET"]}}],"collection":[{"href":"https:\/\/resmak.com\/pt-pt\/wp-json\/wp\/v2\/pages"}],"about":[{"href":"https:\/\/resmak.com\/pt-pt\/wp-json\/wp\/v2\/types\/page"}],"author":[{"embeddable":true,"href":"https:\/\/resmak.com\/pt-pt\/wp-json\/wp\/v2\/users\/1"}],"replies":[{"embeddable":true,"href":"https:\/\/resmak.com\/pt-pt\/wp-json\/wp\/v2\/comments?post=21173"}],"version-history":[{"count":2,"href":"https:\/\/resmak.com\/pt-pt\/wp-json\/wp\/v2\/pages\/21173\/revisions"}],"predecessor-version":[{"id":31751,"href":"https:\/\/resmak.com\/pt-pt\/wp-json\/wp\/v2\/pages\/21173\/revisions\/31751"}],"wp:attachment":[{"href":"https:\/\/resmak.com\/pt-pt\/wp-json\/wp\/v2\/media?parent=21173"}],"curies":[{"name":"wp","href":"https:\/\/api.w.org\/{rel}","templated":true}]}}