{"id":23667,"date":"2024-12-29T13:43:56","date_gmt":"2024-12-29T13:43:56","guid":{"rendered":"https:\/\/resmak.com\/politica-de-confidentialitate\/"},"modified":"2025-05-02T21:42:10","modified_gmt":"2025-05-02T21:42:10","slug":"politica-de-confidentialitate","status":"publish","type":"page","link":"https:\/\/resmak.com\/ro\/politica-de-confidentialitate\/","title":{"rendered":"Politica de confiden\u021bialitate"},"content":{"rendered":"\t\t<div data-elementor-type=\"wp-page\" data-elementor-id=\"23667\" class=\"elementor elementor-23667 elementor-3\">\n\t\t\t\t<div class=\"wd-negative-gap elementor-element elementor-element-6e34078d e-flex e-con-boxed e-con e-parent\" data-id=\"6e34078d\" data-element_type=\"container\">\n\t\t\t\t\t<div class=\"e-con-inner\">\n\t\t\t\t<div class=\"elementor-element elementor-element-54ffecd7 color-scheme-inherit text-left elementor-widget elementor-widget-text-editor\" data-id=\"54ffecd7\" data-element_type=\"widget\" data-widget_type=\"text-editor.default\">\n\t\t\t\t<div class=\"elementor-widget-container\">\n\t\t\t\t\t\t\t\t\t\n<h2 class=\"wp-block-heading\">Politica de confiden\u021bialitate Resmak<\/h2>\n\n<p><b>1. Introducere<\/b><br>Aceast\u0103 politic\u0103 de confiden\u021bialitate descrie angajamentul nostru de a proteja confiden\u021bialitatea clien\u021bilor no\u0219tri, a\u0219a cum Resmak Agricultural Machinery San. Tic Ltd. \u0218ti. explic\u0103 angajamentul nostru de a proteja via\u021ba privat\u0103 a clien\u021bilor no\u0219tri. Se consider\u0103 c\u0103 to\u021bi utilizatorii care viziteaz\u0103 site-ul nostru web \u0219i utilizeaz\u0103 serviciile noastre au acceptat practicile de confiden\u021bialitate stabilite \u00een prezentul document.    <\/p>\n<p><b>2. Informa\u021bii colectate<\/b><br>Putem colecta urm\u0103toarele informa\u021bii atunci c\u00e2nd utiliza\u021bi site-ul nostru:<\/p>\n<ul>\n<li><b>Informa\u021bii personale:<\/b> Nume, prenume, adres\u0103 de e-mail, num\u0103r de telefon, adres\u0103 de facturare \u0219i de livrare.<\/li>\n<li><b>Informa\u021bii de plat\u0103:<\/b> Detalii privind cardul de credit sau de debit (procesate de furnizori de pl\u0103\u021bi ter\u021bi).<\/li>\n<li><b>Cookie-uri \u0219i date analitice:<\/b> Informa\u021bii despre browser, adres\u0103 IP, pagini vizitate, informa\u021bii despre dispozitiv.<\/li>\n<\/ul>\n<p><b>3. Utilizarea informa\u021biilor<\/b><br>Putem utiliza informa\u021biile pe care le colect\u0103m \u00een urm\u0103toarele scopuri:<\/p>\n<ul>\n<li>Prelucrarea comenzilor, efectuarea livr\u0103rilor \u0219i furnizarea de asisten\u021b\u0103 pentru clien\u021bi.<\/li>\n<li>Personalizarea \u0219i \u00eembun\u0103t\u0103\u021birea experien\u021bei pe site.<\/li>\n<li>\u00cendeplini\u021bi cerin\u021bele legale.<\/li>\n<li>desf\u0103\u0219urarea de activit\u0103\u021bi de marketing, publicitate \u0219i promovare (cu acordul utilizatorului).<\/li>\n<li>Pentru a preveni frauda \u0219i a asigura securitatea.<\/li>\n<\/ul>\n<p><b>4. Cookie-uri \u0219i tehnologii de urm\u0103rire<\/b><br>Cookie-urile sunt utilizate pe site-ul nostru web pentru a \u00eembun\u0103t\u0103\u021bi experien\u021ba utilizatorului. Prin utilizarea modulelor cookie, analiz\u0103m traficul pe site, oferim con\u021binut personalizat \u0219i direc\u021bion\u0103m publicitatea. Pute\u021bi gestiona modulele cookie prin set\u0103rile browserului dvs.  <\/p>\n<p><b>5. Servicii ale ter\u021bilor<\/b><br>Putem partaja informa\u021biile dvs. cu urm\u0103toarele p\u0103r\u021bi ter\u021be:<\/p>\n<ul>\n<li><b>Furnizori de pl\u0103\u021bi:<\/b> Pentru tranzac\u021bii de plat\u0103 securizate.<\/li>\n<li><b>Companii de logistic\u0103:<\/b> Pentru livrarea comenzilor.<\/li>\n<li><b>Servicii de analiz\u0103 \u0219i publicitate:<\/b> Pentru a m\u0103sura performan\u021ba site-ului web \u0219i a \u00eembun\u0103t\u0103\u021bi strategiile de marketing. Ace\u0219ti furnizori de servicii prelucreaz\u0103 informa\u021biile dumneavoastr\u0103 numai \u00een scopurile specificate \u0219i prin luarea m\u0103surilor de confiden\u021bialitate necesare. <\/li>\n<\/ul>\n<p><b>6. Securitatea informa\u021biilor<\/b><br>Implement\u0103m diverse m\u0103suri tehnice \u0219i administrative, cum ar fi criptarea, firewall-urile \u0219i controlul accesului, pentru a asigura securitatea informa\u021biilor clien\u021bilor.<\/p>\n<p><b>7. Drepturile utilizatorului<\/b><br>Utilizatorii au urm\u0103toarele drepturi cu privire la datele lor cu caracter personal:<\/p>\n<ul>\n<li>S\u0103 solicita\u021bi accesul la propriile date, rectificarea sau \u0219tergerea acestora.<\/li>\n<li>Refuza\u021bi comunic\u0103rile de marketing.<\/li>\n<li>Primi\u021bi informa\u021bii cu privire la modul \u00een care sunt prelucrate datele dumneavoastr\u0103. Ne pute\u021bi contacta pentru solicit\u0103rile dvs: info@resmak.com <\/li>\n<\/ul>\n<p><b>8. Modific\u0103ri \u0219i actualiz\u0103ri<\/b><br>Aceast\u0103 politic\u0103 de confiden\u021bialitate poate fi actualizat\u0103 din c\u00e2nd \u00een c\u00e2nd. Actualiz\u0103rile vor fi postate pe site-ul nostru \u0219i vor intra \u00een vigoare. <\/p>\n<p><b>9. Contacta\u021bi<\/b><br>Ne pute\u021bi contacta pentru \u00eentreb\u0103ri privind politica noastr\u0103 de confiden\u021bialitate:<br><b>E-mail:<\/b> info@resmak.com<br><b>Telefon:<\/b> +90 545 120 24 96<br><b>Adresa companiei: Balkan Balkan<\/b> Balkan Mh. Ayd\u0131nlar Sk. No:14\/2 16240 Nil\u00fcfer &#8211; Bursa  <\/p>\t\t\t\t\t\t\t\t<\/div>\n\t\t\t\t<\/div>\n\t\t\t\t\t<\/div>\n\t\t\t\t<\/div>\n\t\t\t\t<\/div>\n\t\t","protected":false},"excerpt":{"rendered":"<p>Politica de confiden\u021bialitate Resmak 1. IntroducereAceast\u0103 politic\u0103 de confiden\u021bialitate descrie angajamentul nostru de a proteja confiden\u021bialitatea clien\u021bilor no\u0219tri, a\u0219a cum<\/p>\n","protected":false},"author":1,"featured_media":0,"parent":0,"menu_order":0,"comment_status":"closed","ping_status":"closed","template":"","meta":{"footnotes":""},"class_list":["post-23667","page","type-page","status-publish","hentry"],"yoast_head":"<!-- This site is optimized with the Yoast SEO Premium plugin v26.8 (Yoast SEO v26.8) - https:\/\/yoast.com\/product\/yoast-seo-premium-wordpress\/ -->\n<title>Politica de confiden\u021bialitate<\/title>\n<meta name=\"robots\" content=\"index, follow, max-snippet:-1, max-image-preview:large, max-video-preview:-1\" \/>\n<link rel=\"canonical\" href=\"https:\/\/resmak.com\/ro\/politica-de-confidentialitate\/\" \/>\n<meta property=\"og:locale\" content=\"ro_RO\" \/>\n<meta property=\"og:type\" content=\"article\" \/>\n<meta property=\"og:title\" content=\"Politica de confiden\u021bialitate\" \/>\n<meta property=\"og:description\" content=\"Politica de confiden\u021bialitate Resmak 1. IntroducereAceast\u0103 politic\u0103 de confiden\u021bialitate descrie angajamentul nostru de a proteja confiden\u021bialitatea clien\u021bilor no\u0219tri, a\u0219a cum\" \/>\n<meta property=\"og:url\" content=\"https:\/\/resmak.com\/ro\/politica-de-confidentialitate\/\" \/>\n<meta property=\"og:site_name\" content=\"Resmak Tar\u0131m ve G\u0131da Makineleri\" \/>\n<meta property=\"article:publisher\" content=\"https:\/\/www.facebook.com\/resmakco\" \/>\n<meta property=\"article:modified_time\" content=\"2025-05-02T21:42:10+00:00\" \/>\n<meta name=\"twitter:card\" content=\"summary_large_image\" \/>\n<meta name=\"twitter:site\" content=\"@resmakco\" \/>\n<meta name=\"twitter:label1\" content=\"Timp estimat pentru citire\" \/>\n\t<meta name=\"twitter:data1\" content=\"2 minute\" \/>\n<script type=\"application\/ld+json\" class=\"yoast-schema-graph\">{\"@context\":\"https:\/\/schema.org\",\"@graph\":[{\"@type\":\"WebPage\",\"@id\":\"https:\/\/resmak.com\/ro\/politica-de-confidentialitate\/\",\"url\":\"https:\/\/resmak.com\/ro\/politica-de-confidentialitate\/\",\"name\":\"Politica de confiden\u021bialitate\",\"isPartOf\":{\"@id\":\"https:\/\/resmak.com\/ro\/#website\"},\"datePublished\":\"2024-12-29T13:43:56+00:00\",\"dateModified\":\"2025-05-02T21:42:10+00:00\",\"breadcrumb\":{\"@id\":\"https:\/\/resmak.com\/ro\/politica-de-confidentialitate\/#breadcrumb\"},\"inLanguage\":\"ro-RO\",\"potentialAction\":[{\"@type\":\"ReadAction\",\"target\":[\"https:\/\/resmak.com\/ro\/politica-de-confidentialitate\/\"]}]},{\"@type\":\"BreadcrumbList\",\"@id\":\"https:\/\/resmak.com\/ro\/politica-de-confidentialitate\/#breadcrumb\",\"itemListElement\":[{\"@type\":\"ListItem\",\"position\":1,\"name\":\"Anasayfa\",\"item\":\"https:\/\/resmak.com\/ro\/\"},{\"@type\":\"ListItem\",\"position\":2,\"name\":\"Politica de confiden\u021bialitate\"}]},{\"@type\":\"WebSite\",\"@id\":\"https:\/\/resmak.com\/ro\/#website\",\"url\":\"https:\/\/resmak.com\/ro\/\",\"name\":\"Resmak Tar\u0131m ve G\u0131da Makineleri\",\"description\":\"\",\"publisher\":{\"@id\":\"https:\/\/resmak.com\/ro\/#organization\"},\"alternateName\":\"Resmak\",\"potentialAction\":[{\"@type\":\"SearchAction\",\"target\":{\"@type\":\"EntryPoint\",\"urlTemplate\":\"https:\/\/resmak.com\/ro\/?s={search_term_string}\"},\"query-input\":{\"@type\":\"PropertyValueSpecification\",\"valueRequired\":true,\"valueName\":\"search_term_string\"}}],\"inLanguage\":\"ro-RO\"},{\"@type\":\"Organization\",\"@id\":\"https:\/\/resmak.com\/ro\/#organization\",\"name\":\"Resmak Tar\u0131m ve G\u0131da Makineleri\",\"alternateName\":\"Resmak G\u0131da Makineleri\",\"url\":\"https:\/\/resmak.com\/ro\/\",\"logo\":{\"@type\":\"ImageObject\",\"inLanguage\":\"ro-RO\",\"@id\":\"https:\/\/resmak.com\/ro\/#\/schema\/logo\/image\/\",\"url\":\"https:\/\/resmak.com\/wp-content\/uploads\/2025\/02\/resmak-logo-3.jpg\",\"contentUrl\":\"https:\/\/resmak.com\/wp-content\/uploads\/2025\/02\/resmak-logo-3.jpg\",\"width\":696,\"height\":696,\"caption\":\"Resmak Tar\u0131m ve G\u0131da Makineleri\"},\"image\":{\"@id\":\"https:\/\/resmak.com\/ro\/#\/schema\/logo\/image\/\"},\"sameAs\":[\"https:\/\/www.facebook.com\/resmakco\",\"https:\/\/x.com\/resmakco\",\"https:\/\/www.instagram.com\/resmakco\/\",\"https:\/\/www.youtube.com\/@Resmakco\"],\"description\":\"Tar\u0131m ve g\u0131da i\u015fleme sekt\u00f6r\u00fcne yenilik\u00e7i, dayan\u0131kl\u0131 ve verimli makineler kazand\u0131ran Resmak, g\u00fc\u00e7l\u00fc m\u00fchendislik altyap\u0131s\u0131 ve m\u00fc\u015fteri odakl\u0131 yakla\u015f\u0131m\u0131yla sekt\u00f6rde fark yaratmaktad\u0131r. Kalite, g\u00fcvenilirlik ve m\u00fc\u015fteri memnuniyeti ilkelerini temel alarak, kullan\u0131c\u0131lar\u0131n ihtiya\u00e7lar\u0131na en uygun \u00e7\u00f6z\u00fcmleri sunuyoruz.\",\"email\":\"info@resmak.com\",\"telephone\":\"+905451202496\",\"legalName\":\"Resmak Tar\u0131m ve G\u0131da Makineleri San. Tic. Ltd. \u015eti.\",\"taxID\":\"7342825092\"}]}<\/script>\n<!-- \/ Yoast SEO Premium plugin. -->","yoast_head_json":{"title":"Politica de confiden\u021bialitate","robots":{"index":"index","follow":"follow","max-snippet":"max-snippet:-1","max-image-preview":"max-image-preview:large","max-video-preview":"max-video-preview:-1"},"canonical":"https:\/\/resmak.com\/ro\/politica-de-confidentialitate\/","og_locale":"ro_RO","og_type":"article","og_title":"Politica de confiden\u021bialitate","og_description":"Politica de confiden\u021bialitate Resmak 1. IntroducereAceast\u0103 politic\u0103 de confiden\u021bialitate descrie angajamentul nostru de a proteja confiden\u021bialitatea clien\u021bilor no\u0219tri, a\u0219a cum","og_url":"https:\/\/resmak.com\/ro\/politica-de-confidentialitate\/","og_site_name":"Resmak Tar\u0131m ve G\u0131da Makineleri","article_publisher":"https:\/\/www.facebook.com\/resmakco","article_modified_time":"2025-05-02T21:42:10+00:00","twitter_card":"summary_large_image","twitter_site":"@resmakco","twitter_misc":{"Timp estimat pentru citire":"2 minute"},"schema":{"@context":"https:\/\/schema.org","@graph":[{"@type":"WebPage","@id":"https:\/\/resmak.com\/ro\/politica-de-confidentialitate\/","url":"https:\/\/resmak.com\/ro\/politica-de-confidentialitate\/","name":"Politica de confiden\u021bialitate","isPartOf":{"@id":"https:\/\/resmak.com\/ro\/#website"},"datePublished":"2024-12-29T13:43:56+00:00","dateModified":"2025-05-02T21:42:10+00:00","breadcrumb":{"@id":"https:\/\/resmak.com\/ro\/politica-de-confidentialitate\/#breadcrumb"},"inLanguage":"ro-RO","potentialAction":[{"@type":"ReadAction","target":["https:\/\/resmak.com\/ro\/politica-de-confidentialitate\/"]}]},{"@type":"BreadcrumbList","@id":"https:\/\/resmak.com\/ro\/politica-de-confidentialitate\/#breadcrumb","itemListElement":[{"@type":"ListItem","position":1,"name":"Anasayfa","item":"https:\/\/resmak.com\/ro\/"},{"@type":"ListItem","position":2,"name":"Politica de confiden\u021bialitate"}]},{"@type":"WebSite","@id":"https:\/\/resmak.com\/ro\/#website","url":"https:\/\/resmak.com\/ro\/","name":"Resmak Tar\u0131m ve G\u0131da Makineleri","description":"","publisher":{"@id":"https:\/\/resmak.com\/ro\/#organization"},"alternateName":"Resmak","potentialAction":[{"@type":"SearchAction","target":{"@type":"EntryPoint","urlTemplate":"https:\/\/resmak.com\/ro\/?s={search_term_string}"},"query-input":{"@type":"PropertyValueSpecification","valueRequired":true,"valueName":"search_term_string"}}],"inLanguage":"ro-RO"},{"@type":"Organization","@id":"https:\/\/resmak.com\/ro\/#organization","name":"Resmak Tar\u0131m ve G\u0131da Makineleri","alternateName":"Resmak G\u0131da Makineleri","url":"https:\/\/resmak.com\/ro\/","logo":{"@type":"ImageObject","inLanguage":"ro-RO","@id":"https:\/\/resmak.com\/ro\/#\/schema\/logo\/image\/","url":"https:\/\/resmak.com\/wp-content\/uploads\/2025\/02\/resmak-logo-3.jpg","contentUrl":"https:\/\/resmak.com\/wp-content\/uploads\/2025\/02\/resmak-logo-3.jpg","width":696,"height":696,"caption":"Resmak Tar\u0131m ve G\u0131da Makineleri"},"image":{"@id":"https:\/\/resmak.com\/ro\/#\/schema\/logo\/image\/"},"sameAs":["https:\/\/www.facebook.com\/resmakco","https:\/\/x.com\/resmakco","https:\/\/www.instagram.com\/resmakco\/","https:\/\/www.youtube.com\/@Resmakco"],"description":"Tar\u0131m ve g\u0131da i\u015fleme sekt\u00f6r\u00fcne yenilik\u00e7i, dayan\u0131kl\u0131 ve verimli makineler kazand\u0131ran Resmak, g\u00fc\u00e7l\u00fc m\u00fchendislik altyap\u0131s\u0131 ve m\u00fc\u015fteri odakl\u0131 yakla\u015f\u0131m\u0131yla sekt\u00f6rde fark yaratmaktad\u0131r. Kalite, g\u00fcvenilirlik ve m\u00fc\u015fteri memnuniyeti ilkelerini temel alarak, kullan\u0131c\u0131lar\u0131n ihtiya\u00e7lar\u0131na en uygun \u00e7\u00f6z\u00fcmleri sunuyoruz.","email":"info@resmak.com","telephone":"+905451202496","legalName":"Resmak Tar\u0131m ve G\u0131da Makineleri San. Tic. Ltd. \u015eti.","taxID":"7342825092"}]}},"_links":{"self":[{"href":"https:\/\/resmak.com\/ro\/wp-json\/wp\/v2\/pages\/23667","targetHints":{"allow":["GET"]}}],"collection":[{"href":"https:\/\/resmak.com\/ro\/wp-json\/wp\/v2\/pages"}],"about":[{"href":"https:\/\/resmak.com\/ro\/wp-json\/wp\/v2\/types\/page"}],"author":[{"embeddable":true,"href":"https:\/\/resmak.com\/ro\/wp-json\/wp\/v2\/users\/1"}],"replies":[{"embeddable":true,"href":"https:\/\/resmak.com\/ro\/wp-json\/wp\/v2\/comments?post=23667"}],"version-history":[{"count":9,"href":"https:\/\/resmak.com\/ro\/wp-json\/wp\/v2\/pages\/23667\/revisions"}],"predecessor-version":[{"id":31272,"href":"https:\/\/resmak.com\/ro\/wp-json\/wp\/v2\/pages\/23667\/revisions\/31272"}],"wp:attachment":[{"href":"https:\/\/resmak.com\/ro\/wp-json\/wp\/v2\/media?parent=23667"}],"curies":[{"name":"wp","href":"https:\/\/api.w.org\/{rel}","templated":true}]}}