{"id":23711,"date":"2025-02-21T12:18:27","date_gmt":"2025-02-21T12:18:27","guid":{"rendered":"https:\/\/resmak.com\/termeni-de-livrare-si-returnare\/"},"modified":"2025-05-02T21:41:47","modified_gmt":"2025-05-02T21:41:47","slug":"termeni-de-livrare-si-returnare","status":"publish","type":"page","link":"https:\/\/resmak.com\/ro\/termeni-de-livrare-si-returnare\/","title":{"rendered":"Termeni de livrare \u0219i returnare"},"content":{"rendered":"\t\t<div data-elementor-type=\"wp-page\" data-elementor-id=\"23711\" class=\"elementor elementor-23711 elementor-16375\">\n\t\t\t\t<div class=\"wd-negative-gap elementor-element elementor-element-243c280 e-flex e-con-boxed e-con e-parent\" data-id=\"243c280\" data-element_type=\"container\">\n\t\t\t\t\t<div class=\"e-con-inner\">\n\t\t\t\t<div class=\"elementor-element elementor-element-8af75e6 color-scheme-inherit text-left elementor-widget elementor-widget-text-editor\" data-id=\"8af75e6\" data-element_type=\"widget\" data-widget_type=\"text-editor.default\">\n\t\t\t\t<div class=\"elementor-widget-container\">\n\t\t\t\t\t\t\t\t\t<p><\/p><h2 class=\"wp-block-heading\">Termeni de livrare \u0219i returnare Resmak<\/h2><p><\/p><p><\/p><p><strong>Termeni de livrare:<\/strong><\/p><p><\/p><ul class=\"wp-block-list\"><li>Produsele <strong>vor fi expediate \u00een termen de 7 zile lucr\u0103toare<\/strong> de la confirmarea comenzii. Cu toate acestea, termenul de livrare poate varia \u00een func\u021bie de calendarul de lucru \u0219i de procesele logistice ale companiei de transport. Din acest motiv, data exact\u0103 a livr\u0103rii nu poate fi garantat\u0103.  <\/li><li>Livrarea se va face la <strong>adresa specificat\u0103 de destinatar<\/strong>. Este important ca adresa s\u0103 fie corect\u0103 \u0219i complet\u0103 pentru ca livrarea s\u0103 aib\u0103 loc la timp. Modificarea adresei poate afecta procesul de livrare.  <\/li><li><strong>Costurile de livrare<\/strong> sunt suportate de c\u0103tre cump\u0103r\u0103tor. Plata costurilor de livrare se face prin curier sau expeditor de m\u0103rfuri la confirmarea comenzii. <\/li><li>Modul de livrare poate fi <strong>cargo, marf\u0103, depozit sau livrare \u00een m\u00e2n\u0103<\/strong>. Modul de livrare va fi stabilit \u00een func\u021bie de preferin\u021bele destinatarului \u0219i de regiunea de expediere. Livr\u0103rile efectuate de compania de transport de marf\u0103 pot cauza modific\u0103ri ale termenului de livrare \u0219i ale garan\u021biei de livrare la timp.  <\/li><\/ul><p><\/p><p><strong>Termeni de returnare:<\/strong><\/p><p><\/p><ul class=\"wp-block-list\"><li>Produsele solicitate pentru returnare <strong>trebuie s\u0103 fie neutilizate \u0219i nedeschise<\/strong>. Livrarea produsului \u00een ambalajul original, f\u0103r\u0103 nicio deteriorare, este obligatorie pentru procesul de returnare. <\/li><li>Cererile de returnare trebuie s\u0103 fie efectuate <strong>\u00een termen de 14 zile<\/strong> de la data livr\u0103rii produsului. Retururile care nu sunt solicitate \u00een aceast\u0103 perioad\u0103 nu vor fi acceptate. <\/li><li>Cump\u0103r\u0103torul care solicit\u0103 returnarea suport\u0103 <strong>costurile de expediere<\/strong>. \u00cen timpul procesului de returnare, cheltuielile de expediere utilizate pentru trimiterea produsului \u00eenapoi vor fi suportate de c\u0103tre cump\u0103r\u0103tor. <\/li><li><strong>Procedura de returnare<\/strong>: \u00cempreun\u0103 cu produsul returnat, trebuie trimise documente precum certificatul de garan\u021bie, factura anulat\u0103 \u0219i chitan\u021ba de plat\u0103. Aceste documente sunt obligatorii pentru returnarea corect\u0103 a produsului \u0219i finalizarea procesului de tranzac\u021bionare. <\/li><\/ul><p><\/p><p><\/p>\t\t\t\t\t\t\t\t<\/div>\n\t\t\t\t<\/div>\n\t\t\t\t\t<\/div>\n\t\t\t\t<\/div>\n\t\t\t\t<\/div>\n\t\t","protected":false},"excerpt":{"rendered":"<p>Termeni de livrare \u0219i returnare Resmak Termeni de livrare: Produsele vor fi expediate \u00een termen de 7 zile lucr\u0103toare de<\/p>\n","protected":false},"author":1,"featured_media":0,"parent":0,"menu_order":0,"comment_status":"closed","ping_status":"closed","template":"","meta":{"footnotes":""},"class_list":["post-23711","page","type-page","status-publish","hentry"],"yoast_head":"<!-- This site is optimized with the Yoast SEO Premium plugin v26.8 (Yoast SEO v26.8) - https:\/\/yoast.com\/product\/yoast-seo-premium-wordpress\/ -->\n<title>Termeni de livrare \u0219i returnare<\/title>\n<meta name=\"robots\" content=\"index, follow, max-snippet:-1, max-image-preview:large, max-video-preview:-1\" \/>\n<link rel=\"canonical\" href=\"https:\/\/resmak.com\/ro\/termeni-de-livrare-si-returnare\/\" \/>\n<meta property=\"og:locale\" content=\"ro_RO\" \/>\n<meta property=\"og:type\" content=\"article\" \/>\n<meta property=\"og:title\" content=\"Termeni de livrare \u0219i returnare\" \/>\n<meta property=\"og:description\" content=\"Termeni de livrare \u0219i returnare Resmak Termeni de livrare: Produsele vor fi expediate \u00een termen de 7 zile lucr\u0103toare de\" \/>\n<meta property=\"og:url\" content=\"https:\/\/resmak.com\/ro\/termeni-de-livrare-si-returnare\/\" \/>\n<meta property=\"og:site_name\" content=\"Resmak Tar\u0131m ve G\u0131da Makineleri\" \/>\n<meta property=\"article:publisher\" content=\"https:\/\/www.facebook.com\/resmakco\" \/>\n<meta property=\"article:modified_time\" content=\"2025-05-02T21:41:47+00:00\" \/>\n<meta name=\"twitter:card\" content=\"summary_large_image\" \/>\n<meta name=\"twitter:site\" content=\"@resmakco\" \/>\n<meta name=\"twitter:label1\" content=\"Timp estimat pentru citire\" \/>\n\t<meta name=\"twitter:data1\" content=\"1 minut\" \/>\n<script type=\"application\/ld+json\" class=\"yoast-schema-graph\">{\"@context\":\"https:\/\/schema.org\",\"@graph\":[{\"@type\":\"WebPage\",\"@id\":\"https:\/\/resmak.com\/ro\/termeni-de-livrare-si-returnare\/\",\"url\":\"https:\/\/resmak.com\/ro\/termeni-de-livrare-si-returnare\/\",\"name\":\"Termeni de livrare \u0219i returnare\",\"isPartOf\":{\"@id\":\"https:\/\/resmak.com\/ro\/#website\"},\"datePublished\":\"2025-02-21T12:18:27+00:00\",\"dateModified\":\"2025-05-02T21:41:47+00:00\",\"breadcrumb\":{\"@id\":\"https:\/\/resmak.com\/ro\/termeni-de-livrare-si-returnare\/#breadcrumb\"},\"inLanguage\":\"ro-RO\",\"potentialAction\":[{\"@type\":\"ReadAction\",\"target\":[\"https:\/\/resmak.com\/ro\/termeni-de-livrare-si-returnare\/\"]}]},{\"@type\":\"BreadcrumbList\",\"@id\":\"https:\/\/resmak.com\/ro\/termeni-de-livrare-si-returnare\/#breadcrumb\",\"itemListElement\":[{\"@type\":\"ListItem\",\"position\":1,\"name\":\"Anasayfa\",\"item\":\"https:\/\/resmak.com\/ro\/\"},{\"@type\":\"ListItem\",\"position\":2,\"name\":\"Termeni de livrare \u0219i returnare\"}]},{\"@type\":\"WebSite\",\"@id\":\"https:\/\/resmak.com\/ro\/#website\",\"url\":\"https:\/\/resmak.com\/ro\/\",\"name\":\"Resmak Tar\u0131m ve G\u0131da Makineleri\",\"description\":\"\",\"publisher\":{\"@id\":\"https:\/\/resmak.com\/ro\/#organization\"},\"alternateName\":\"Resmak\",\"potentialAction\":[{\"@type\":\"SearchAction\",\"target\":{\"@type\":\"EntryPoint\",\"urlTemplate\":\"https:\/\/resmak.com\/ro\/?s={search_term_string}\"},\"query-input\":{\"@type\":\"PropertyValueSpecification\",\"valueRequired\":true,\"valueName\":\"search_term_string\"}}],\"inLanguage\":\"ro-RO\"},{\"@type\":\"Organization\",\"@id\":\"https:\/\/resmak.com\/ro\/#organization\",\"name\":\"Resmak Tar\u0131m ve G\u0131da Makineleri\",\"alternateName\":\"Resmak G\u0131da Makineleri\",\"url\":\"https:\/\/resmak.com\/ro\/\",\"logo\":{\"@type\":\"ImageObject\",\"inLanguage\":\"ro-RO\",\"@id\":\"https:\/\/resmak.com\/ro\/#\/schema\/logo\/image\/\",\"url\":\"https:\/\/resmak.com\/wp-content\/uploads\/2025\/02\/resmak-logo-3.jpg\",\"contentUrl\":\"https:\/\/resmak.com\/wp-content\/uploads\/2025\/02\/resmak-logo-3.jpg\",\"width\":696,\"height\":696,\"caption\":\"Resmak Tar\u0131m ve G\u0131da Makineleri\"},\"image\":{\"@id\":\"https:\/\/resmak.com\/ro\/#\/schema\/logo\/image\/\"},\"sameAs\":[\"https:\/\/www.facebook.com\/resmakco\",\"https:\/\/x.com\/resmakco\",\"https:\/\/www.instagram.com\/resmakco\/\",\"https:\/\/www.youtube.com\/@Resmakco\"],\"description\":\"Tar\u0131m ve g\u0131da i\u015fleme sekt\u00f6r\u00fcne yenilik\u00e7i, dayan\u0131kl\u0131 ve verimli makineler kazand\u0131ran Resmak, g\u00fc\u00e7l\u00fc m\u00fchendislik altyap\u0131s\u0131 ve m\u00fc\u015fteri odakl\u0131 yakla\u015f\u0131m\u0131yla sekt\u00f6rde fark yaratmaktad\u0131r. Kalite, g\u00fcvenilirlik ve m\u00fc\u015fteri memnuniyeti ilkelerini temel alarak, kullan\u0131c\u0131lar\u0131n ihtiya\u00e7lar\u0131na en uygun \u00e7\u00f6z\u00fcmleri sunuyoruz.\",\"email\":\"info@resmak.com\",\"telephone\":\"+905451202496\",\"legalName\":\"Resmak Tar\u0131m ve G\u0131da Makineleri San. Tic. Ltd. \u015eti.\",\"taxID\":\"7342825092\"}]}<\/script>\n<!-- \/ Yoast SEO Premium plugin. -->","yoast_head_json":{"title":"Termeni de livrare \u0219i returnare","robots":{"index":"index","follow":"follow","max-snippet":"max-snippet:-1","max-image-preview":"max-image-preview:large","max-video-preview":"max-video-preview:-1"},"canonical":"https:\/\/resmak.com\/ro\/termeni-de-livrare-si-returnare\/","og_locale":"ro_RO","og_type":"article","og_title":"Termeni de livrare \u0219i returnare","og_description":"Termeni de livrare \u0219i returnare Resmak Termeni de livrare: Produsele vor fi expediate \u00een termen de 7 zile lucr\u0103toare de","og_url":"https:\/\/resmak.com\/ro\/termeni-de-livrare-si-returnare\/","og_site_name":"Resmak Tar\u0131m ve G\u0131da Makineleri","article_publisher":"https:\/\/www.facebook.com\/resmakco","article_modified_time":"2025-05-02T21:41:47+00:00","twitter_card":"summary_large_image","twitter_site":"@resmakco","twitter_misc":{"Timp estimat pentru citire":"1 minut"},"schema":{"@context":"https:\/\/schema.org","@graph":[{"@type":"WebPage","@id":"https:\/\/resmak.com\/ro\/termeni-de-livrare-si-returnare\/","url":"https:\/\/resmak.com\/ro\/termeni-de-livrare-si-returnare\/","name":"Termeni de livrare \u0219i returnare","isPartOf":{"@id":"https:\/\/resmak.com\/ro\/#website"},"datePublished":"2025-02-21T12:18:27+00:00","dateModified":"2025-05-02T21:41:47+00:00","breadcrumb":{"@id":"https:\/\/resmak.com\/ro\/termeni-de-livrare-si-returnare\/#breadcrumb"},"inLanguage":"ro-RO","potentialAction":[{"@type":"ReadAction","target":["https:\/\/resmak.com\/ro\/termeni-de-livrare-si-returnare\/"]}]},{"@type":"BreadcrumbList","@id":"https:\/\/resmak.com\/ro\/termeni-de-livrare-si-returnare\/#breadcrumb","itemListElement":[{"@type":"ListItem","position":1,"name":"Anasayfa","item":"https:\/\/resmak.com\/ro\/"},{"@type":"ListItem","position":2,"name":"Termeni de livrare \u0219i returnare"}]},{"@type":"WebSite","@id":"https:\/\/resmak.com\/ro\/#website","url":"https:\/\/resmak.com\/ro\/","name":"Resmak Tar\u0131m ve G\u0131da Makineleri","description":"","publisher":{"@id":"https:\/\/resmak.com\/ro\/#organization"},"alternateName":"Resmak","potentialAction":[{"@type":"SearchAction","target":{"@type":"EntryPoint","urlTemplate":"https:\/\/resmak.com\/ro\/?s={search_term_string}"},"query-input":{"@type":"PropertyValueSpecification","valueRequired":true,"valueName":"search_term_string"}}],"inLanguage":"ro-RO"},{"@type":"Organization","@id":"https:\/\/resmak.com\/ro\/#organization","name":"Resmak Tar\u0131m ve G\u0131da Makineleri","alternateName":"Resmak G\u0131da Makineleri","url":"https:\/\/resmak.com\/ro\/","logo":{"@type":"ImageObject","inLanguage":"ro-RO","@id":"https:\/\/resmak.com\/ro\/#\/schema\/logo\/image\/","url":"https:\/\/resmak.com\/wp-content\/uploads\/2025\/02\/resmak-logo-3.jpg","contentUrl":"https:\/\/resmak.com\/wp-content\/uploads\/2025\/02\/resmak-logo-3.jpg","width":696,"height":696,"caption":"Resmak Tar\u0131m ve G\u0131da Makineleri"},"image":{"@id":"https:\/\/resmak.com\/ro\/#\/schema\/logo\/image\/"},"sameAs":["https:\/\/www.facebook.com\/resmakco","https:\/\/x.com\/resmakco","https:\/\/www.instagram.com\/resmakco\/","https:\/\/www.youtube.com\/@Resmakco"],"description":"Tar\u0131m ve g\u0131da i\u015fleme sekt\u00f6r\u00fcne yenilik\u00e7i, dayan\u0131kl\u0131 ve verimli makineler kazand\u0131ran Resmak, g\u00fc\u00e7l\u00fc m\u00fchendislik altyap\u0131s\u0131 ve m\u00fc\u015fteri odakl\u0131 yakla\u015f\u0131m\u0131yla sekt\u00f6rde fark yaratmaktad\u0131r. Kalite, g\u00fcvenilirlik ve m\u00fc\u015fteri memnuniyeti ilkelerini temel alarak, kullan\u0131c\u0131lar\u0131n ihtiya\u00e7lar\u0131na en uygun \u00e7\u00f6z\u00fcmleri sunuyoruz.","email":"info@resmak.com","telephone":"+905451202496","legalName":"Resmak Tar\u0131m ve G\u0131da Makineleri San. Tic. Ltd. \u015eti.","taxID":"7342825092"}]}},"_links":{"self":[{"href":"https:\/\/resmak.com\/ro\/wp-json\/wp\/v2\/pages\/23711","targetHints":{"allow":["GET"]}}],"collection":[{"href":"https:\/\/resmak.com\/ro\/wp-json\/wp\/v2\/pages"}],"about":[{"href":"https:\/\/resmak.com\/ro\/wp-json\/wp\/v2\/types\/page"}],"author":[{"embeddable":true,"href":"https:\/\/resmak.com\/ro\/wp-json\/wp\/v2\/users\/1"}],"replies":[{"embeddable":true,"href":"https:\/\/resmak.com\/ro\/wp-json\/wp\/v2\/comments?post=23711"}],"version-history":[{"count":7,"href":"https:\/\/resmak.com\/ro\/wp-json\/wp\/v2\/pages\/23711\/revisions"}],"predecessor-version":[{"id":31258,"href":"https:\/\/resmak.com\/ro\/wp-json\/wp\/v2\/pages\/23711\/revisions\/31258"}],"wp:attachment":[{"href":"https:\/\/resmak.com\/ro\/wp-json\/wp\/v2\/media?parent=23711"}],"curies":[{"name":"wp","href":"https:\/\/api.w.org\/{rel}","templated":true}]}}