{"id":23715,"date":"2025-02-21T12:23:34","date_gmt":"2025-02-21T12:23:34","guid":{"rendered":"https:\/\/resmak.com\/contract-de-vanzare-la-distanta\/"},"modified":"2025-05-02T21:58:51","modified_gmt":"2025-05-02T21:58:51","slug":"contract-de-vanzare-la-distanta","status":"publish","type":"page","link":"https:\/\/resmak.com\/ro\/contract-de-vanzare-la-distanta\/","title":{"rendered":"Contract de v\u00e2nzare la distan\u021b\u0103"},"content":{"rendered":"\t\t<div data-elementor-type=\"wp-page\" data-elementor-id=\"23715\" class=\"elementor elementor-23715 elementor-16384\">\n\t\t\t\t<div class=\"wd-negative-gap elementor-element elementor-element-87907db e-flex e-con-boxed e-con e-parent\" data-id=\"87907db\" data-element_type=\"container\">\n\t\t\t\t\t<div class=\"e-con-inner\">\n\t\t\t\t<div class=\"elementor-element elementor-element-5106126 color-scheme-inherit text-left elementor-widget elementor-widget-text-editor\" data-id=\"5106126\" data-element_type=\"widget\" data-widget_type=\"text-editor.default\">\n\t\t\t\t<div class=\"elementor-widget-container\">\n\t\t\t\t\t\t\t\t\t<h2 class=\"wp-block-heading\">Resmak Contract de v\u00e2nzare la distan\u021b\u0103<\/h2><p><b>1. PAR\u021aI<\/b><br>Prezentul contract de v\u00e2nzare la distan\u021b\u0103 (&#8222;contractul&#8221;) a fost \u00eencheiat electronic \u00eentre p\u0103r\u021bile ale c\u0103ror informa\u021bii sunt prezentate mai jos.<\/p><p><b>V\u00e2nz\u0103tor<\/b><br><b>Titlu<\/b> Resmak Agricultural Machinery San. Tic Ltd. \u0218ti.  <br><b>Adresa<\/b> Balkan Mh. Ayd\u0131nlar Sk. No:14\/2 16240 Nil\u00fcfer &#8211; Bursa  <br><b>Telefon:<\/b> +90 545 120 24 96<br><b>E-mail:<\/b> info@resmak.com<\/p><p><b>Cump\u0103r\u0103tor:<\/b><br>(Numele, prenumele\/titlul \u0219i datele de contact ale consumatorului vor fi preluate \u00een timpul comenzii.)<\/p><p><b>2. OBIECTUL CONTRACTULUI<\/b><br>Prezentul contract stabile\u0219te drepturile \u0219i obliga\u021biile p\u0103r\u021bilor cu privire la v\u00e2nzarea \u0219i livrarea produsului\/serviciului comandat electronic de c\u0103tre Cump\u0103r\u0103tor prin intermediul [Website Name] al V\u00e2nz\u0103torului \u00een cadrul Legii nr. 6502 privind protec\u021bia consumatorilor \u0219i a Regulamentului privind contractele la distan\u021b\u0103.<\/p><p><b>3. INFORMA\u021aII PRIVIND PRODUSUL \/ SERVICIUL<\/b><br>Tipul, cantitatea, marca \/ modelul, culoarea, pre\u021bul de v\u00e2nzare inclusiv taxele \u0219i informa\u021biile de plat\u0103 ale produsului sau serviciului achizi\u021bionat de Cump\u0103r\u0103tor sunt cele specificate la momentul comenzii.<\/p><p><b>4. PRE\u021aUL \u0218I TERMENII DE PLAT\u0102<\/b><br>Pre\u021bul produsului \/ serviciului este indicat pe site-ul web, iar plata poate fi efectuat\u0103 prin card de credit, mandat po\u0219tal \/ EFT sau alte metode de plat\u0103 specificate. Produsul \/ serviciul nu este trimis \u00eenainte de finalizarea pl\u0103\u021bii. <\/p><p><b>5. CONDI\u021aII DE LIVRARE<\/b><\/p><ul><li>Livrarea se face la adresa specificat\u0103 de cump\u0103r\u0103tor la momentul comenzii.<\/li><li>Termenul de livrare nu trebuie s\u0103 dep\u0103\u0219easc\u0103 30 de zile, cu excep\u021bia cazului \u00een care se specific\u0103 altfel.<\/li><li>Produsul va fi livrat cump\u0103r\u0103torului prin intermediul companiei de transport, iar termenul de livrare depinde de condi\u021biile de lucru ale companiei de transport.<\/li><\/ul><p><b>6. DREPTUL DE RETRAGERE<\/b><\/p><ul><li>Cump\u0103r\u0103torul are dreptul de a se retrage din contract \u00een termen de 14 zile f\u0103r\u0103 nicio justificare \u0219i f\u0103r\u0103 penalit\u0103\u021bi.<\/li><li>Pentru utilizarea dreptului de retragere, Cump\u0103r\u0103torul trebuie s\u0103 notifice V\u00e2nz\u0103torul \u00een scris.<\/li><li>Produsul nu trebuie utilizat \u00eenainte de expirarea dreptului de retragere \u0219i trebuie returnat \u00een ambalajul s\u0103u original.<\/li><li>Pre\u021bul produselor returnate \u00een cadrul dreptului de retragere va fi returnat cump\u0103r\u0103torului \u00een termen de 14 zile de la primirea notific\u0103rii de retragere.<\/li><\/ul><p><b>7. CONDI\u021aII DE GARAN\u021aIE \u0218I RETURNARE<\/b><\/p><ul><li>Produsele sunt garantate timp de 2 ani de la data livr\u0103rii.<\/li><li>Dac\u0103 produsul prezint\u0103 un defect de fabrica\u021bie, Cump\u0103r\u0103torul poate solicita un schimb sau o rambursare.<\/li><\/ul><p><b>8. SOLU\u021aIONAREA LITIGIILOR<\/b><br>Orice litigiu care poate ap\u0103rea \u00eentre p\u0103r\u021bi se va \u00eencerca a fi solu\u021bionat \u00een primul r\u00e2nd prin negociere. \u00cen cazul \u00een care nu se ajunge la o solu\u021bie, sunt autorizate comisiile de arbitraj pentru consumatori \u0219i instan\u021bele pentru consumatori din localitatea cump\u0103r\u0103torului. <\/p><p><b>9. EFECTIVITATE<\/b><br>Se consider\u0103 c\u0103 cump\u0103r\u0103torul a acceptat toate condi\u021biile prezentului contract din momentul \u00een care plaseaz\u0103 o comand\u0103.<\/p><p><b>V\u00e2nz\u0103tor:<\/b><br>Resmak Agricultural Machinery San. Tic Ltd. Sti.  <br><b>Destinatar:<\/b><br>(care urmeaz\u0103 s\u0103 fie confirmat de consumator \u00een momentul comenzii)<\/p>\t\t\t\t\t\t\t\t<\/div>\n\t\t\t\t<\/div>\n\t\t\t\t\t<\/div>\n\t\t\t\t<\/div>\n\t\t\t\t<\/div>\n\t\t","protected":false},"excerpt":{"rendered":"<p>Resmak Contract de v\u00e2nzare la distan\u021b\u0103 1. PAR\u021aIPrezentul contract de v\u00e2nzare la distan\u021b\u0103 (&#8222;contractul&#8221;) a fost \u00eencheiat electronic \u00eentre p\u0103r\u021bile<\/p>\n","protected":false},"author":1,"featured_media":0,"parent":0,"menu_order":0,"comment_status":"closed","ping_status":"closed","template":"","meta":{"footnotes":""},"class_list":["post-23715","page","type-page","status-publish","hentry"],"yoast_head":"<!-- This site is optimized with the Yoast SEO Premium plugin v26.8 (Yoast SEO v26.8) - https:\/\/yoast.com\/product\/yoast-seo-premium-wordpress\/ -->\n<title>Contract de v\u00e2nzare la distan\u021b\u0103<\/title>\n<meta name=\"robots\" content=\"index, follow, max-snippet:-1, max-image-preview:large, max-video-preview:-1\" \/>\n<link rel=\"canonical\" href=\"https:\/\/resmak.com\/ro\/contract-de-vanzare-la-distanta\/\" \/>\n<meta property=\"og:locale\" content=\"ro_RO\" \/>\n<meta property=\"og:type\" content=\"article\" \/>\n<meta property=\"og:title\" content=\"Contract de v\u00e2nzare la distan\u021b\u0103\" \/>\n<meta property=\"og:description\" content=\"Resmak Contract de v\u00e2nzare la distan\u021b\u0103 1. PAR\u021aIPrezentul contract de v\u00e2nzare la distan\u021b\u0103 (&#8222;contractul&#8221;) a fost \u00eencheiat electronic \u00eentre p\u0103r\u021bile\" \/>\n<meta property=\"og:url\" content=\"https:\/\/resmak.com\/ro\/contract-de-vanzare-la-distanta\/\" \/>\n<meta property=\"og:site_name\" content=\"Resmak Tar\u0131m ve G\u0131da Makineleri\" \/>\n<meta property=\"article:publisher\" content=\"https:\/\/www.facebook.com\/resmakco\" \/>\n<meta property=\"article:modified_time\" content=\"2025-05-02T21:58:51+00:00\" \/>\n<meta name=\"twitter:card\" content=\"summary_large_image\" \/>\n<meta name=\"twitter:site\" content=\"@resmakco\" \/>\n<meta name=\"twitter:label1\" content=\"Timp estimat pentru citire\" \/>\n\t<meta name=\"twitter:data1\" content=\"2 minute\" \/>\n<script type=\"application\/ld+json\" class=\"yoast-schema-graph\">{\"@context\":\"https:\/\/schema.org\",\"@graph\":[{\"@type\":\"WebPage\",\"@id\":\"https:\/\/resmak.com\/ro\/contract-de-vanzare-la-distanta\/\",\"url\":\"https:\/\/resmak.com\/ro\/contract-de-vanzare-la-distanta\/\",\"name\":\"Contract de v\u00e2nzare la distan\u021b\u0103\",\"isPartOf\":{\"@id\":\"https:\/\/resmak.com\/ro\/#website\"},\"datePublished\":\"2025-02-21T12:23:34+00:00\",\"dateModified\":\"2025-05-02T21:58:51+00:00\",\"breadcrumb\":{\"@id\":\"https:\/\/resmak.com\/ro\/contract-de-vanzare-la-distanta\/#breadcrumb\"},\"inLanguage\":\"ro-RO\",\"potentialAction\":[{\"@type\":\"ReadAction\",\"target\":[\"https:\/\/resmak.com\/ro\/contract-de-vanzare-la-distanta\/\"]}]},{\"@type\":\"BreadcrumbList\",\"@id\":\"https:\/\/resmak.com\/ro\/contract-de-vanzare-la-distanta\/#breadcrumb\",\"itemListElement\":[{\"@type\":\"ListItem\",\"position\":1,\"name\":\"Anasayfa\",\"item\":\"https:\/\/resmak.com\/ro\/\"},{\"@type\":\"ListItem\",\"position\":2,\"name\":\"Contract de v\u00e2nzare la distan\u021b\u0103\"}]},{\"@type\":\"WebSite\",\"@id\":\"https:\/\/resmak.com\/ro\/#website\",\"url\":\"https:\/\/resmak.com\/ro\/\",\"name\":\"Resmak Tar\u0131m ve G\u0131da Makineleri\",\"description\":\"\",\"publisher\":{\"@id\":\"https:\/\/resmak.com\/ro\/#organization\"},\"alternateName\":\"Resmak\",\"potentialAction\":[{\"@type\":\"SearchAction\",\"target\":{\"@type\":\"EntryPoint\",\"urlTemplate\":\"https:\/\/resmak.com\/ro\/?s={search_term_string}\"},\"query-input\":{\"@type\":\"PropertyValueSpecification\",\"valueRequired\":true,\"valueName\":\"search_term_string\"}}],\"inLanguage\":\"ro-RO\"},{\"@type\":\"Organization\",\"@id\":\"https:\/\/resmak.com\/ro\/#organization\",\"name\":\"Resmak Tar\u0131m ve G\u0131da Makineleri\",\"alternateName\":\"Resmak G\u0131da Makineleri\",\"url\":\"https:\/\/resmak.com\/ro\/\",\"logo\":{\"@type\":\"ImageObject\",\"inLanguage\":\"ro-RO\",\"@id\":\"https:\/\/resmak.com\/ro\/#\/schema\/logo\/image\/\",\"url\":\"https:\/\/resmak.com\/wp-content\/uploads\/2025\/02\/resmak-logo-3.jpg\",\"contentUrl\":\"https:\/\/resmak.com\/wp-content\/uploads\/2025\/02\/resmak-logo-3.jpg\",\"width\":696,\"height\":696,\"caption\":\"Resmak Tar\u0131m ve G\u0131da Makineleri\"},\"image\":{\"@id\":\"https:\/\/resmak.com\/ro\/#\/schema\/logo\/image\/\"},\"sameAs\":[\"https:\/\/www.facebook.com\/resmakco\",\"https:\/\/x.com\/resmakco\",\"https:\/\/www.instagram.com\/resmakco\/\",\"https:\/\/www.youtube.com\/@Resmakco\"],\"description\":\"Tar\u0131m ve g\u0131da i\u015fleme sekt\u00f6r\u00fcne yenilik\u00e7i, dayan\u0131kl\u0131 ve verimli makineler kazand\u0131ran Resmak, g\u00fc\u00e7l\u00fc m\u00fchendislik altyap\u0131s\u0131 ve m\u00fc\u015fteri odakl\u0131 yakla\u015f\u0131m\u0131yla sekt\u00f6rde fark yaratmaktad\u0131r. Kalite, g\u00fcvenilirlik ve m\u00fc\u015fteri memnuniyeti ilkelerini temel alarak, kullan\u0131c\u0131lar\u0131n ihtiya\u00e7lar\u0131na en uygun \u00e7\u00f6z\u00fcmleri sunuyoruz.\",\"email\":\"info@resmak.com\",\"telephone\":\"+905451202496\",\"legalName\":\"Resmak Tar\u0131m ve G\u0131da Makineleri San. Tic. Ltd. \u015eti.\",\"taxID\":\"7342825092\"}]}<\/script>\n<!-- \/ Yoast SEO Premium plugin. -->","yoast_head_json":{"title":"Contract de v\u00e2nzare la distan\u021b\u0103","robots":{"index":"index","follow":"follow","max-snippet":"max-snippet:-1","max-image-preview":"max-image-preview:large","max-video-preview":"max-video-preview:-1"},"canonical":"https:\/\/resmak.com\/ro\/contract-de-vanzare-la-distanta\/","og_locale":"ro_RO","og_type":"article","og_title":"Contract de v\u00e2nzare la distan\u021b\u0103","og_description":"Resmak Contract de v\u00e2nzare la distan\u021b\u0103 1. PAR\u021aIPrezentul contract de v\u00e2nzare la distan\u021b\u0103 (&#8222;contractul&#8221;) a fost \u00eencheiat electronic \u00eentre p\u0103r\u021bile","og_url":"https:\/\/resmak.com\/ro\/contract-de-vanzare-la-distanta\/","og_site_name":"Resmak Tar\u0131m ve G\u0131da Makineleri","article_publisher":"https:\/\/www.facebook.com\/resmakco","article_modified_time":"2025-05-02T21:58:51+00:00","twitter_card":"summary_large_image","twitter_site":"@resmakco","twitter_misc":{"Timp estimat pentru citire":"2 minute"},"schema":{"@context":"https:\/\/schema.org","@graph":[{"@type":"WebPage","@id":"https:\/\/resmak.com\/ro\/contract-de-vanzare-la-distanta\/","url":"https:\/\/resmak.com\/ro\/contract-de-vanzare-la-distanta\/","name":"Contract de v\u00e2nzare la distan\u021b\u0103","isPartOf":{"@id":"https:\/\/resmak.com\/ro\/#website"},"datePublished":"2025-02-21T12:23:34+00:00","dateModified":"2025-05-02T21:58:51+00:00","breadcrumb":{"@id":"https:\/\/resmak.com\/ro\/contract-de-vanzare-la-distanta\/#breadcrumb"},"inLanguage":"ro-RO","potentialAction":[{"@type":"ReadAction","target":["https:\/\/resmak.com\/ro\/contract-de-vanzare-la-distanta\/"]}]},{"@type":"BreadcrumbList","@id":"https:\/\/resmak.com\/ro\/contract-de-vanzare-la-distanta\/#breadcrumb","itemListElement":[{"@type":"ListItem","position":1,"name":"Anasayfa","item":"https:\/\/resmak.com\/ro\/"},{"@type":"ListItem","position":2,"name":"Contract de v\u00e2nzare la distan\u021b\u0103"}]},{"@type":"WebSite","@id":"https:\/\/resmak.com\/ro\/#website","url":"https:\/\/resmak.com\/ro\/","name":"Resmak Tar\u0131m ve G\u0131da Makineleri","description":"","publisher":{"@id":"https:\/\/resmak.com\/ro\/#organization"},"alternateName":"Resmak","potentialAction":[{"@type":"SearchAction","target":{"@type":"EntryPoint","urlTemplate":"https:\/\/resmak.com\/ro\/?s={search_term_string}"},"query-input":{"@type":"PropertyValueSpecification","valueRequired":true,"valueName":"search_term_string"}}],"inLanguage":"ro-RO"},{"@type":"Organization","@id":"https:\/\/resmak.com\/ro\/#organization","name":"Resmak Tar\u0131m ve G\u0131da Makineleri","alternateName":"Resmak G\u0131da Makineleri","url":"https:\/\/resmak.com\/ro\/","logo":{"@type":"ImageObject","inLanguage":"ro-RO","@id":"https:\/\/resmak.com\/ro\/#\/schema\/logo\/image\/","url":"https:\/\/resmak.com\/wp-content\/uploads\/2025\/02\/resmak-logo-3.jpg","contentUrl":"https:\/\/resmak.com\/wp-content\/uploads\/2025\/02\/resmak-logo-3.jpg","width":696,"height":696,"caption":"Resmak Tar\u0131m ve G\u0131da Makineleri"},"image":{"@id":"https:\/\/resmak.com\/ro\/#\/schema\/logo\/image\/"},"sameAs":["https:\/\/www.facebook.com\/resmakco","https:\/\/x.com\/resmakco","https:\/\/www.instagram.com\/resmakco\/","https:\/\/www.youtube.com\/@Resmakco"],"description":"Tar\u0131m ve g\u0131da i\u015fleme sekt\u00f6r\u00fcne yenilik\u00e7i, dayan\u0131kl\u0131 ve verimli makineler kazand\u0131ran Resmak, g\u00fc\u00e7l\u00fc m\u00fchendislik altyap\u0131s\u0131 ve m\u00fc\u015fteri odakl\u0131 yakla\u015f\u0131m\u0131yla sekt\u00f6rde fark yaratmaktad\u0131r. Kalite, g\u00fcvenilirlik ve m\u00fc\u015fteri memnuniyeti ilkelerini temel alarak, kullan\u0131c\u0131lar\u0131n ihtiya\u00e7lar\u0131na en uygun \u00e7\u00f6z\u00fcmleri sunuyoruz.","email":"info@resmak.com","telephone":"+905451202496","legalName":"Resmak Tar\u0131m ve G\u0131da Makineleri San. Tic. Ltd. \u015eti.","taxID":"7342825092"}]}},"_links":{"self":[{"href":"https:\/\/resmak.com\/ro\/wp-json\/wp\/v2\/pages\/23715","targetHints":{"allow":["GET"]}}],"collection":[{"href":"https:\/\/resmak.com\/ro\/wp-json\/wp\/v2\/pages"}],"about":[{"href":"https:\/\/resmak.com\/ro\/wp-json\/wp\/v2\/types\/page"}],"author":[{"embeddable":true,"href":"https:\/\/resmak.com\/ro\/wp-json\/wp\/v2\/users\/1"}],"replies":[{"embeddable":true,"href":"https:\/\/resmak.com\/ro\/wp-json\/wp\/v2\/comments?post=23715"}],"version-history":[{"count":2,"href":"https:\/\/resmak.com\/ro\/wp-json\/wp\/v2\/pages\/23715\/revisions"}],"predecessor-version":[{"id":31756,"href":"https:\/\/resmak.com\/ro\/wp-json\/wp\/v2\/pages\/23715\/revisions\/31756"}],"wp:attachment":[{"href":"https:\/\/resmak.com\/ro\/wp-json\/wp\/v2\/media?parent=23715"}],"curies":[{"name":"wp","href":"https:\/\/api.w.org\/{rel}","templated":true}]}}