{"id":22496,"date":"2025-02-21T12:18:27","date_gmt":"2025-02-21T12:18:27","guid":{"rendered":"https:\/\/resmak.com\/kushtet-e-dorezimit-dhe-kthimit\/"},"modified":"2025-05-02T21:41:07","modified_gmt":"2025-05-02T21:41:07","slug":"kushtet-e-dorezimit-dhe-kthimit","status":"publish","type":"page","link":"https:\/\/resmak.com\/sq\/kushtet-e-dorezimit-dhe-kthimit\/","title":{"rendered":"Kushtet e dor\u00ebzimit dhe kthimit"},"content":{"rendered":"\t\t<div data-elementor-type=\"wp-page\" data-elementor-id=\"22496\" class=\"elementor elementor-22496 elementor-16375\">\n\t\t\t\t<div class=\"wd-negative-gap elementor-element elementor-element-243c280 e-flex e-con-boxed e-con e-parent\" data-id=\"243c280\" data-element_type=\"container\">\n\t\t\t\t\t<div class=\"e-con-inner\">\n\t\t\t\t<div class=\"elementor-element elementor-element-8af75e6 color-scheme-inherit text-left elementor-widget elementor-widget-text-editor\" data-id=\"8af75e6\" data-element_type=\"widget\" data-widget_type=\"text-editor.default\">\n\t\t\t\t<div class=\"elementor-widget-container\">\n\t\t\t\t\t\t\t\t\t<p><\/p><h2 class=\"wp-block-heading\">Kushtet e dor\u00ebzimit dhe kthimit t\u00eb Resmak<\/h2><p><\/p><p><\/p><p><strong>Kushtet e dor\u00ebzimit:<\/strong><\/p><p><\/p><ul class=\"wp-block-list\"><li>Produktet <strong>do t\u00eb d\u00ebrgohen brenda 7 dit\u00ebve t\u00eb pun\u00ebs<\/strong> pas konfirmimit t\u00eb porosis\u00eb. Megjithat\u00eb, koha e dor\u00ebzimit mund t\u00eb ndryshoj\u00eb n\u00eb var\u00ebsi t\u00eb orarit t\u00eb pun\u00ebs t\u00eb kompanis\u00eb s\u00eb ngarkesave dhe proceseve logjistike. P\u00ebr k\u00ebt\u00eb arsye, data e sakt\u00eb e dor\u00ebzimit nuk mund t\u00eb garantohet.  <\/li><li>Adresa e dor\u00ebzimit do t\u00eb jet\u00eb <strong>n\u00eb adres\u00ebn e specifikuar nga bler\u00ebsi<\/strong> . \u00cbsht\u00eb e r\u00ebnd\u00ebsishme q\u00eb adresa t\u00eb jet\u00eb e sakt\u00eb dhe e plot\u00eb p\u00ebr d\u00ebrgimin n\u00eb koh\u00eb. Ndryshimet e adres\u00ebs mund t\u00eb ndikojn\u00eb n\u00eb procesin e dor\u00ebzimit.  <\/li><li><strong>Kostot e dor\u00ebzimit<\/strong> do t\u00eb p\u00ebrballohen nga bler\u00ebsi. Pagesa p\u00ebr kostot e dor\u00ebzimit do t\u00eb b\u00ebhet p\u00ebrmes korrierit ose kompanis\u00eb s\u00eb transportit pasi porosia t\u00eb konfirmohet. <\/li><li>M\u00ebnyra e dor\u00ebzimit; Mund t\u00eb jet\u00eb nj\u00eb nga opsionet <strong>e ngarkesave, transportit, depove ose dor\u00ebzimit t\u00eb dor\u00ebs<\/strong> . M\u00ebnyra e dor\u00ebzimit do t\u00eb p\u00ebrcaktohet n\u00eb var\u00ebsi t\u00eb preferencave t\u00eb marr\u00ebsit dhe rajonit t\u00eb transportit. D\u00ebrgesat e b\u00ebra nga kompania e ngarkesave mund t\u00eb shkaktojn\u00eb ndonj\u00eb ndryshim n\u00eb koh\u00ebn e dor\u00ebzimit dhe garancin\u00eb e dor\u00ebzimit n\u00eb koh\u00eb.  <\/li><\/ul><p><\/p><p><strong>Kushtet e kthimit:<\/strong><\/p><p><\/p><ul class=\"wp-block-list\"><li>Produktet e k\u00ebrkuara p\u00ebr t&#8217;u kthyer duhet <strong>t\u00eb jen\u00eb t\u00eb pap\u00ebrdorura dhe t\u00eb pahapura<\/strong> . \u00cbsht\u00eb e detyrueshme p\u00ebr procesin e kthimit q\u00eb produkti t\u00eb dor\u00ebzohet n\u00eb paketimin e tij origjinal pa asnj\u00eb d\u00ebmtim. <\/li><li>K\u00ebrkesat p\u00ebr kthim duhet t\u00eb b\u00ebhen <strong>brenda 14 dit\u00ebve<\/strong> nga data e dor\u00ebzimit t\u00eb produktit. Kthimet q\u00eb nuk k\u00ebrkohen brenda k\u00ebsaj periudhe nuk do t\u00eb pranohen. <\/li><li>Bler\u00ebsi q\u00eb k\u00ebrkon nj\u00eb kthim do t\u00eb mbuloj\u00eb <strong>kostot e transportit<\/strong> . Gjat\u00eb procesit t\u00eb kthimit, kostot e transportit t\u00eb p\u00ebrdorura p\u00ebr d\u00ebrgimin e produktit do t\u00eb paguhen nga bler\u00ebsi. <\/li><li><strong>Procedura e kthimit<\/strong> : Dokumentet si certifikata e garancis\u00eb, fatura dhe fatura e pages\u00ebs duhet t\u00eb d\u00ebrgohen s\u00eb bashku me produktin e kthyer. K\u00ebto dokumente jan\u00eb t\u00eb detyrueshme q\u00eb produkti t\u00eb kthehet n\u00eb m\u00ebnyr\u00eb korrekte dhe q\u00eb procesi i transaksionit t\u00eb p\u00ebrfundoj\u00eb. <\/li><\/ul><p><\/p><p><\/p>\t\t\t\t\t\t\t\t<\/div>\n\t\t\t\t<\/div>\n\t\t\t\t\t<\/div>\n\t\t\t\t<\/div>\n\t\t\t\t<\/div>\n\t\t","protected":false},"excerpt":{"rendered":"<p>Kushtet e dor\u00ebzimit dhe kthimit t\u00eb Resmak Kushtet e dor\u00ebzimit: Produktet do t\u00eb d\u00ebrgohen brenda 7 dit\u00ebve t\u00eb pun\u00ebs pas<\/p>\n","protected":false},"author":1,"featured_media":0,"parent":0,"menu_order":0,"comment_status":"closed","ping_status":"closed","template":"","meta":{"footnotes":""},"class_list":["post-22496","page","type-page","status-publish","hentry"],"yoast_head":"<!-- This site is optimized with the Yoast SEO Premium plugin v26.8 (Yoast SEO v26.8) - https:\/\/yoast.com\/product\/yoast-seo-premium-wordpress\/ -->\n<title>Kushtet e dor\u00ebzimit dhe kthimit<\/title>\n<meta name=\"robots\" content=\"index, follow, max-snippet:-1, max-image-preview:large, max-video-preview:-1\" \/>\n<link rel=\"canonical\" href=\"https:\/\/resmak.com\/sq\/kushtet-e-dorezimit-dhe-kthimit\/\" \/>\n<meta property=\"og:locale\" content=\"sq_AL\" \/>\n<meta property=\"og:type\" content=\"article\" \/>\n<meta property=\"og:title\" content=\"Kushtet e dor\u00ebzimit dhe kthimit\" \/>\n<meta property=\"og:description\" content=\"Kushtet e dor\u00ebzimit dhe kthimit t\u00eb Resmak Kushtet e dor\u00ebzimit: Produktet do t\u00eb d\u00ebrgohen brenda 7 dit\u00ebve t\u00eb pun\u00ebs pas\" \/>\n<meta property=\"og:url\" content=\"https:\/\/resmak.com\/sq\/kushtet-e-dorezimit-dhe-kthimit\/\" \/>\n<meta property=\"og:site_name\" content=\"Resmak Tar\u0131m ve G\u0131da Makineleri\" \/>\n<meta property=\"article:publisher\" content=\"https:\/\/www.facebook.com\/resmakco\" \/>\n<meta property=\"article:modified_time\" content=\"2025-05-02T21:41:07+00:00\" \/>\n<meta name=\"twitter:card\" content=\"summary_large_image\" \/>\n<meta name=\"twitter:site\" content=\"@resmakco\" \/>\n<meta name=\"twitter:label1\" content=\"Est. reading time\" \/>\n\t<meta name=\"twitter:data1\" content=\"2 minutes\" \/>\n<script type=\"application\/ld+json\" class=\"yoast-schema-graph\">{\"@context\":\"https:\/\/schema.org\",\"@graph\":[{\"@type\":\"WebPage\",\"@id\":\"https:\/\/resmak.com\/sq\/kushtet-e-dorezimit-dhe-kthimit\/\",\"url\":\"https:\/\/resmak.com\/sq\/kushtet-e-dorezimit-dhe-kthimit\/\",\"name\":\"Kushtet e dor\u00ebzimit dhe kthimit\",\"isPartOf\":{\"@id\":\"https:\/\/resmak.com\/sq\/#website\"},\"datePublished\":\"2025-02-21T12:18:27+00:00\",\"dateModified\":\"2025-05-02T21:41:07+00:00\",\"breadcrumb\":{\"@id\":\"https:\/\/resmak.com\/sq\/kushtet-e-dorezimit-dhe-kthimit\/#breadcrumb\"},\"inLanguage\":\"sq-AL\",\"potentialAction\":[{\"@type\":\"ReadAction\",\"target\":[\"https:\/\/resmak.com\/sq\/kushtet-e-dorezimit-dhe-kthimit\/\"]}]},{\"@type\":\"BreadcrumbList\",\"@id\":\"https:\/\/resmak.com\/sq\/kushtet-e-dorezimit-dhe-kthimit\/#breadcrumb\",\"itemListElement\":[{\"@type\":\"ListItem\",\"position\":1,\"name\":\"Anasayfa\",\"item\":\"https:\/\/resmak.com\/sq\/\"},{\"@type\":\"ListItem\",\"position\":2,\"name\":\"Kushtet e dor\u00ebzimit dhe kthimit\"}]},{\"@type\":\"WebSite\",\"@id\":\"https:\/\/resmak.com\/sq\/#website\",\"url\":\"https:\/\/resmak.com\/sq\/\",\"name\":\"Resmak Tar\u0131m ve G\u0131da Makineleri\",\"description\":\"\",\"publisher\":{\"@id\":\"https:\/\/resmak.com\/sq\/#organization\"},\"alternateName\":\"Resmak\",\"potentialAction\":[{\"@type\":\"SearchAction\",\"target\":{\"@type\":\"EntryPoint\",\"urlTemplate\":\"https:\/\/resmak.com\/sq\/?s={search_term_string}\"},\"query-input\":{\"@type\":\"PropertyValueSpecification\",\"valueRequired\":true,\"valueName\":\"search_term_string\"}}],\"inLanguage\":\"sq-AL\"},{\"@type\":\"Organization\",\"@id\":\"https:\/\/resmak.com\/sq\/#organization\",\"name\":\"Resmak Tar\u0131m ve G\u0131da Makineleri\",\"alternateName\":\"Resmak G\u0131da Makineleri\",\"url\":\"https:\/\/resmak.com\/sq\/\",\"logo\":{\"@type\":\"ImageObject\",\"inLanguage\":\"sq-AL\",\"@id\":\"https:\/\/resmak.com\/sq\/#\/schema\/logo\/image\/\",\"url\":\"https:\/\/resmak.com\/wp-content\/uploads\/2025\/02\/resmak-logo-3.jpg\",\"contentUrl\":\"https:\/\/resmak.com\/wp-content\/uploads\/2025\/02\/resmak-logo-3.jpg\",\"width\":696,\"height\":696,\"caption\":\"Resmak Tar\u0131m ve G\u0131da Makineleri\"},\"image\":{\"@id\":\"https:\/\/resmak.com\/sq\/#\/schema\/logo\/image\/\"},\"sameAs\":[\"https:\/\/www.facebook.com\/resmakco\",\"https:\/\/x.com\/resmakco\",\"https:\/\/www.instagram.com\/resmakco\/\",\"https:\/\/www.youtube.com\/@Resmakco\"],\"description\":\"Tar\u0131m ve g\u0131da i\u015fleme sekt\u00f6r\u00fcne yenilik\u00e7i, dayan\u0131kl\u0131 ve verimli makineler kazand\u0131ran Resmak, g\u00fc\u00e7l\u00fc m\u00fchendislik altyap\u0131s\u0131 ve m\u00fc\u015fteri odakl\u0131 yakla\u015f\u0131m\u0131yla sekt\u00f6rde fark yaratmaktad\u0131r. Kalite, g\u00fcvenilirlik ve m\u00fc\u015fteri memnuniyeti ilkelerini temel alarak, kullan\u0131c\u0131lar\u0131n ihtiya\u00e7lar\u0131na en uygun \u00e7\u00f6z\u00fcmleri sunuyoruz.\",\"email\":\"info@resmak.com\",\"telephone\":\"+905451202496\",\"legalName\":\"Resmak Tar\u0131m ve G\u0131da Makineleri San. Tic. Ltd. \u015eti.\",\"taxID\":\"7342825092\"}]}<\/script>\n<!-- \/ Yoast SEO Premium plugin. -->","yoast_head_json":{"title":"Kushtet e dor\u00ebzimit dhe kthimit","robots":{"index":"index","follow":"follow","max-snippet":"max-snippet:-1","max-image-preview":"max-image-preview:large","max-video-preview":"max-video-preview:-1"},"canonical":"https:\/\/resmak.com\/sq\/kushtet-e-dorezimit-dhe-kthimit\/","og_locale":"sq_AL","og_type":"article","og_title":"Kushtet e dor\u00ebzimit dhe kthimit","og_description":"Kushtet e dor\u00ebzimit dhe kthimit t\u00eb Resmak Kushtet e dor\u00ebzimit: Produktet do t\u00eb d\u00ebrgohen brenda 7 dit\u00ebve t\u00eb pun\u00ebs pas","og_url":"https:\/\/resmak.com\/sq\/kushtet-e-dorezimit-dhe-kthimit\/","og_site_name":"Resmak Tar\u0131m ve G\u0131da Makineleri","article_publisher":"https:\/\/www.facebook.com\/resmakco","article_modified_time":"2025-05-02T21:41:07+00:00","twitter_card":"summary_large_image","twitter_site":"@resmakco","twitter_misc":{"Est. reading time":"2 minutes"},"schema":{"@context":"https:\/\/schema.org","@graph":[{"@type":"WebPage","@id":"https:\/\/resmak.com\/sq\/kushtet-e-dorezimit-dhe-kthimit\/","url":"https:\/\/resmak.com\/sq\/kushtet-e-dorezimit-dhe-kthimit\/","name":"Kushtet e dor\u00ebzimit dhe kthimit","isPartOf":{"@id":"https:\/\/resmak.com\/sq\/#website"},"datePublished":"2025-02-21T12:18:27+00:00","dateModified":"2025-05-02T21:41:07+00:00","breadcrumb":{"@id":"https:\/\/resmak.com\/sq\/kushtet-e-dorezimit-dhe-kthimit\/#breadcrumb"},"inLanguage":"sq-AL","potentialAction":[{"@type":"ReadAction","target":["https:\/\/resmak.com\/sq\/kushtet-e-dorezimit-dhe-kthimit\/"]}]},{"@type":"BreadcrumbList","@id":"https:\/\/resmak.com\/sq\/kushtet-e-dorezimit-dhe-kthimit\/#breadcrumb","itemListElement":[{"@type":"ListItem","position":1,"name":"Anasayfa","item":"https:\/\/resmak.com\/sq\/"},{"@type":"ListItem","position":2,"name":"Kushtet e dor\u00ebzimit dhe kthimit"}]},{"@type":"WebSite","@id":"https:\/\/resmak.com\/sq\/#website","url":"https:\/\/resmak.com\/sq\/","name":"Resmak Tar\u0131m ve G\u0131da Makineleri","description":"","publisher":{"@id":"https:\/\/resmak.com\/sq\/#organization"},"alternateName":"Resmak","potentialAction":[{"@type":"SearchAction","target":{"@type":"EntryPoint","urlTemplate":"https:\/\/resmak.com\/sq\/?s={search_term_string}"},"query-input":{"@type":"PropertyValueSpecification","valueRequired":true,"valueName":"search_term_string"}}],"inLanguage":"sq-AL"},{"@type":"Organization","@id":"https:\/\/resmak.com\/sq\/#organization","name":"Resmak Tar\u0131m ve G\u0131da Makineleri","alternateName":"Resmak G\u0131da Makineleri","url":"https:\/\/resmak.com\/sq\/","logo":{"@type":"ImageObject","inLanguage":"sq-AL","@id":"https:\/\/resmak.com\/sq\/#\/schema\/logo\/image\/","url":"https:\/\/resmak.com\/wp-content\/uploads\/2025\/02\/resmak-logo-3.jpg","contentUrl":"https:\/\/resmak.com\/wp-content\/uploads\/2025\/02\/resmak-logo-3.jpg","width":696,"height":696,"caption":"Resmak Tar\u0131m ve G\u0131da Makineleri"},"image":{"@id":"https:\/\/resmak.com\/sq\/#\/schema\/logo\/image\/"},"sameAs":["https:\/\/www.facebook.com\/resmakco","https:\/\/x.com\/resmakco","https:\/\/www.instagram.com\/resmakco\/","https:\/\/www.youtube.com\/@Resmakco"],"description":"Tar\u0131m ve g\u0131da i\u015fleme sekt\u00f6r\u00fcne yenilik\u00e7i, dayan\u0131kl\u0131 ve verimli makineler kazand\u0131ran Resmak, g\u00fc\u00e7l\u00fc m\u00fchendislik altyap\u0131s\u0131 ve m\u00fc\u015fteri odakl\u0131 yakla\u015f\u0131m\u0131yla sekt\u00f6rde fark yaratmaktad\u0131r. Kalite, g\u00fcvenilirlik ve m\u00fc\u015fteri memnuniyeti ilkelerini temel alarak, kullan\u0131c\u0131lar\u0131n ihtiya\u00e7lar\u0131na en uygun \u00e7\u00f6z\u00fcmleri sunuyoruz.","email":"info@resmak.com","telephone":"+905451202496","legalName":"Resmak Tar\u0131m ve G\u0131da Makineleri San. Tic. Ltd. \u015eti.","taxID":"7342825092"}]}},"_links":{"self":[{"href":"https:\/\/resmak.com\/sq\/wp-json\/wp\/v2\/pages\/22496","targetHints":{"allow":["GET"]}}],"collection":[{"href":"https:\/\/resmak.com\/sq\/wp-json\/wp\/v2\/pages"}],"about":[{"href":"https:\/\/resmak.com\/sq\/wp-json\/wp\/v2\/types\/page"}],"author":[{"embeddable":true,"href":"https:\/\/resmak.com\/sq\/wp-json\/wp\/v2\/users\/1"}],"replies":[{"embeddable":true,"href":"https:\/\/resmak.com\/sq\/wp-json\/wp\/v2\/comments?post=22496"}],"version-history":[{"count":6,"href":"https:\/\/resmak.com\/sq\/wp-json\/wp\/v2\/pages\/22496\/revisions"}],"predecessor-version":[{"id":31240,"href":"https:\/\/resmak.com\/sq\/wp-json\/wp\/v2\/pages\/22496\/revisions\/31240"}],"wp:attachment":[{"href":"https:\/\/resmak.com\/sq\/wp-json\/wp\/v2\/media?parent=22496"}],"curies":[{"name":"wp","href":"https:\/\/api.w.org\/{rel}","templated":true}]}}