{"id":22498,"date":"2021-10-12T16:27:24","date_gmt":"2021-10-12T16:27:24","guid":{"rendered":"https:\/\/resmak.com\/komunikimi\/"},"modified":"2025-05-02T21:42:34","modified_gmt":"2025-05-02T21:42:34","slug":"komunikimi","status":"publish","type":"page","link":"https:\/\/resmak.com\/sq\/komunikimi\/","title":{"rendered":"Komunikimi"},"content":{"rendered":"\t\t<div data-elementor-type=\"wp-page\" data-elementor-id=\"22498\" class=\"elementor elementor-22498 elementor-4439\">\n\t\t\t\t<div class=\"elementor-element elementor-element-68d0e93 wd-section-stretch-content e-flex e-con-boxed e-con e-parent\" data-id=\"68d0e93\" data-element_type=\"container\">\n\t\t\t\t\t<div class=\"e-con-inner\">\n\t\t\t\t<div class=\"elementor-element elementor-element-7636f71 color-scheme-inherit text-left elementor-widget elementor-widget-text-editor\" data-id=\"7636f71\" data-element_type=\"widget\" data-widget_type=\"text-editor.default\">\n\t\t\t\t<div class=\"elementor-widget-container\">\n\t\t\t\t\t\t\t\t\t<iframe src=\"https:\/\/www.google.com\/maps\/embed?pb=!1m18!1m12!1m3!1d3046.3464545340125!2d28.80249017994712!3d40.2235984835401!2m3!1f0!2f0!3f0!3m2!1i1024!2i768!4f13.1!3m3!1m2!1s0x14ca3f20afbfe295%3A0xea53042a44850996!2sResmak%20Tar%C4%B1m%20ve%20G%C4%B1da%20Makineleri!5e0!3m2!1str!2str!4v1740467698579!5m2!1str!2str\" width=\"100%\" height=\"350\" style=\"border:0;\" allowfullscreen=\"\" loading=\"lazy\" referrerpolicy=\"no-referrer-when-downgrade\"><\/iframe>\t\t\t\t\t\t\t\t<\/div>\n\t\t\t\t<\/div>\n\t\t\t\t\t<\/div>\n\t\t\t\t<\/div>\n\t\t<div class=\"wd-negative-gap elementor-element elementor-element-c757e89 e-flex e-con-boxed e-con e-parent\" data-id=\"c757e89\" data-element_type=\"container\">\n\t\t\t\t\t<div class=\"e-con-inner\">\n\t\t\t\t<div class=\"elementor-element elementor-element-145fc84 color-scheme-inherit text-left elementor-widget elementor-widget-text-editor\" data-id=\"145fc84\" data-element_type=\"widget\" data-widget_type=\"text-editor.default\">\n\t\t\t\t<div class=\"elementor-widget-container\">\n\t\t\t\t\t\t\t\t\t<p>P\u00ebr t\u00eb na kontaktuar, mund t\u00eb p\u00ebrdorni informacionin e adres\u00ebs son\u00eb ose formularin e kontaktit m\u00eb posht\u00eb. Resmak Industria e Makineris\u00eb Bujq\u00ebsore dhe Ushqimore. Tregtis\u00eb. Ltd. Sti    <\/p>\t\t\t\t\t\t\t\t<\/div>\n\t\t\t\t<\/div>\n\t\t\t\t\t<\/div>\n\t\t\t\t<\/div>\n\t\t<div class=\"wd-negative-gap elementor-element elementor-element-cb322d0 e-flex e-con-boxed e-con e-parent\" data-id=\"cb322d0\" data-element_type=\"container\">\n\t\t\t\t\t<div class=\"e-con-inner\">\n\t\t<div class=\"elementor-element elementor-element-1f0abe4 e-con-full e-flex e-con e-child\" data-id=\"1f0abe4\" data-element_type=\"container\">\n\t\t\t\t<div class=\"elementor-element elementor-element-071523a wd-width-100 elementor-widget elementor-widget-wd_title\" data-id=\"071523a\" data-element_type=\"widget\" data-widget_type=\"wd_title.default\">\n\t\t\t\t<div class=\"elementor-widget-container\">\n\t\t\t\t\t\t\t<div class=\"title-wrapper wd-set-mb reset-last-child wd-title-color-default wd-title-style-default wd-title-size-default text-left\">\n\n\t\t\t\t\t\t\t\t\t\t\t<div class=\"title-subtitle subtitle-color-default subtitle-style-default wd-fontsize-xs\">\n\t\t\t\t\tADRESA DHE INFORMACION I TELEFONIT\t\t\t\t<\/div>\n\t\t\t\n\t\t\t<div class=\"liner-continer\">\n\t\t\t\t<h4 class=\"woodmart-title-container title wd-fontsize-l\">INFORMACIONET TONA KONTAKTORE<\/h4> \n\t\t\t\t\t\t\t<\/div>\n\n\t\t\t\t\t\t\t<div class=\"title-after_title reset-last-child wd-fontsize-xs\">\n\t\t\t\t\t<p><strong><br>Adresa<\/strong> : Ballkan Mh. Aydinlar Sk. Nr:14\/2 Nilufer \/ Bursa \/ T\u00fcrkiye  <\/p><p><strong>Fabrika:<\/strong> +90 224 222 96 97<\/p><p><strong>Celular 1<\/strong> : +90 545 120 24 96<\/p><p><strong>Celular 2<\/strong> : +90 545 120 24 97<\/p><p><strong>Email<\/strong> : info@resmak.com<\/p>\t\t\t\t<\/div>\n\t\t\t\t\t<\/div>\n\t\t\t\t\t\t<\/div>\n\t\t\t\t<\/div>\n\t\t\t\t<\/div>\n\t\t<div class=\"elementor-element elementor-element-789122a e-con-full e-flex e-con e-child\" data-id=\"789122a\" data-element_type=\"container\">\n\t\t\t\t<div class=\"elementor-element elementor-element-775ddc4 wd-width-100 elementor-widget elementor-widget-wd_title\" data-id=\"775ddc4\" data-element_type=\"widget\" data-widget_type=\"wd_title.default\">\n\t\t\t\t<div class=\"elementor-widget-container\">\n\t\t\t\t\t\t\t<div class=\"title-wrapper wd-set-mb reset-last-child wd-title-color-default wd-title-style-default wd-title-size-default text-left\">\n\n\t\t\t\t\t\t\t\t\t\t\t<div class=\"title-subtitle subtitle-color-default subtitle-style-default wd-fontsize-xs\">\n\t\t\t\t\tJU LUTEM PLOT\u00cbSONI FORMULARIN P\u00cbR T\u00cb NA KONTAKTONI\t\t\t\t<\/div>\n\t\t\t\n\t\t\t<div class=\"liner-continer\">\n\t\t\t\t<h4 class=\"woodmart-title-container title wd-fontsize-l\">FORMULARI I KONTAKTIT<\/h4> \n\t\t\t\t\t\t\t<\/div>\n\n\t\t\t\t\t<\/div>\n\t\t\t\t\t\t<\/div>\n\t\t\t\t<\/div>\n\t\t\t\t<div class=\"elementor-element elementor-element-3c67846 wd-cf7 elementor-widget elementor-widget-wd_contact_form_7\" data-id=\"3c67846\" data-element_type=\"widget\" data-widget_type=\"wd_contact_form_7.default\">\n\t\t\t\t<div class=\"elementor-widget-container\">\n\t\t\t\t\t\n<div class=\"wpcf7 no-js\" id=\"wpcf7-f22517-o1\" lang=\"sq-AL\" dir=\"ltr\" data-wpcf7-id=\"22517\">\n<div class=\"screen-reader-response\"><p role=\"status\" aria-live=\"polite\" aria-atomic=\"true\"><\/p> <ul><\/ul><\/div>\n<form action=\"\/sq\/wp-json\/wp\/v2\/pages\/22498#wpcf7-f22517-o1\" method=\"post\" class=\"wpcf7-form init\" aria-label=\"Contact form\" novalidate=\"novalidate\" data-status=\"init\">\n<fieldset class=\"hidden-fields-container\"><input type=\"hidden\" name=\"_wpcf7\" value=\"22517\" \/><input type=\"hidden\" name=\"_wpcf7_version\" value=\"6.1.4\" \/><input type=\"hidden\" name=\"_wpcf7_locale\" value=\"sq_AL\" \/><input type=\"hidden\" name=\"_wpcf7_unit_tag\" value=\"wpcf7-f22517-o1\" \/><input type=\"hidden\" name=\"_wpcf7_container_post\" value=\"0\" \/><input type=\"hidden\" name=\"_wpcf7_posted_data_hash\" value=\"\" \/><input type=\"hidden\" name=\"_wpcf7_recaptcha_response\" value=\"\" \/>\n<\/fieldset>\n<p><label> Emri juaj<br \/>\n<span class=\"wpcf7-form-control-wrap\" data-name=\"your-name\"><input size=\"40\" maxlength=\"400\" class=\"wpcf7-form-control wpcf7-text wpcf7-validates-as-required\" autocomplete=\"name\" aria-required=\"true\" aria-invalid=\"false\" value=\"\" type=\"text\" name=\"your-name\" \/><\/span> <\/label>\n<\/p>\n<p><label> Adresa juaj e emailit<br \/>\n<span class=\"wpcf7-form-control-wrap\" data-name=\"your-email\"><input size=\"40\" maxlength=\"400\" class=\"wpcf7-form-control wpcf7-email wpcf7-validates-as-required wpcf7-text wpcf7-validates-as-email\" autocomplete=\"email\" aria-required=\"true\" aria-invalid=\"false\" value=\"\" type=\"email\" name=\"your-email\" \/><\/span> <\/label>\n<\/p>\n<p><label> Subjekti<br \/>\n<span class=\"wpcf7-form-control-wrap\" data-name=\"your-subject\"><input size=\"40\" maxlength=\"400\" class=\"wpcf7-form-control wpcf7-text wpcf7-validates-as-required\" aria-required=\"true\" aria-invalid=\"false\" value=\"\" type=\"text\" name=\"your-subject\" \/><\/span> <\/label>\n<\/p>\n<p><label> Mesazhi juaj (opsionale)<br \/>\n<span class=\"wpcf7-form-control-wrap\" data-name=\"your-message\"><textarea cols=\"40\" rows=\"10\" maxlength=\"2000\" class=\"wpcf7-form-control wpcf7-textarea\" aria-invalid=\"false\" name=\"your-message\"><\/textarea><\/span> <\/label>\n<\/p>\n<p><input class=\"wpcf7-form-control wpcf7-submit has-spinner\" type=\"submit\" value=\"D\u00ebrgo\" \/>\n<\/p><div class=\"wpcf7-response-output\" aria-hidden=\"true\"><\/div>\n<\/form>\n<\/div>\n\t\t\t\t<\/div>\n\t\t\t\t<\/div>\n\t\t\t\t<\/div>\n\t\t\t\t\t<\/div>\n\t\t\t\t<\/div>\n\t\t\t\t<\/div>\n\t\t","protected":false},"excerpt":{"rendered":"<p>P\u00ebr t\u00eb na kontaktuar, mund t\u00eb p\u00ebrdorni informacionin e adres\u00ebs son\u00eb ose formularin e kontaktit m\u00eb posht\u00eb. Resmak Industria e<\/p>\n","protected":false},"author":1,"featured_media":0,"parent":0,"menu_order":0,"comment_status":"closed","ping_status":"closed","template":"","meta":{"footnotes":""},"class_list":["post-22498","page","type-page","status-publish","hentry"],"yoast_head":"<!-- This site is optimized with the Yoast SEO Premium plugin v26.8 (Yoast SEO v26.8) - https:\/\/yoast.com\/product\/yoast-seo-premium-wordpress\/ -->\n<title>Komunikimi<\/title>\n<meta name=\"description\" content=\"Na vizitoni p\u00ebr t\u00eb na kontaktuar dhe p\u00ebr t\u00eb marr\u00eb informacion! Ne plot\u00ebsojm\u00eb nevojat e p\u00ebrdoruesve duke b\u00ebr\u00eb nj\u00eb ndryshim n\u00eb sektor me makina inovative.\" \/>\n<meta name=\"robots\" content=\"index, follow, max-snippet:-1, max-image-preview:large, max-video-preview:-1\" \/>\n<link rel=\"canonical\" href=\"https:\/\/resmak.com\/sq\/komunikimi\/\" \/>\n<meta property=\"og:locale\" content=\"sq_AL\" \/>\n<meta property=\"og:type\" content=\"article\" \/>\n<meta property=\"og:title\" content=\"Komunikimi - Resmak Tar\u0131m ve G\u0131da Makineleri\" \/>\n<meta property=\"og:description\" content=\"Na vizitoni p\u00ebr t\u00eb na kontaktuar dhe p\u00ebr t\u00eb marr\u00eb informacion! Ne plot\u00ebsojm\u00eb nevojat e p\u00ebrdoruesve duke b\u00ebr\u00eb nj\u00eb ndryshim n\u00eb sektor me makina inovative.\" \/>\n<meta property=\"og:url\" content=\"https:\/\/resmak.com\/sq\/komunikimi\/\" \/>\n<meta property=\"og:site_name\" content=\"Resmak Tar\u0131m ve G\u0131da Makineleri\" \/>\n<meta property=\"article:publisher\" content=\"https:\/\/www.facebook.com\/resmakco\" \/>\n<meta property=\"article:modified_time\" content=\"2025-05-02T21:42:34+00:00\" \/>\n<meta property=\"og:image\" content=\"https:\/\/resmak.com\/wp-content\/uploads\/2025\/02\/logo-3-e1740390149188-1219x800.png\" \/>\n<meta name=\"twitter:card\" content=\"summary_large_image\" \/>\n<meta name=\"twitter:title\" content=\"Komunikimi - Resmak Tar\u0131m ve G\u0131da Makineleri\" \/>\n<meta name=\"twitter:description\" content=\"Na vizitoni p\u00ebr t\u00eb na kontaktuar dhe p\u00ebr t\u00eb marr\u00eb informacion! Ne plot\u00ebsojm\u00eb nevojat e p\u00ebrdoruesve duke b\u00ebr\u00eb nj\u00eb ndryshim n\u00eb sektor me makina inovative.\" \/>\n<meta name=\"twitter:site\" content=\"@resmakco\" \/>\n<script type=\"application\/ld+json\" class=\"yoast-schema-graph\">{\"@context\":\"https:\/\/schema.org\",\"@graph\":[{\"@type\":\"WebPage\",\"@id\":\"https:\/\/resmak.com\/sq\/komunikimi\/\",\"url\":\"https:\/\/resmak.com\/sq\/komunikimi\/\",\"name\":\"Komunikimi\",\"isPartOf\":{\"@id\":\"https:\/\/resmak.com\/sq\/#website\"},\"datePublished\":\"2021-10-12T16:27:24+00:00\",\"dateModified\":\"2025-05-02T21:42:34+00:00\",\"description\":\"Na vizitoni p\u00ebr t\u00eb na kontaktuar dhe p\u00ebr t\u00eb marr\u00eb informacion! Ne plot\u00ebsojm\u00eb nevojat e p\u00ebrdoruesve duke b\u00ebr\u00eb nj\u00eb ndryshim n\u00eb sektor me makina inovative.\",\"breadcrumb\":{\"@id\":\"https:\/\/resmak.com\/sq\/komunikimi\/#breadcrumb\"},\"inLanguage\":\"sq-AL\",\"potentialAction\":[{\"@type\":\"ReadAction\",\"target\":[\"https:\/\/resmak.com\/sq\/komunikimi\/\"]}]},{\"@type\":\"BreadcrumbList\",\"@id\":\"https:\/\/resmak.com\/sq\/komunikimi\/#breadcrumb\",\"itemListElement\":[{\"@type\":\"ListItem\",\"position\":1,\"name\":\"Anasayfa\",\"item\":\"https:\/\/resmak.com\/sq\/\"},{\"@type\":\"ListItem\",\"position\":2,\"name\":\"Komunikimi\"}]},{\"@type\":\"WebSite\",\"@id\":\"https:\/\/resmak.com\/sq\/#website\",\"url\":\"https:\/\/resmak.com\/sq\/\",\"name\":\"Resmak Tar\u0131m ve G\u0131da Makineleri\",\"description\":\"\",\"publisher\":{\"@id\":\"https:\/\/resmak.com\/sq\/#organization\"},\"alternateName\":\"Resmak\",\"potentialAction\":[{\"@type\":\"SearchAction\",\"target\":{\"@type\":\"EntryPoint\",\"urlTemplate\":\"https:\/\/resmak.com\/sq\/?s={search_term_string}\"},\"query-input\":{\"@type\":\"PropertyValueSpecification\",\"valueRequired\":true,\"valueName\":\"search_term_string\"}}],\"inLanguage\":\"sq-AL\"},{\"@type\":\"Organization\",\"@id\":\"https:\/\/resmak.com\/sq\/#organization\",\"name\":\"Resmak Tar\u0131m ve G\u0131da Makineleri\",\"alternateName\":\"Resmak G\u0131da Makineleri\",\"url\":\"https:\/\/resmak.com\/sq\/\",\"logo\":{\"@type\":\"ImageObject\",\"inLanguage\":\"sq-AL\",\"@id\":\"https:\/\/resmak.com\/sq\/#\/schema\/logo\/image\/\",\"url\":\"https:\/\/resmak.com\/wp-content\/uploads\/2025\/02\/resmak-logo-3.jpg\",\"contentUrl\":\"https:\/\/resmak.com\/wp-content\/uploads\/2025\/02\/resmak-logo-3.jpg\",\"width\":696,\"height\":696,\"caption\":\"Resmak Tar\u0131m ve G\u0131da Makineleri\"},\"image\":{\"@id\":\"https:\/\/resmak.com\/sq\/#\/schema\/logo\/image\/\"},\"sameAs\":[\"https:\/\/www.facebook.com\/resmakco\",\"https:\/\/x.com\/resmakco\",\"https:\/\/www.instagram.com\/resmakco\/\",\"https:\/\/www.youtube.com\/@Resmakco\"],\"description\":\"Tar\u0131m ve g\u0131da i\u015fleme sekt\u00f6r\u00fcne yenilik\u00e7i, dayan\u0131kl\u0131 ve verimli makineler kazand\u0131ran Resmak, g\u00fc\u00e7l\u00fc m\u00fchendislik altyap\u0131s\u0131 ve m\u00fc\u015fteri odakl\u0131 yakla\u015f\u0131m\u0131yla sekt\u00f6rde fark yaratmaktad\u0131r. Kalite, g\u00fcvenilirlik ve m\u00fc\u015fteri memnuniyeti ilkelerini temel alarak, kullan\u0131c\u0131lar\u0131n ihtiya\u00e7lar\u0131na en uygun \u00e7\u00f6z\u00fcmleri sunuyoruz.\",\"email\":\"info@resmak.com\",\"telephone\":\"+905451202496\",\"legalName\":\"Resmak Tar\u0131m ve G\u0131da Makineleri San. Tic. Ltd. \u015eti.\",\"taxID\":\"7342825092\"}]}<\/script>\n<!-- \/ Yoast SEO Premium plugin. -->","yoast_head_json":{"title":"Komunikimi","description":"Na vizitoni p\u00ebr t\u00eb na kontaktuar dhe p\u00ebr t\u00eb marr\u00eb informacion! Ne plot\u00ebsojm\u00eb nevojat e p\u00ebrdoruesve duke b\u00ebr\u00eb nj\u00eb ndryshim n\u00eb sektor me makina inovative.","robots":{"index":"index","follow":"follow","max-snippet":"max-snippet:-1","max-image-preview":"max-image-preview:large","max-video-preview":"max-video-preview:-1"},"canonical":"https:\/\/resmak.com\/sq\/komunikimi\/","og_locale":"sq_AL","og_type":"article","og_title":"Komunikimi - Resmak Tar\u0131m ve G\u0131da Makineleri","og_description":"Na vizitoni p\u00ebr t\u00eb na kontaktuar dhe p\u00ebr t\u00eb marr\u00eb informacion! Ne plot\u00ebsojm\u00eb nevojat e p\u00ebrdoruesve duke b\u00ebr\u00eb nj\u00eb ndryshim n\u00eb sektor me makina inovative.","og_url":"https:\/\/resmak.com\/sq\/komunikimi\/","og_site_name":"Resmak Tar\u0131m ve G\u0131da Makineleri","article_publisher":"https:\/\/www.facebook.com\/resmakco","article_modified_time":"2025-05-02T21:42:34+00:00","og_image":[{"url":"https:\/\/resmak.com\/wp-content\/uploads\/2025\/02\/logo-3-e1740390149188-1219x800.png","type":"","width":"","height":""}],"twitter_card":"summary_large_image","twitter_title":"Komunikimi - Resmak Tar\u0131m ve G\u0131da Makineleri","twitter_description":"Na vizitoni p\u00ebr t\u00eb na kontaktuar dhe p\u00ebr t\u00eb marr\u00eb informacion! Ne plot\u00ebsojm\u00eb nevojat e p\u00ebrdoruesve duke b\u00ebr\u00eb nj\u00eb ndryshim n\u00eb sektor me makina inovative.","twitter_site":"@resmakco","schema":{"@context":"https:\/\/schema.org","@graph":[{"@type":"WebPage","@id":"https:\/\/resmak.com\/sq\/komunikimi\/","url":"https:\/\/resmak.com\/sq\/komunikimi\/","name":"Komunikimi","isPartOf":{"@id":"https:\/\/resmak.com\/sq\/#website"},"datePublished":"2021-10-12T16:27:24+00:00","dateModified":"2025-05-02T21:42:34+00:00","description":"Na vizitoni p\u00ebr t\u00eb na kontaktuar dhe p\u00ebr t\u00eb marr\u00eb informacion! Ne plot\u00ebsojm\u00eb nevojat e p\u00ebrdoruesve duke b\u00ebr\u00eb nj\u00eb ndryshim n\u00eb sektor me makina inovative.","breadcrumb":{"@id":"https:\/\/resmak.com\/sq\/komunikimi\/#breadcrumb"},"inLanguage":"sq-AL","potentialAction":[{"@type":"ReadAction","target":["https:\/\/resmak.com\/sq\/komunikimi\/"]}]},{"@type":"BreadcrumbList","@id":"https:\/\/resmak.com\/sq\/komunikimi\/#breadcrumb","itemListElement":[{"@type":"ListItem","position":1,"name":"Anasayfa","item":"https:\/\/resmak.com\/sq\/"},{"@type":"ListItem","position":2,"name":"Komunikimi"}]},{"@type":"WebSite","@id":"https:\/\/resmak.com\/sq\/#website","url":"https:\/\/resmak.com\/sq\/","name":"Resmak Tar\u0131m ve G\u0131da Makineleri","description":"","publisher":{"@id":"https:\/\/resmak.com\/sq\/#organization"},"alternateName":"Resmak","potentialAction":[{"@type":"SearchAction","target":{"@type":"EntryPoint","urlTemplate":"https:\/\/resmak.com\/sq\/?s={search_term_string}"},"query-input":{"@type":"PropertyValueSpecification","valueRequired":true,"valueName":"search_term_string"}}],"inLanguage":"sq-AL"},{"@type":"Organization","@id":"https:\/\/resmak.com\/sq\/#organization","name":"Resmak Tar\u0131m ve G\u0131da Makineleri","alternateName":"Resmak G\u0131da Makineleri","url":"https:\/\/resmak.com\/sq\/","logo":{"@type":"ImageObject","inLanguage":"sq-AL","@id":"https:\/\/resmak.com\/sq\/#\/schema\/logo\/image\/","url":"https:\/\/resmak.com\/wp-content\/uploads\/2025\/02\/resmak-logo-3.jpg","contentUrl":"https:\/\/resmak.com\/wp-content\/uploads\/2025\/02\/resmak-logo-3.jpg","width":696,"height":696,"caption":"Resmak Tar\u0131m ve G\u0131da Makineleri"},"image":{"@id":"https:\/\/resmak.com\/sq\/#\/schema\/logo\/image\/"},"sameAs":["https:\/\/www.facebook.com\/resmakco","https:\/\/x.com\/resmakco","https:\/\/www.instagram.com\/resmakco\/","https:\/\/www.youtube.com\/@Resmakco"],"description":"Tar\u0131m ve g\u0131da i\u015fleme sekt\u00f6r\u00fcne yenilik\u00e7i, dayan\u0131kl\u0131 ve verimli makineler kazand\u0131ran Resmak, g\u00fc\u00e7l\u00fc m\u00fchendislik altyap\u0131s\u0131 ve m\u00fc\u015fteri odakl\u0131 yakla\u015f\u0131m\u0131yla sekt\u00f6rde fark yaratmaktad\u0131r. Kalite, g\u00fcvenilirlik ve m\u00fc\u015fteri memnuniyeti ilkelerini temel alarak, kullan\u0131c\u0131lar\u0131n ihtiya\u00e7lar\u0131na en uygun \u00e7\u00f6z\u00fcmleri sunuyoruz.","email":"info@resmak.com","telephone":"+905451202496","legalName":"Resmak Tar\u0131m ve G\u0131da Makineleri San. Tic. Ltd. \u015eti.","taxID":"7342825092"}]}},"_links":{"self":[{"href":"https:\/\/resmak.com\/sq\/wp-json\/wp\/v2\/pages\/22498","targetHints":{"allow":["GET"]}}],"collection":[{"href":"https:\/\/resmak.com\/sq\/wp-json\/wp\/v2\/pages"}],"about":[{"href":"https:\/\/resmak.com\/sq\/wp-json\/wp\/v2\/types\/page"}],"author":[{"embeddable":true,"href":"https:\/\/resmak.com\/sq\/wp-json\/wp\/v2\/users\/1"}],"replies":[{"embeddable":true,"href":"https:\/\/resmak.com\/sq\/wp-json\/wp\/v2\/comments?post=22498"}],"version-history":[{"count":3,"href":"https:\/\/resmak.com\/sq\/wp-json\/wp\/v2\/pages\/22498\/revisions"}],"predecessor-version":[{"id":31285,"href":"https:\/\/resmak.com\/sq\/wp-json\/wp\/v2\/pages\/22498\/revisions\/31285"}],"wp:attachment":[{"href":"https:\/\/resmak.com\/sq\/wp-json\/wp\/v2\/media?parent=22498"}],"curies":[{"name":"wp","href":"https:\/\/api.w.org\/{rel}","templated":true}]}}