{"id":22499,"date":"2025-02-21T12:23:34","date_gmt":"2025-02-21T12:23:34","guid":{"rendered":"https:\/\/resmak.com\/kontrata-e-shitjes-ne-distance\/"},"modified":"2025-05-02T21:41:31","modified_gmt":"2025-05-02T21:41:31","slug":"kontrata-e-shitjes-ne-distance","status":"publish","type":"page","link":"https:\/\/resmak.com\/sq\/kontrata-e-shitjes-ne-distance\/","title":{"rendered":"Kontrata e shitjes n\u00eb distanc\u00eb"},"content":{"rendered":"\t\t<div data-elementor-type=\"wp-page\" data-elementor-id=\"22499\" class=\"elementor elementor-22499 elementor-16384\">\n\t\t\t\t<div class=\"wd-negative-gap elementor-element elementor-element-87907db e-flex e-con-boxed e-con e-parent\" data-id=\"87907db\" data-element_type=\"container\">\n\t\t\t\t\t<div class=\"e-con-inner\">\n\t\t\t\t<div class=\"elementor-element elementor-element-5106126 color-scheme-inherit text-left elementor-widget elementor-widget-text-editor\" data-id=\"5106126\" data-element_type=\"widget\" data-widget_type=\"text-editor.default\">\n\t\t\t\t<div class=\"elementor-widget-container\">\n\t\t\t\t\t\t\t\t\t<h2 class=\"wp-block-heading\">Kontrata e shitjes n\u00eb distanc\u00eb Resmak<\/h2><p><b>1. PARTIT\u00cb<\/b><br> Kjo marr\u00ebveshje e shitjes n\u00eb distanc\u00eb (\u201cMarr\u00ebveshja\u201d) \u00ebsht\u00eb krijuar n\u00eb m\u00ebnyr\u00eb elektronike nd\u00ebrmjet pal\u00ebve, informacioni i t\u00eb cilave jepet m\u00eb posht\u00eb.<\/p><p><b>Personi i shitjes:<\/b><br><b>Titulli:<\/b> Industria e Makinerive Bujq\u00ebsore Resmak. Tic Ltd. Sti.  <br><b>Adresa:<\/b> Ballkan Mh. Aydinlar Sk. Nr:14\/2 16240 Nilufer &#8211; Bursa  <br><b>Telefoni:<\/b> +90 545 120 24 96<br><b>Email:<\/b> info@resmak.com<\/p><p><b>Bler\u00ebsi:<\/b><br> (Emri, mbiemri\/titulli dhe informacioni i kontaktit t\u00eb konsumatorit do t\u00eb mblidhen n\u00eb momentin e porositjes.)<\/p><p><b>2. L\u00cbNDA E KONTRAT\u00cbS<\/b><br> Kjo kontrat\u00eb p\u00ebrcakton t\u00eb drejtat dhe detyrimet e pal\u00ebve n\u00eb lidhje me shitjen dhe dor\u00ebzimin e produktit\/sh\u00ebrbimit t\u00eb porositur elektronikisht nga Bler\u00ebsi n\u00ebp\u00ebrmjet [Emri i Faqes s\u00eb Internetit] t\u00eb Shit\u00ebsit, brenda fush\u00ebveprimit t\u00eb Ligjit Nr. 6502 p\u00ebr Mbrojtjen e Konsumatorit dhe Rregullores s\u00eb Kontratave n\u00eb Distanc\u00eb.<\/p><p><b>3. INFORMACION I PRODUKTIT\/SH\u00cbRBIMIT<\/b><br> Lloji, sasia, marka\/modeli, ngjyra, \u00e7mimi i shitjes duke p\u00ebrfshir\u00eb taksat dhe informacionin e pages\u00ebs s\u00eb produktit ose sh\u00ebrbimit t\u00eb bler\u00eb nga Bler\u00ebsi jan\u00eb si\u00e7 specifikohet n\u00eb momentin e porosis\u00eb.<\/p><p><b>4. \u00c7MIMI DHE KUSHTET E PAGES\u00cbS<\/b><br> \u00c7mimi i produktit\/sh\u00ebrbimit \u00ebsht\u00eb i specifikuar n\u00eb faqen e internetit dhe pagesa mund t\u00eb b\u00ebhet me kart\u00eb krediti, porosi parash\/EFT ose m\u00ebnyra t\u00eb tjera t\u00eb specifikuara pagese. Produkti\/sh\u00ebrbimi nuk do t\u00eb d\u00ebrgohet derisa t\u00eb p\u00ebrfundoj\u00eb pagesa. <\/p><p><b>5. KUSHTET E DOR\u00cbZIMIT<\/b><\/p><ul><li>Dor\u00ebzimi b\u00ebhet n\u00eb adres\u00ebn e specifikuar nga Bler\u00ebsi gjat\u00eb porosis\u00eb.<\/li><li>Koha e dor\u00ebzimit nuk do t\u00eb kaloj\u00eb 30 dit\u00eb n\u00ebse nuk p\u00ebrcaktohet ndryshe.<\/li><li>Produkti do t&#8217;i dor\u00ebzohet bler\u00ebsit n\u00ebp\u00ebrmjet kompanis\u00eb s\u00eb ngarkesave, dhe koha e dor\u00ebzimit varet nga kushtet e pun\u00ebs s\u00eb kompanis\u00eb s\u00eb ngarkesave.<\/li><\/ul><p><b>6. E DREJTA E T\u00cbRHEQJES<\/b><\/p><ul><li>Bler\u00ebsi ka t\u00eb drejt\u00eb t\u00eb t\u00ebrhiqet nga kontrata brenda 14 dit\u00ebve pa dh\u00ebn\u00eb asnj\u00eb arsye dhe pa paguar asnj\u00eb gjob\u00eb.<\/li><li>P\u00ebr t\u00eb ushtruar t\u00eb drejt\u00ebn e t\u00ebrheqjes, Bler\u00ebsi duhet t\u00eb njoftoj\u00eb me shkrim Shit\u00ebsin.<\/li><li>Produkti nuk duhet t\u00eb p\u00ebrdoret dhe duhet t\u00eb kthehet n\u00eb paketimin e tij origjinal p\u00ebrpara se t\u00eb skadoj\u00eb e drejta e t\u00ebrheqjes.<\/li><li>Kostoja e produkteve t\u00eb kthyera brenda fush\u00ebs s\u00eb t\u00eb drejt\u00ebs s\u00eb t\u00ebrheqjes do t&#8217;i kthehet bler\u00ebsit brenda 14 dit\u00ebve nga marrja e njoftimit p\u00ebr t\u00ebrheqje.<\/li><\/ul><p><b>7. KUSHTET E GARANCIONIT DHE KTHIMIT<\/b><\/p><ul><li>Produktet jan\u00eb t\u00eb garantuara p\u00ebr 2 vjet nga data e dor\u00ebzimit.<\/li><li>N\u00ebse zbulohet nj\u00eb defekt n\u00eb prodhim n\u00eb produkt, Bler\u00ebsi mund t\u00eb k\u00ebrkoj\u00eb nj\u00eb z\u00ebvend\u00ebsim ose rimbursim.<\/li><\/ul><p><b>8. ZGJIDHJA E MOSMARR\u00cbVESHJEVE<\/b><br> \u00c7do mosmarr\u00ebveshje q\u00eb mund t\u00eb lind\u00eb nd\u00ebrmjet pal\u00ebve do t\u00eb zgjidhet kryesisht p\u00ebrmes negociatave. N\u00ebse nuk mund t\u00eb arrihet nj\u00eb zgjidhje, Komitetet e Arbitrazhit t\u00eb Konsumatorit dhe Gjykatat e Konsumatorit n\u00eb vendbanimin e bler\u00ebsit jan\u00eb kompetente. <\/p><p><b>9. ZBATIMI<\/b><br> Bler\u00ebsi konsiderohet se i ka pranuar t\u00eb gjitha kushtet e k\u00ebsaj kontrate q\u00eb nga momenti kur ai\/ajo b\u00ebn nj\u00eb porosi.<\/p><p><b>Personi i shitjes:<\/b><br> Industria e Makinerive Bujq\u00ebsore Resmak. Tic Ltd. Sti.  <br><b>Bler\u00ebsi:<\/b><br> (T\u00eb konfirmohet nga konsumatori n\u00eb momentin e porosis\u00eb.)<\/p>\t\t\t\t\t\t\t\t<\/div>\n\t\t\t\t<\/div>\n\t\t\t\t\t<\/div>\n\t\t\t\t<\/div>\n\t\t\t\t<\/div>\n\t\t","protected":false},"excerpt":{"rendered":"<p>Kontrata e shitjes n\u00eb distanc\u00eb Resmak 1. PARTIT\u00cb Kjo marr\u00ebveshje e shitjes n\u00eb distanc\u00eb (\u201cMarr\u00ebveshja\u201d) \u00ebsht\u00eb krijuar n\u00eb m\u00ebnyr\u00eb elektronike<\/p>\n","protected":false},"author":1,"featured_media":0,"parent":0,"menu_order":0,"comment_status":"closed","ping_status":"closed","template":"","meta":{"footnotes":""},"class_list":["post-22499","page","type-page","status-publish","hentry"],"yoast_head":"<!-- This site is optimized with the Yoast SEO Premium plugin v26.8 (Yoast SEO v26.8) - https:\/\/yoast.com\/product\/yoast-seo-premium-wordpress\/ -->\n<title>Kontrata e shitjes n\u00eb distanc\u00eb<\/title>\n<meta name=\"robots\" content=\"index, follow, max-snippet:-1, max-image-preview:large, max-video-preview:-1\" \/>\n<link rel=\"canonical\" href=\"https:\/\/resmak.com\/sq\/kontrata-e-shitjes-ne-distance\/\" \/>\n<meta property=\"og:locale\" content=\"sq_AL\" \/>\n<meta property=\"og:type\" content=\"article\" \/>\n<meta property=\"og:title\" content=\"Kontrata e shitjes n\u00eb distanc\u00eb\" \/>\n<meta property=\"og:description\" content=\"Kontrata e shitjes n\u00eb distanc\u00eb Resmak 1. PARTIT\u00cb Kjo marr\u00ebveshje e shitjes n\u00eb distanc\u00eb (\u201cMarr\u00ebveshja\u201d) \u00ebsht\u00eb krijuar n\u00eb m\u00ebnyr\u00eb elektronike\" \/>\n<meta property=\"og:url\" content=\"https:\/\/resmak.com\/sq\/kontrata-e-shitjes-ne-distance\/\" \/>\n<meta property=\"og:site_name\" content=\"Resmak Tar\u0131m ve G\u0131da Makineleri\" \/>\n<meta property=\"article:publisher\" content=\"https:\/\/www.facebook.com\/resmakco\" \/>\n<meta property=\"article:modified_time\" content=\"2025-05-02T21:41:31+00:00\" \/>\n<meta name=\"twitter:card\" content=\"summary_large_image\" \/>\n<meta name=\"twitter:site\" content=\"@resmakco\" \/>\n<meta name=\"twitter:label1\" content=\"Est. reading time\" \/>\n\t<meta name=\"twitter:data1\" content=\"3 minutes\" \/>\n<script type=\"application\/ld+json\" class=\"yoast-schema-graph\">{\"@context\":\"https:\/\/schema.org\",\"@graph\":[{\"@type\":\"WebPage\",\"@id\":\"https:\/\/resmak.com\/sq\/kontrata-e-shitjes-ne-distance\/\",\"url\":\"https:\/\/resmak.com\/sq\/kontrata-e-shitjes-ne-distance\/\",\"name\":\"Kontrata e shitjes n\u00eb distanc\u00eb\",\"isPartOf\":{\"@id\":\"https:\/\/resmak.com\/sq\/#website\"},\"datePublished\":\"2025-02-21T12:23:34+00:00\",\"dateModified\":\"2025-05-02T21:41:31+00:00\",\"breadcrumb\":{\"@id\":\"https:\/\/resmak.com\/sq\/kontrata-e-shitjes-ne-distance\/#breadcrumb\"},\"inLanguage\":\"sq-AL\",\"potentialAction\":[{\"@type\":\"ReadAction\",\"target\":[\"https:\/\/resmak.com\/sq\/kontrata-e-shitjes-ne-distance\/\"]}]},{\"@type\":\"BreadcrumbList\",\"@id\":\"https:\/\/resmak.com\/sq\/kontrata-e-shitjes-ne-distance\/#breadcrumb\",\"itemListElement\":[{\"@type\":\"ListItem\",\"position\":1,\"name\":\"Anasayfa\",\"item\":\"https:\/\/resmak.com\/sq\/\"},{\"@type\":\"ListItem\",\"position\":2,\"name\":\"Kontrata e shitjes n\u00eb distanc\u00eb\"}]},{\"@type\":\"WebSite\",\"@id\":\"https:\/\/resmak.com\/sq\/#website\",\"url\":\"https:\/\/resmak.com\/sq\/\",\"name\":\"Resmak Tar\u0131m ve G\u0131da Makineleri\",\"description\":\"\",\"publisher\":{\"@id\":\"https:\/\/resmak.com\/sq\/#organization\"},\"alternateName\":\"Resmak\",\"potentialAction\":[{\"@type\":\"SearchAction\",\"target\":{\"@type\":\"EntryPoint\",\"urlTemplate\":\"https:\/\/resmak.com\/sq\/?s={search_term_string}\"},\"query-input\":{\"@type\":\"PropertyValueSpecification\",\"valueRequired\":true,\"valueName\":\"search_term_string\"}}],\"inLanguage\":\"sq-AL\"},{\"@type\":\"Organization\",\"@id\":\"https:\/\/resmak.com\/sq\/#organization\",\"name\":\"Resmak Tar\u0131m ve G\u0131da Makineleri\",\"alternateName\":\"Resmak G\u0131da Makineleri\",\"url\":\"https:\/\/resmak.com\/sq\/\",\"logo\":{\"@type\":\"ImageObject\",\"inLanguage\":\"sq-AL\",\"@id\":\"https:\/\/resmak.com\/sq\/#\/schema\/logo\/image\/\",\"url\":\"https:\/\/resmak.com\/wp-content\/uploads\/2025\/02\/resmak-logo-3.jpg\",\"contentUrl\":\"https:\/\/resmak.com\/wp-content\/uploads\/2025\/02\/resmak-logo-3.jpg\",\"width\":696,\"height\":696,\"caption\":\"Resmak Tar\u0131m ve G\u0131da Makineleri\"},\"image\":{\"@id\":\"https:\/\/resmak.com\/sq\/#\/schema\/logo\/image\/\"},\"sameAs\":[\"https:\/\/www.facebook.com\/resmakco\",\"https:\/\/x.com\/resmakco\",\"https:\/\/www.instagram.com\/resmakco\/\",\"https:\/\/www.youtube.com\/@Resmakco\"],\"description\":\"Tar\u0131m ve g\u0131da i\u015fleme sekt\u00f6r\u00fcne yenilik\u00e7i, dayan\u0131kl\u0131 ve verimli makineler kazand\u0131ran Resmak, g\u00fc\u00e7l\u00fc m\u00fchendislik altyap\u0131s\u0131 ve m\u00fc\u015fteri odakl\u0131 yakla\u015f\u0131m\u0131yla sekt\u00f6rde fark yaratmaktad\u0131r. Kalite, g\u00fcvenilirlik ve m\u00fc\u015fteri memnuniyeti ilkelerini temel alarak, kullan\u0131c\u0131lar\u0131n ihtiya\u00e7lar\u0131na en uygun \u00e7\u00f6z\u00fcmleri sunuyoruz.\",\"email\":\"info@resmak.com\",\"telephone\":\"+905451202496\",\"legalName\":\"Resmak Tar\u0131m ve G\u0131da Makineleri San. Tic. Ltd. \u015eti.\",\"taxID\":\"7342825092\"}]}<\/script>\n<!-- \/ Yoast SEO Premium plugin. -->","yoast_head_json":{"title":"Kontrata e shitjes n\u00eb distanc\u00eb","robots":{"index":"index","follow":"follow","max-snippet":"max-snippet:-1","max-image-preview":"max-image-preview:large","max-video-preview":"max-video-preview:-1"},"canonical":"https:\/\/resmak.com\/sq\/kontrata-e-shitjes-ne-distance\/","og_locale":"sq_AL","og_type":"article","og_title":"Kontrata e shitjes n\u00eb distanc\u00eb","og_description":"Kontrata e shitjes n\u00eb distanc\u00eb Resmak 1. PARTIT\u00cb Kjo marr\u00ebveshje e shitjes n\u00eb distanc\u00eb (\u201cMarr\u00ebveshja\u201d) \u00ebsht\u00eb krijuar n\u00eb m\u00ebnyr\u00eb elektronike","og_url":"https:\/\/resmak.com\/sq\/kontrata-e-shitjes-ne-distance\/","og_site_name":"Resmak Tar\u0131m ve G\u0131da Makineleri","article_publisher":"https:\/\/www.facebook.com\/resmakco","article_modified_time":"2025-05-02T21:41:31+00:00","twitter_card":"summary_large_image","twitter_site":"@resmakco","twitter_misc":{"Est. reading time":"3 minutes"},"schema":{"@context":"https:\/\/schema.org","@graph":[{"@type":"WebPage","@id":"https:\/\/resmak.com\/sq\/kontrata-e-shitjes-ne-distance\/","url":"https:\/\/resmak.com\/sq\/kontrata-e-shitjes-ne-distance\/","name":"Kontrata e shitjes n\u00eb distanc\u00eb","isPartOf":{"@id":"https:\/\/resmak.com\/sq\/#website"},"datePublished":"2025-02-21T12:23:34+00:00","dateModified":"2025-05-02T21:41:31+00:00","breadcrumb":{"@id":"https:\/\/resmak.com\/sq\/kontrata-e-shitjes-ne-distance\/#breadcrumb"},"inLanguage":"sq-AL","potentialAction":[{"@type":"ReadAction","target":["https:\/\/resmak.com\/sq\/kontrata-e-shitjes-ne-distance\/"]}]},{"@type":"BreadcrumbList","@id":"https:\/\/resmak.com\/sq\/kontrata-e-shitjes-ne-distance\/#breadcrumb","itemListElement":[{"@type":"ListItem","position":1,"name":"Anasayfa","item":"https:\/\/resmak.com\/sq\/"},{"@type":"ListItem","position":2,"name":"Kontrata e shitjes n\u00eb distanc\u00eb"}]},{"@type":"WebSite","@id":"https:\/\/resmak.com\/sq\/#website","url":"https:\/\/resmak.com\/sq\/","name":"Resmak Tar\u0131m ve G\u0131da Makineleri","description":"","publisher":{"@id":"https:\/\/resmak.com\/sq\/#organization"},"alternateName":"Resmak","potentialAction":[{"@type":"SearchAction","target":{"@type":"EntryPoint","urlTemplate":"https:\/\/resmak.com\/sq\/?s={search_term_string}"},"query-input":{"@type":"PropertyValueSpecification","valueRequired":true,"valueName":"search_term_string"}}],"inLanguage":"sq-AL"},{"@type":"Organization","@id":"https:\/\/resmak.com\/sq\/#organization","name":"Resmak Tar\u0131m ve G\u0131da Makineleri","alternateName":"Resmak G\u0131da Makineleri","url":"https:\/\/resmak.com\/sq\/","logo":{"@type":"ImageObject","inLanguage":"sq-AL","@id":"https:\/\/resmak.com\/sq\/#\/schema\/logo\/image\/","url":"https:\/\/resmak.com\/wp-content\/uploads\/2025\/02\/resmak-logo-3.jpg","contentUrl":"https:\/\/resmak.com\/wp-content\/uploads\/2025\/02\/resmak-logo-3.jpg","width":696,"height":696,"caption":"Resmak Tar\u0131m ve G\u0131da Makineleri"},"image":{"@id":"https:\/\/resmak.com\/sq\/#\/schema\/logo\/image\/"},"sameAs":["https:\/\/www.facebook.com\/resmakco","https:\/\/x.com\/resmakco","https:\/\/www.instagram.com\/resmakco\/","https:\/\/www.youtube.com\/@Resmakco"],"description":"Tar\u0131m ve g\u0131da i\u015fleme sekt\u00f6r\u00fcne yenilik\u00e7i, dayan\u0131kl\u0131 ve verimli makineler kazand\u0131ran Resmak, g\u00fc\u00e7l\u00fc m\u00fchendislik altyap\u0131s\u0131 ve m\u00fc\u015fteri odakl\u0131 yakla\u015f\u0131m\u0131yla sekt\u00f6rde fark yaratmaktad\u0131r. Kalite, g\u00fcvenilirlik ve m\u00fc\u015fteri memnuniyeti ilkelerini temel alarak, kullan\u0131c\u0131lar\u0131n ihtiya\u00e7lar\u0131na en uygun \u00e7\u00f6z\u00fcmleri sunuyoruz.","email":"info@resmak.com","telephone":"+905451202496","legalName":"Resmak Tar\u0131m ve G\u0131da Makineleri San. Tic. Ltd. \u015eti.","taxID":"7342825092"}]}},"_links":{"self":[{"href":"https:\/\/resmak.com\/sq\/wp-json\/wp\/v2\/pages\/22499","targetHints":{"allow":["GET"]}}],"collection":[{"href":"https:\/\/resmak.com\/sq\/wp-json\/wp\/v2\/pages"}],"about":[{"href":"https:\/\/resmak.com\/sq\/wp-json\/wp\/v2\/types\/page"}],"author":[{"embeddable":true,"href":"https:\/\/resmak.com\/sq\/wp-json\/wp\/v2\/users\/1"}],"replies":[{"embeddable":true,"href":"https:\/\/resmak.com\/sq\/wp-json\/wp\/v2\/comments?post=22499"}],"version-history":[{"count":2,"href":"https:\/\/resmak.com\/sq\/wp-json\/wp\/v2\/pages\/22499\/revisions"}],"predecessor-version":[{"id":31256,"href":"https:\/\/resmak.com\/sq\/wp-json\/wp\/v2\/pages\/22499\/revisions\/31256"}],"wp:attachment":[{"href":"https:\/\/resmak.com\/sq\/wp-json\/wp\/v2\/media?parent=22499"}],"curies":[{"name":"wp","href":"https:\/\/api.w.org\/{rel}","templated":true}]}}