{"id":22703,"date":"2021-10-12T15:51:09","date_gmt":"2021-10-12T15:51:09","guid":{"rendered":"https:\/\/resmak.com\/rreth-nesh\/"},"modified":"2025-05-02T21:42:43","modified_gmt":"2025-05-02T21:42:43","slug":"rreth-nesh","status":"publish","type":"page","link":"https:\/\/resmak.com\/sq\/rreth-nesh\/","title":{"rendered":"Rreth Nesh"},"content":{"rendered":"\t\t<div data-elementor-type=\"wp-page\" data-elementor-id=\"22703\" class=\"elementor elementor-22703 elementor-4400\">\n\t\t\t\t<div class=\"wd-negative-gap elementor-element elementor-element-7c7c544 e-flex e-con-boxed e-con e-parent\" data-id=\"7c7c544\" data-element_type=\"container\">\n\t\t\t\t\t<div class=\"e-con-inner\">\n\t\t<div class=\"elementor-element elementor-element-e7cb5cd e-con-full e-flex e-con e-child\" data-id=\"e7cb5cd\" data-element_type=\"container\">\n\t\t\t\t<div class=\"elementor-element elementor-element-6369e04 color-scheme-inherit text-left elementor-widget elementor-widget-text-editor\" data-id=\"6369e04\" data-element_type=\"widget\" data-widget_type=\"text-editor.default\">\n\t\t\t\t<div class=\"elementor-widget-container\">\n\t\t\t\t\t\t\t\t\t<iframe src=\"https:\/\/www.google.com\/maps\/embed?pb=!1m18!1m12!1m3!1d3046.3378705499917!2d28.80155671132491!3d40.22378937135219!2m3!1f0!2f0!3f0!3m2!1i1024!2i768!4f13.1!3m3!1m2!1s0x14ca3f20afbfe295%3A0xea53042a44850996!2sResmak%20Tar%C4%B1m%20ve%20G%C4%B1da%20Makineleri!5e0!3m2!1str!2str!4v1740473051376!5m2!1str!2str\" width=\"100%\" height=\"450\" style=\"border:0;\" allowfullscreen=\"\" loading=\"lazy\" referrerpolicy=\"no-referrer-when-downgrade\"><\/iframe>\t\t\t\t\t\t\t\t<\/div>\n\t\t\t\t<\/div>\n\t\t\t\t<\/div>\n\t\t<div class=\"elementor-element elementor-element-97d6084 e-con-full e-flex e-con e-child\" data-id=\"97d6084\" data-element_type=\"container\">\n\t\t\t\t<div class=\"elementor-element elementor-element-98d830b wd-width-100 elementor-widget elementor-widget-wd_title\" data-id=\"98d830b\" data-element_type=\"widget\" data-widget_type=\"wd_title.default\">\n\t\t\t\t<div class=\"elementor-widget-container\">\n\t\t\t\t\t\t\t<div class=\"title-wrapper wd-set-mb reset-last-child wd-title-color-primary wd-title-style-default wd-title-size-large text-left\">\n\n\t\t\t\t\t\t\t\t\t\t\t<div class=\"title-subtitle subtitle-color-primary subtitle-style-default wd-fontsize-xs\">\n\t\t\t\t\tP\u00cbR NE\t\t\t\t<\/div>\n\t\t\t\n\t\t\t<div class=\"liner-continer\">\n\t\t\t\t<h4 class=\"woodmart-title-container title wd-fontsize-xxl\">Resmak \u2013 Partneri juaj i besuesh\u00ebm i zgjidhjeve n\u00eb bujq\u00ebsi dhe teknologjit\u00eb e p\u00ebrpunimit t\u00eb ushqimit<\/h4> \n\t\t\t\t\t\t\t<\/div>\n\n\t\t\t\t\t<\/div>\n\t\t\t\t\t\t<\/div>\n\t\t\t\t<\/div>\n\t\t\t\t<div class=\"elementor-element elementor-element-66e47ad elementor-widget elementor-widget-wd_text_block\" data-id=\"66e47ad\" data-element_type=\"widget\" data-widget_type=\"wd_text_block.default\">\n\t\t\t\t<div class=\"elementor-widget-container\">\n\t\t\t\t\t\t\t<div class=\"wd-text-block reset-last-child text-left\">\n\t\t\t\n\t\t\t<p class=\"p1\">Resmak i ofron sektorit p\u00ebrvoj\u00ebn e tij 25 vje\u00e7are t\u00eb prodhimit t\u00eb makinerive me makinerit\u00eb bujq\u00ebsore dhe ushqimore q\u00eb po zhvillon prej 11 vitesh. Kompania jon\u00eb ofron zgjidhje t\u00eb sigurta p\u00ebr fermer\u00ebt dhe industrin\u00eb ushqimore duke prodhuar makinerit\u00eb m\u00eb t\u00eb p\u00ebrshtatshme p\u00ebr nevojat e bujq\u00ebsis\u00eb, duke p\u00ebrdorur njohurit\u00eb dhe p\u00ebrvoj\u00ebn e fituar nd\u00ebr vite. <\/p>\n\t\t\t\t\t<\/div>\n\t\t\t\t\t\t<\/div>\n\t\t\t\t<\/div>\n\t\t\t\t<\/div>\n\t\t\t\t\t<\/div>\n\t\t\t\t<\/div>\n\t\t<div class=\"wd-negative-gap elementor-element elementor-element-8481c26 e-flex e-con-boxed e-con e-parent\" data-id=\"8481c26\" data-element_type=\"container\">\n\t\t\t\t\t<div class=\"e-con-inner\">\n\t\t\t\t<div class=\"elementor-element elementor-element-d66a211 wd-width-100 elementor-widget elementor-widget-wd_title\" data-id=\"d66a211\" data-element_type=\"widget\" data-widget_type=\"wd_title.default\">\n\t\t\t\t<div class=\"elementor-widget-container\">\n\t\t\t\t\t\t\t<div class=\"title-wrapper wd-set-mb reset-last-child wd-title-color-primary wd-title-style-default wd-title-size-large text-left\">\n\n\t\t\t\n\t\t\t<div class=\"liner-continer\">\n\t\t\t\t<h4 class=\"woodmart-title-container title wd-fontsize-xxl\">Fuqia e shum\u00eb viteve n\u00eb p\u00ebrpunim<\/h4> \n\t\t\t\t\t\t\t<\/div>\n\n\t\t\t\t\t\t\t<div class=\"title-after_title reset-last-child wd-fontsize-s\">\n\t\t\t\t\t<p>Pas prodhimit t\u00eb makinerive n\u00eb sektor\u00eb t\u00eb ndrysh\u00ebm p\u00ebr shum\u00eb vite, marka jon\u00eb \u00ebsht\u00eb fokusuar n\u00eb makineri bujq\u00ebsore dhe ushqimore p\u00ebr 11 vitet e fundit dhe ka filluar t\u00eb zhvilloj\u00eb zgjidhjet m\u00eb t\u00eb mira q\u00eb fermer\u00ebt dhe prodhuesit t\u00eb punojn\u00eb n\u00eb m\u00ebnyr\u00eb m\u00eb efikase. N\u00eb rrug\u00ebtimin ton\u00eb n\u00eb fush\u00ebn e makinerive bujq\u00ebsore dhe ushqimore, ne gjithmon\u00eb kemi nd\u00ebrmarr\u00eb hapa p\u00ebr t\u00eb prodhuar makineri m\u00eb t\u00eb q\u00ebndrueshme, m\u00eb t\u00eb fuqishme dhe efikase. <\/p>\t\t\t\t<\/div>\n\t\t\t\t\t<\/div>\n\t\t\t\t\t\t<\/div>\n\t\t\t\t<\/div>\n\t\t\t\t\t<\/div>\n\t\t\t\t<\/div>\n\t\t<div class=\"wd-negative-gap elementor-element elementor-element-8915eeb e-flex e-con-boxed e-con e-parent\" data-id=\"8915eeb\" data-element_type=\"container\">\n\t\t\t\t\t<div class=\"e-con-inner\">\n\t\t\t\t<div class=\"elementor-element elementor-element-2c35581 wd-width-100 elementor-widget elementor-widget-wd_title\" data-id=\"2c35581\" data-element_type=\"widget\" data-widget_type=\"wd_title.default\">\n\t\t\t\t<div class=\"elementor-widget-container\">\n\t\t\t\t\t\t\t<div class=\"title-wrapper wd-set-mb reset-last-child wd-title-color-primary wd-title-style-default wd-title-size-large text-left\">\n\n\t\t\t\n\t\t\t<div class=\"liner-continer\">\n\t\t\t\t<h4 class=\"woodmart-title-container title wd-fontsize-xxl\">Zgjidhje q\u00eb kuptojn\u00eb nevojat e fermer\u00ebve dhe prodhuesve<\/h4> \n\t\t\t\t\t\t\t<\/div>\n\n\t\t\t\t\t\t\t<div class=\"title-after_title reset-last-child wd-fontsize-s\">\n\t\t\t\t\t<p>Secila nga makinerit\u00eb tona prodhohet me dizajne dhe teknologji q\u00eb synojn\u00eb t\u00eb leht\u00ebsojn\u00eb pun\u00ebn e p\u00ebrditshme t\u00eb prodhuesve dhe fermer\u00ebve. Efikasiteti, p\u00ebrdorimi afatgjat\u00eb dhe prakticiteti jan\u00eb tiparet baz\u00eb t\u00eb makinerive q\u00eb prodhojm\u00eb. Si nj\u00eb ekip i p\u00ebrkushtuar ndaj prodhimit, ne synojm\u00eb t\u00eb jemi gjithmon\u00eb me prodhues dhe fermer\u00eb t\u00eb vegj\u00ebl dhe t\u00eb m\u00ebdhenj dhe t'u ofrojm\u00eb atyre sh\u00ebrbimin m\u00eb t\u00eb mir\u00eb.  <\/p>\t\t\t\t<\/div>\n\t\t\t\t\t<\/div>\n\t\t\t\t\t\t<\/div>\n\t\t\t\t<\/div>\n\t\t\t\t\t<\/div>\n\t\t\t\t<\/div>\n\t\t<div class=\"wd-negative-gap elementor-element elementor-element-99ab376 e-flex e-con-boxed e-con e-parent\" data-id=\"99ab376\" data-element_type=\"container\">\n\t\t\t\t\t<div class=\"e-con-inner\">\n\t\t\t\t<div class=\"elementor-element elementor-element-0482367 wd-width-100 elementor-widget elementor-widget-wd_title\" data-id=\"0482367\" data-element_type=\"widget\" data-widget_type=\"wd_title.default\">\n\t\t\t\t<div class=\"elementor-widget-container\">\n\t\t\t\t\t\t\t<div class=\"title-wrapper wd-set-mb reset-last-child wd-title-color-primary wd-title-style-default wd-title-size-large text-left\">\n\n\t\t\t\n\t\t\t<div class=\"liner-continer\">\n\t\t\t\t<h4 class=\"woodmart-title-container title wd-fontsize-xxl\">K\u00ebnaq\u00ebsia dhe besimi i klientit \u00ebsht\u00eb prioriteti yn\u00eb<\/h4> \n\t\t\t\t\t\t\t<\/div>\n\n\t\t\t\t\t\t\t<div class=\"title-after_title reset-last-child wd-fontsize-s\">\n\t\t\t\t\tP\u00ebr ne nuk mjafton vet\u00ebm prodhimi i makinerive; Prioriteti yn\u00eb kryesor \u00ebsht\u00eb t\u00eb leht\u00ebsojm\u00eb proceset e biznesit t\u00eb klient\u00ebve tan\u00eb dhe t\u00eb rrisim efikasitetin e tyre. P\u00ebr k\u00ebt\u00eb arsye, ne maksimizojm\u00eb k\u00ebnaq\u00ebsin\u00eb e klientit duke ofruar sh\u00ebrbime konsulence ekspert\u00ebsh p\u00ebrpara shitjes dhe mb\u00ebshtetje t\u00eb shpejt\u00eb teknike dhe furnizim me pjes\u00eb k\u00ebmbimi pas shitjes.<br \/>\n Ne synojm\u00eb t\u00eb krijojm\u00eb nj\u00eb partneritet afatgjat\u00eb biznesi me secilin prej klient\u00ebve tan\u00eb dhe t\u00eb zhvillojm\u00eb zgjidhje t\u00eb personalizuara t\u00eb p\u00ebrshtatura p\u00ebr nevojat e tyre. Ne jemi krenar\u00eb q\u00eb jemi me ju n\u00eb \u00e7do koh\u00eb me rrjetin ton\u00eb t\u00eb fort\u00eb t\u00eb sh\u00ebrbimit dhe ekipin teknik me p\u00ebrvoj\u00eb.  \t\t\t\t<\/div>\n\t\t\t\t\t<\/div>\n\t\t\t\t\t\t<\/div>\n\t\t\t\t<\/div>\n\t\t\t\t\t<\/div>\n\t\t\t\t<\/div>\n\t\t<div class=\"wd-negative-gap elementor-element elementor-element-0aaf669 wd-section-stretch e-flex e-con-boxed e-con e-parent\" data-id=\"0aaf669\" data-element_type=\"container\" data-settings=\"{&quot;background_background&quot;:&quot;classic&quot;}\">\n\t\t\t\t\t<div class=\"e-con-inner\">\n\t\t<div class=\"elementor-element elementor-element-49529c7 color-scheme-light e-con-full e-flex e-con e-child\" data-id=\"49529c7\" data-element_type=\"container\">\n\t\t\t\t<div class=\"elementor-element elementor-element-95c7bfa wd-width-100 elementor-widget elementor-widget-wd_title\" data-id=\"95c7bfa\" data-element_type=\"widget\" data-widget_type=\"wd_title.default\">\n\t\t\t\t<div class=\"elementor-widget-container\">\n\t\t\t\t\t\t\t<div class=\"title-wrapper wd-set-mb reset-last-child wd-title-color-primary wd-title-style-default wd-title-size-large text-left\">\n\n\t\t\t\t\t\t\t\t\t\t\t<div class=\"title-subtitle subtitle-color-primary subtitle-style-default wd-fontsize-xs\">\n\t\t\t\t\tQ\u00cb Q\u00cb 2019\t\t\t\t<\/div>\n\t\t\t\n\t\t\t<div class=\"liner-continer\">\n\t\t\t\t<h4 class=\"woodmart-title-container title wd-fontsize-xxl\">NE PO RRITET EKSPONENCIALE CDO VIT!<\/h4> \n\t\t\t\t\t\t\t<\/div>\n\n\t\t\t\t\t<\/div>\n\t\t\t\t\t\t<\/div>\n\t\t\t\t<\/div>\n\t\t\t\t<\/div>\n\t\t<div class=\"elementor-element elementor-element-112f98a e-con-full e-flex e-con e-child\" data-id=\"112f98a\" data-element_type=\"container\">\n\t\t<div class=\"elementor-element elementor-element-48c7dd1 e-con-full e-flex e-con e-child\" data-id=\"48c7dd1\" data-element_type=\"container\">\n\t\t<div class=\"elementor-element elementor-element-54eb2d3 e-con-full e-flex e-con e-child\" data-id=\"54eb2d3\" data-element_type=\"container\">\n\t\t\t\t<div class=\"elementor-element elementor-element-14ff076 elementor-widget elementor-widget-wd_counter\" data-id=\"14ff076\" data-element_type=\"widget\" data-widget_type=\"wd_counter.default\">\n\t\t\t\t<div class=\"elementor-widget-container\">\n\t\t\t\t\t\t\t<div class=\"woodmart-counter counter-large text-center color-scheme-light\">\n\t\t\t<div class=\"counter-value\" data-state=\"new\" data-final=\"50000\">\n\t\t\t\t0\t\t\t<\/div>\n\n\t\t\t\t\t\t\t<div class=\"counter-label\">\n\t\t\t\t\tKLIENT I GEZUAR\t\t\t\t<\/div>\n\t\t\t\t\t<\/div>\n\t\t\t\t\t\t<\/div>\n\t\t\t\t<\/div>\n\t\t\t\t<\/div>\n\t\t<div class=\"elementor-element elementor-element-668ca24 e-con-full e-flex e-con e-child\" data-id=\"668ca24\" data-element_type=\"container\">\n\t\t\t\t<div class=\"elementor-element elementor-element-da35035 elementor-widget elementor-widget-wd_counter\" data-id=\"da35035\" data-element_type=\"widget\" data-widget_type=\"wd_counter.default\">\n\t\t\t\t<div class=\"elementor-widget-container\">\n\t\t\t\t\t\t\t<div class=\"woodmart-counter counter-large text-center color-scheme-light\">\n\t\t\t<div class=\"counter-value\" data-state=\"new\" data-final=\"145\">\n\t\t\t\t0\t\t\t<\/div>\n\n\t\t\t\t\t\t\t<div class=\"counter-label\">\n\t\t\t\t\tDILERI\t\t\t\t<\/div>\n\t\t\t\t\t<\/div>\n\t\t\t\t\t\t<\/div>\n\t\t\t\t<\/div>\n\t\t\t\t<\/div>\n\t\t\t\t<\/div>\n\t\t<div class=\"elementor-element elementor-element-6b5c35a e-con-full e-flex e-con e-child\" data-id=\"6b5c35a\" data-element_type=\"container\">\n\t\t<div class=\"elementor-element elementor-element-214e692 e-con-full e-flex e-con e-child\" data-id=\"214e692\" data-element_type=\"container\">\n\t\t\t\t<div class=\"elementor-element elementor-element-168ddab elementor-widget elementor-widget-wd_counter\" data-id=\"168ddab\" data-element_type=\"widget\" data-widget_type=\"wd_counter.default\">\n\t\t\t\t<div class=\"elementor-widget-container\">\n\t\t\t\t\t\t\t<div class=\"woodmart-counter counter-large text-center color-scheme-light\">\n\t\t\t<div class=\"counter-value\" data-state=\"new\" data-final=\"42\">\n\t\t\t\t0\t\t\t<\/div>\n\n\t\t\t\t\t\t\t<div class=\"counter-label\">\n\t\t\t\t\tKOLEGJI\t\t\t\t<\/div>\n\t\t\t\t\t<\/div>\n\t\t\t\t\t\t<\/div>\n\t\t\t\t<\/div>\n\t\t\t\t<\/div>\n\t\t<div class=\"elementor-element elementor-element-214de82 e-con-full e-flex e-con e-child\" data-id=\"214de82\" data-element_type=\"container\">\n\t\t\t\t<div class=\"elementor-element elementor-element-3444280 elementor-widget elementor-widget-wd_counter\" data-id=\"3444280\" data-element_type=\"widget\" data-widget_type=\"wd_counter.default\">\n\t\t\t\t<div class=\"elementor-widget-container\">\n\t\t\t\t\t\t\t<div class=\"woodmart-counter counter-large text-center color-scheme-light\">\n\t\t\t<div class=\"counter-value\" data-state=\"new\" data-final=\"27\">\n\t\t\t\t0\t\t\t<\/div>\n\n\t\t\t\t\t\t\t<div class=\"counter-label\">\n\t\t\t\t\tEKSPORT N\u00cb VEND\t\t\t\t<\/div>\n\t\t\t\t\t<\/div>\n\t\t\t\t\t\t<\/div>\n\t\t\t\t<\/div>\n\t\t\t\t<\/div>\n\t\t\t\t<\/div>\n\t\t\t\t<\/div>\n\t\t\t\t\t<\/div>\n\t\t\t\t<\/div>\n\t\t<div class=\"wd-negative-gap elementor-element elementor-element-6234e96 e-flex e-con-boxed e-con e-parent\" data-id=\"6234e96\" data-element_type=\"container\">\n\t\t\t\t\t<div class=\"e-con-inner\">\n\t\t\t\t<div class=\"elementor-element elementor-element-6955ff2 wd-width-100 elementor-widget elementor-widget-wd_title\" data-id=\"6955ff2\" data-element_type=\"widget\" data-widget_type=\"wd_title.default\">\n\t\t\t\t<div class=\"elementor-widget-container\">\n\t\t\t\t\t\t\t<div class=\"title-wrapper wd-set-mb reset-last-child wd-title-color-primary wd-title-style-default wd-title-size-large text-center\">\n\n\t\t\t\n\t\t\t<div class=\"liner-continer\">\n\t\t\t\t<h4 class=\"woodmart-title-container title wd-fontsize-xxl\">Rritni fuqin\u00eb tuaj me Resmak, Investoni n\u00eb t\u00eb Ardhmen!<\/h4> \n\t\t\t\t\t\t\t<\/div>\n\n\t\t\t\t\t\t\t<div class=\"title-after_title reset-last-child wd-fontsize-s\">\n\t\t\t\t\tBesojini Resmak p\u00ebr t\u00eb rritur biznesin tuaj me makineri cil\u00ebsore, t\u00eb q\u00ebndrueshme dhe efikase!<br \/>\nNa kontaktoni p\u00ebr m\u00eb shum\u00eb informacion dhe p\u00ebr t\u00eb ekzaminuar produktet tona.\t\t\t\t<\/div>\n\t\t\t\t\t<\/div>\n\t\t\t\t\t\t<\/div>\n\t\t\t\t<\/div>\n\t\t\t\t\t<\/div>\n\t\t\t\t<\/div>\n\t\t\t\t<\/div>\n\t\t","protected":false},"excerpt":{"rendered":"<p>P\u00cbR NE Resmak \u2013 Partneri juaj i besuesh\u00ebm i zgjidhjeve n\u00eb bujq\u00ebsi dhe teknologjit\u00eb e p\u00ebrpunimit t\u00eb ushqimit Resmak i<\/p>\n","protected":false},"author":1,"featured_media":0,"parent":0,"menu_order":0,"comment_status":"closed","ping_status":"closed","template":"","meta":{"footnotes":""},"class_list":["post-22703","page","type-page","status-publish","hentry"],"yoast_head":"<!-- This site is optimized with the Yoast SEO Premium plugin v26.8 (Yoast SEO v26.8) - https:\/\/yoast.com\/product\/yoast-seo-premium-wordpress\/ -->\n<title>Rreth Nesh<\/title>\n<meta name=\"description\" content=\"Ne plot\u00ebsojm\u00eb nevojat e p\u00ebrdoruesve duke b\u00ebr\u00eb nj\u00eb ndryshim n\u00eb sektor me makina inovative. Na vizitoni p\u00ebr t\u00eb m\u00ebsuar m\u00eb shum\u00eb rreth nesh!\" \/>\n<meta name=\"robots\" content=\"index, follow, max-snippet:-1, max-image-preview:large, max-video-preview:-1\" \/>\n<link rel=\"canonical\" href=\"https:\/\/resmak.com\/sq\/rreth-nesh\/\" \/>\n<meta property=\"og:locale\" content=\"sq_AL\" \/>\n<meta property=\"og:type\" content=\"article\" \/>\n<meta property=\"og:title\" content=\"Rreth Nesh - Resmak Tar\u0131m ve G\u0131da Makineleri\" \/>\n<meta property=\"og:description\" content=\"Ne plot\u00ebsojm\u00eb nevojat e p\u00ebrdoruesve duke b\u00ebr\u00eb nj\u00eb ndryshim n\u00eb sektor me makina inovative. Na vizitoni p\u00ebr t\u00eb m\u00ebsuar m\u00eb shum\u00eb rreth nesh!\" \/>\n<meta property=\"og:url\" content=\"https:\/\/resmak.com\/sq\/rreth-nesh\/\" \/>\n<meta property=\"og:site_name\" content=\"Resmak Tar\u0131m ve G\u0131da Makineleri\" \/>\n<meta property=\"article:publisher\" content=\"https:\/\/www.facebook.com\/resmakco\" \/>\n<meta property=\"article:modified_time\" content=\"2025-05-02T21:42:43+00:00\" \/>\n<meta property=\"og:image\" content=\"https:\/\/resmak.com\/wp-content\/uploads\/2025\/02\/logo-3-e1740390149188-1219x800.png\" \/>\n<meta name=\"twitter:card\" content=\"summary_large_image\" \/>\n<meta name=\"twitter:title\" content=\"Rreth Nesh - Resmak Tar\u0131m ve G\u0131da Makineleri\" \/>\n<meta name=\"twitter:description\" content=\"Ne plot\u00ebsojm\u00eb nevojat e p\u00ebrdoruesve duke b\u00ebr\u00eb nj\u00eb ndryshim n\u00eb sektor me makina inovative. Na vizitoni p\u00ebr t\u00eb m\u00ebsuar m\u00eb shum\u00eb rreth nesh!\" \/>\n<meta name=\"twitter:site\" content=\"@resmakco\" \/>\n<meta name=\"twitter:label1\" content=\"Est. reading time\" \/>\n\t<meta name=\"twitter:data1\" content=\"2 minutes\" \/>\n<script type=\"application\/ld+json\" class=\"yoast-schema-graph\">{\"@context\":\"https:\/\/schema.org\",\"@graph\":[{\"@type\":\"WebPage\",\"@id\":\"https:\/\/resmak.com\/sq\/rreth-nesh\/\",\"url\":\"https:\/\/resmak.com\/sq\/rreth-nesh\/\",\"name\":\"Rreth Nesh\",\"isPartOf\":{\"@id\":\"https:\/\/resmak.com\/sq\/#website\"},\"datePublished\":\"2021-10-12T15:51:09+00:00\",\"dateModified\":\"2025-05-02T21:42:43+00:00\",\"description\":\"Ne plot\u00ebsojm\u00eb nevojat e p\u00ebrdoruesve duke b\u00ebr\u00eb nj\u00eb ndryshim n\u00eb sektor me makina inovative. Na vizitoni p\u00ebr t\u00eb m\u00ebsuar m\u00eb shum\u00eb rreth nesh!\",\"breadcrumb\":{\"@id\":\"https:\/\/resmak.com\/sq\/rreth-nesh\/#breadcrumb\"},\"inLanguage\":\"sq-AL\",\"potentialAction\":[{\"@type\":\"ReadAction\",\"target\":[\"https:\/\/resmak.com\/sq\/rreth-nesh\/\"]}]},{\"@type\":\"BreadcrumbList\",\"@id\":\"https:\/\/resmak.com\/sq\/rreth-nesh\/#breadcrumb\",\"itemListElement\":[{\"@type\":\"ListItem\",\"position\":1,\"name\":\"Anasayfa\",\"item\":\"https:\/\/resmak.com\/sq\/\"},{\"@type\":\"ListItem\",\"position\":2,\"name\":\"Rreth Nesh\"}]},{\"@type\":\"WebSite\",\"@id\":\"https:\/\/resmak.com\/sq\/#website\",\"url\":\"https:\/\/resmak.com\/sq\/\",\"name\":\"Resmak Tar\u0131m ve G\u0131da Makineleri\",\"description\":\"\",\"publisher\":{\"@id\":\"https:\/\/resmak.com\/sq\/#organization\"},\"alternateName\":\"Resmak\",\"potentialAction\":[{\"@type\":\"SearchAction\",\"target\":{\"@type\":\"EntryPoint\",\"urlTemplate\":\"https:\/\/resmak.com\/sq\/?s={search_term_string}\"},\"query-input\":{\"@type\":\"PropertyValueSpecification\",\"valueRequired\":true,\"valueName\":\"search_term_string\"}}],\"inLanguage\":\"sq-AL\"},{\"@type\":\"Organization\",\"@id\":\"https:\/\/resmak.com\/sq\/#organization\",\"name\":\"Resmak Tar\u0131m ve G\u0131da Makineleri\",\"alternateName\":\"Resmak G\u0131da Makineleri\",\"url\":\"https:\/\/resmak.com\/sq\/\",\"logo\":{\"@type\":\"ImageObject\",\"inLanguage\":\"sq-AL\",\"@id\":\"https:\/\/resmak.com\/sq\/#\/schema\/logo\/image\/\",\"url\":\"https:\/\/resmak.com\/wp-content\/uploads\/2025\/02\/resmak-logo-3.jpg\",\"contentUrl\":\"https:\/\/resmak.com\/wp-content\/uploads\/2025\/02\/resmak-logo-3.jpg\",\"width\":696,\"height\":696,\"caption\":\"Resmak Tar\u0131m ve G\u0131da Makineleri\"},\"image\":{\"@id\":\"https:\/\/resmak.com\/sq\/#\/schema\/logo\/image\/\"},\"sameAs\":[\"https:\/\/www.facebook.com\/resmakco\",\"https:\/\/x.com\/resmakco\",\"https:\/\/www.instagram.com\/resmakco\/\",\"https:\/\/www.youtube.com\/@Resmakco\"],\"description\":\"Tar\u0131m ve g\u0131da i\u015fleme sekt\u00f6r\u00fcne yenilik\u00e7i, dayan\u0131kl\u0131 ve verimli makineler kazand\u0131ran Resmak, g\u00fc\u00e7l\u00fc m\u00fchendislik altyap\u0131s\u0131 ve m\u00fc\u015fteri odakl\u0131 yakla\u015f\u0131m\u0131yla sekt\u00f6rde fark yaratmaktad\u0131r. Kalite, g\u00fcvenilirlik ve m\u00fc\u015fteri memnuniyeti ilkelerini temel alarak, kullan\u0131c\u0131lar\u0131n ihtiya\u00e7lar\u0131na en uygun \u00e7\u00f6z\u00fcmleri sunuyoruz.\",\"email\":\"info@resmak.com\",\"telephone\":\"+905451202496\",\"legalName\":\"Resmak Tar\u0131m ve G\u0131da Makineleri San. Tic. Ltd. \u015eti.\",\"taxID\":\"7342825092\"}]}<\/script>\n<!-- \/ Yoast SEO Premium plugin. -->","yoast_head_json":{"title":"Rreth Nesh","description":"Ne plot\u00ebsojm\u00eb nevojat e p\u00ebrdoruesve duke b\u00ebr\u00eb nj\u00eb ndryshim n\u00eb sektor me makina inovative. Na vizitoni p\u00ebr t\u00eb m\u00ebsuar m\u00eb shum\u00eb rreth nesh!","robots":{"index":"index","follow":"follow","max-snippet":"max-snippet:-1","max-image-preview":"max-image-preview:large","max-video-preview":"max-video-preview:-1"},"canonical":"https:\/\/resmak.com\/sq\/rreth-nesh\/","og_locale":"sq_AL","og_type":"article","og_title":"Rreth Nesh - Resmak Tar\u0131m ve G\u0131da Makineleri","og_description":"Ne plot\u00ebsojm\u00eb nevojat e p\u00ebrdoruesve duke b\u00ebr\u00eb nj\u00eb ndryshim n\u00eb sektor me makina inovative. Na vizitoni p\u00ebr t\u00eb m\u00ebsuar m\u00eb shum\u00eb rreth nesh!","og_url":"https:\/\/resmak.com\/sq\/rreth-nesh\/","og_site_name":"Resmak Tar\u0131m ve G\u0131da Makineleri","article_publisher":"https:\/\/www.facebook.com\/resmakco","article_modified_time":"2025-05-02T21:42:43+00:00","og_image":[{"url":"https:\/\/resmak.com\/wp-content\/uploads\/2025\/02\/logo-3-e1740390149188-1219x800.png","type":"","width":"","height":""}],"twitter_card":"summary_large_image","twitter_title":"Rreth Nesh - Resmak Tar\u0131m ve G\u0131da Makineleri","twitter_description":"Ne plot\u00ebsojm\u00eb nevojat e p\u00ebrdoruesve duke b\u00ebr\u00eb nj\u00eb ndryshim n\u00eb sektor me makina inovative. Na vizitoni p\u00ebr t\u00eb m\u00ebsuar m\u00eb shum\u00eb rreth nesh!","twitter_site":"@resmakco","twitter_misc":{"Est. reading time":"2 minutes"},"schema":{"@context":"https:\/\/schema.org","@graph":[{"@type":"WebPage","@id":"https:\/\/resmak.com\/sq\/rreth-nesh\/","url":"https:\/\/resmak.com\/sq\/rreth-nesh\/","name":"Rreth Nesh","isPartOf":{"@id":"https:\/\/resmak.com\/sq\/#website"},"datePublished":"2021-10-12T15:51:09+00:00","dateModified":"2025-05-02T21:42:43+00:00","description":"Ne plot\u00ebsojm\u00eb nevojat e p\u00ebrdoruesve duke b\u00ebr\u00eb nj\u00eb ndryshim n\u00eb sektor me makina inovative. Na vizitoni p\u00ebr t\u00eb m\u00ebsuar m\u00eb shum\u00eb rreth nesh!","breadcrumb":{"@id":"https:\/\/resmak.com\/sq\/rreth-nesh\/#breadcrumb"},"inLanguage":"sq-AL","potentialAction":[{"@type":"ReadAction","target":["https:\/\/resmak.com\/sq\/rreth-nesh\/"]}]},{"@type":"BreadcrumbList","@id":"https:\/\/resmak.com\/sq\/rreth-nesh\/#breadcrumb","itemListElement":[{"@type":"ListItem","position":1,"name":"Anasayfa","item":"https:\/\/resmak.com\/sq\/"},{"@type":"ListItem","position":2,"name":"Rreth Nesh"}]},{"@type":"WebSite","@id":"https:\/\/resmak.com\/sq\/#website","url":"https:\/\/resmak.com\/sq\/","name":"Resmak Tar\u0131m ve G\u0131da Makineleri","description":"","publisher":{"@id":"https:\/\/resmak.com\/sq\/#organization"},"alternateName":"Resmak","potentialAction":[{"@type":"SearchAction","target":{"@type":"EntryPoint","urlTemplate":"https:\/\/resmak.com\/sq\/?s={search_term_string}"},"query-input":{"@type":"PropertyValueSpecification","valueRequired":true,"valueName":"search_term_string"}}],"inLanguage":"sq-AL"},{"@type":"Organization","@id":"https:\/\/resmak.com\/sq\/#organization","name":"Resmak Tar\u0131m ve G\u0131da Makineleri","alternateName":"Resmak G\u0131da Makineleri","url":"https:\/\/resmak.com\/sq\/","logo":{"@type":"ImageObject","inLanguage":"sq-AL","@id":"https:\/\/resmak.com\/sq\/#\/schema\/logo\/image\/","url":"https:\/\/resmak.com\/wp-content\/uploads\/2025\/02\/resmak-logo-3.jpg","contentUrl":"https:\/\/resmak.com\/wp-content\/uploads\/2025\/02\/resmak-logo-3.jpg","width":696,"height":696,"caption":"Resmak Tar\u0131m ve G\u0131da Makineleri"},"image":{"@id":"https:\/\/resmak.com\/sq\/#\/schema\/logo\/image\/"},"sameAs":["https:\/\/www.facebook.com\/resmakco","https:\/\/x.com\/resmakco","https:\/\/www.instagram.com\/resmakco\/","https:\/\/www.youtube.com\/@Resmakco"],"description":"Tar\u0131m ve g\u0131da i\u015fleme sekt\u00f6r\u00fcne yenilik\u00e7i, dayan\u0131kl\u0131 ve verimli makineler kazand\u0131ran Resmak, g\u00fc\u00e7l\u00fc m\u00fchendislik altyap\u0131s\u0131 ve m\u00fc\u015fteri odakl\u0131 yakla\u015f\u0131m\u0131yla sekt\u00f6rde fark yaratmaktad\u0131r. Kalite, g\u00fcvenilirlik ve m\u00fc\u015fteri memnuniyeti ilkelerini temel alarak, kullan\u0131c\u0131lar\u0131n ihtiya\u00e7lar\u0131na en uygun \u00e7\u00f6z\u00fcmleri sunuyoruz.","email":"info@resmak.com","telephone":"+905451202496","legalName":"Resmak Tar\u0131m ve G\u0131da Makineleri San. Tic. Ltd. \u015eti.","taxID":"7342825092"}]}},"_links":{"self":[{"href":"https:\/\/resmak.com\/sq\/wp-json\/wp\/v2\/pages\/22703","targetHints":{"allow":["GET"]}}],"collection":[{"href":"https:\/\/resmak.com\/sq\/wp-json\/wp\/v2\/pages"}],"about":[{"href":"https:\/\/resmak.com\/sq\/wp-json\/wp\/v2\/types\/page"}],"author":[{"embeddable":true,"href":"https:\/\/resmak.com\/sq\/wp-json\/wp\/v2\/users\/1"}],"replies":[{"embeddable":true,"href":"https:\/\/resmak.com\/sq\/wp-json\/wp\/v2\/comments?post=22703"}],"version-history":[{"count":2,"href":"https:\/\/resmak.com\/sq\/wp-json\/wp\/v2\/pages\/22703\/revisions"}],"predecessor-version":[{"id":26846,"href":"https:\/\/resmak.com\/sq\/wp-json\/wp\/v2\/pages\/22703\/revisions\/26846"}],"wp:attachment":[{"href":"https:\/\/resmak.com\/sq\/wp-json\/wp\/v2\/media?parent=22703"}],"curies":[{"name":"wp","href":"https:\/\/api.w.org\/{rel}","templated":true}]}}